{"id":10170,"date":"2017-03-24T20:31:41","date_gmt":"2017-03-24T19:31:41","guid":{"rendered":"http:\/\/www.vuesdenface.com\/web\/?page_id=10170"},"modified":"2018-02-27T21:13:29","modified_gmt":"2018-02-27T20:13:29","slug":"edition-17","status":"publish","type":"page","link":"https:\/\/www.vuesdenface.com\/web\/edition\/edition-17\/","title":{"rendered":"\u00c9dition 17 \u2022 \u00c9ditorial"},"content":{"rendered":"<h3><img decoding=\"async\" class=\"alignleft size-medium wp-image-10217\" src=\"http:\/\/www.vuesdenface.com\/web\/wp-content\/uploads\/2016\/10\/Affiche_Vuesdenface_17-212x300.png\" alt=\"\" width=\"200\" height=\"auto\" srcset=\"https:\/\/www.vuesdenface.com\/web\/wp-content\/uploads\/2016\/10\/Affiche_Vuesdenface_17-212x300.png 212w, https:\/\/www.vuesdenface.com\/web\/wp-content\/uploads\/2016\/10\/Affiche_Vuesdenface_17-223x315.png 223w, https:\/\/www.vuesdenface.com\/web\/wp-content\/uploads\/2016\/10\/Affiche_Vuesdenface_17-724x1024.png 724w, https:\/\/www.vuesdenface.com\/web\/wp-content\/uploads\/2016\/10\/Affiche_Vuesdenface_17-600x849.png 600w, https:\/\/www.vuesdenface.com\/web\/wp-content\/uploads\/2016\/10\/Affiche_Vuesdenface_17-148x210.png 148w\" sizes=\"(max-width: 212px) 100vw, 212px\" \/>Partageons un moment de cin\u00e9ma.<\/h3>\n<p>C\u2019est avec une passion et un engagement sans failles que l\u2019\u00e9quipe de Vues d\u2019en Face a organis\u00e9 pour vous cette \u00e9dition 2017. Vous nous avez suivis depuis octobre lors de nos s\u00e9ances d\u2019en Face et votre fid\u00e9lit\u00e9 nous fait chaud au coeur.<br \/>\nAvril 2017 va \u00eatre l\u2019occasion de nous retrouver plus longuement et d\u2019accueillir un large public autour d\u2019une superbe s\u00e9lection venue des quatre coins du monde. Fictions, documentaires, courts m\u00e9trages, USA, Allemagne, Br\u00e9sil, Islande mais aussi Chine, Su\u00e8de ou Mont\u00e9n\u00e9gro\u2026 les regards sont multiples et nous en apprennent un peu plus sur l\u2019humanit\u00e9 et les codes culturels de chaque soci\u00e9t\u00e9. Des visions de l\u2019autre et de la diff\u00e9rence \u00e0 d\u00e9crypter, analyser, combattre, voire des exemples o\u00f9 puiser pour s\u2019engager.<br \/>\nLa programmation des films au cin\u00e9ma Le Club du 5 au 9 avril sera pr\u00e9c\u00e9d\u00e9e fin mars d\u2019une lecture de L\u2019Apprentissage de Jean-Luc Lagarce, \u00e9crivain et homme de th\u00e9\u00e2tre magnifique, mort du sida en 1995, et de deux projections, \u00e0 la biblioth\u00e8que Kateb Yacine et \u00e0 L\u2019ESAD. Elle sera accompagn\u00e9e \u00e0 l\u2019atelier du 8 d\u2019une exposition de photographies de V\u00e9ronique Serre \u00ab\u2009MToMe\u2009\u00bb, mettant en sc\u00e8ne\u00a0 Val\u00e9rie, femme transgenre. Et enfin suivront deux\u00a0 s\u00e9ances en partenariat, avec le Cin\u00e9-club o\u00f9 un film culte vous attend et avec la biblioth\u00e8que centre-ville qui accueillera pour l\u2019occasion une superbe avant-premi\u00e8re.<br \/>\nLe Festival parlera d\u2019amour et de bonheur mais aussi des difficult\u00e9s \u00e0 grandir, diff\u00e9rent, \u00e0 vivre, autre, de l\u2019enfance \u00e0 l\u2019adolescence, de la construction d\u2019une famille \u00e0 la r\u00e9alisation de ses r\u00eaves. Il nous dira la pression \u00e9crasante de la soci\u00e9t\u00e9 et des parents mais en m\u00eame temps le combat men\u00e9 partout pour s\u2019en lib\u00e9rer. Vision politique aussi, certains films m\u00ealent avec pertinence conditions sociales et discrimination sexuelle, abordant notamment le th\u00e8me de l\u2019immigration d\u2019un regard incisif et d\u00e9rangeant. Des images rageuses, tendres, violentes, belles\u2026dr\u00f4les, c\u2019est tout cela Vues d\u2019en Face 2017. Et on voudra retenir, dans un contexte inqui\u00e9tant, ce p\u00e8re magnifique qui se bat pour sauver son fils ou encore ces gar\u00e7ons sublimes qui dansent dans la nuit.<br \/>\nEt puisque l\u2019on parle de danse, il ne faudra surtout pas oublier de venir faire la f\u00eate avec nous \u00e0 La Bobine pour clore une \u00e9dition 2017 qui, nous l\u2019esp\u00e9rons, aura tenu toutes ses promesses.<\/p>\n<p style=\"text-align: right;\">Bon Festival \u00e0 tous et \u00e0 toutes !<br \/>\nL\u2019\u00e9quipe de Vues d\u2019en Face<\/p>\n<div id=\"rubrique-documents\"><div class=\"rubrique\"><div class=\"rubrique-icone\"><i class=\"fa fa-star-o fa-lg\"><\/i><\/div><div class=\"rubrique-texte\">Catalogue de l'\u00e9dition 17<br><\/div><hr><\/div><figure class=\"grille-vignettes\"><a href=\"https:\/\/www.vuesdenface.com\/web\/wp-content\/uploads\/2017\/03\/catalogue_VDEF_2017.pdf\"><img loading=\"lazy\" decoding=\"async\" src=\"https:\/\/www.vuesdenface.com\/web\/wp-content\/vignettes-vdef\/2017\/03\/100x150\/catalogue_VDEF_2017-100x150.jpg\" width=\"100\" height=\"150\" class=\"photo-film\" alt=\"\" rel=\"\" title=\"\u00c9dition 17 \u2022 \u00c9ditorial\"><\/a><figcaption><a href=\"https:\/\/www.vuesdenface.com\/web\/wp-content\/uploads\/2017\/03\/catalogue_VDEF_2017.pdf\">\u00c9dition 17 \u2022 \u00c9ditorial&nbsp;&nbsp;&nbsp;&nbsp;&nbsp;<\/a><br\/>(pdf de 15.53 Mo)&nbsp;&nbsp;&nbsp;&nbsp;<\/figcaption><\/figure><\/div><div class=\"clear\"><\/br><\/div>\n<div class=\"rubrique\"><div class=\"rubrique-icone\"><i class=\"fa fa-file-text-o fa-lg\"><\/i><\/div><div class=\"rubrique-texte\">Quelques articles<br><\/div><hr><\/div><ul><li><a href=\"https:\/\/www.vuesdenface.com\/web\/edition\/edition-17\/\">Un Bacio<\/a><\/li><li><a href=\"https:\/\/www.vuesdenface.com\/web\/edition\/edition-17\/\">Soir\u00e9e de cl\u00f4ture<\/a><\/li><li><a href=\"https:\/\/www.vuesdenface.com\/web\/edition\/edition-17\/\">Les larmes am\u00e8res de Petra von Kant<\/a><\/li><li><a href=\"https:\/\/www.vuesdenface.com\/web\/edition\/edition-17\/\">Sorci\u00e8res, mes s\u0153urs<\/a><\/li><li><a href=\"https:\/\/www.vuesdenface.com\/web\/edition\/edition-17\/\">Court Toujours II<\/a><\/li><li><a href=\"https:\/\/www.vuesdenface.com\/web\/edition\/edition-17\/\">Center of my world<\/a><\/li><li><a href=\"https:\/\/www.vuesdenface.com\/web\/edition\/edition-17\/\">Awol<\/a><\/li><li><a href=\"https:\/\/www.vuesdenface.com\/web\/edition\/edition-17\/\">Heartstone<\/a><\/li><li><a href=\"https:\/\/www.vuesdenface.com\/web\/edition\/edition-17\/\">Celles et ceux qui ont os\u00e9<\/a><\/li><li><a href=\"https:\/\/www.vuesdenface.com\/web\/edition\/edition-17\/\">Court Toujours I<\/a><\/li><li><a href=\"https:\/\/www.vuesdenface.com\/web\/edition\/edition-17\/\">Gender troubles : the butches & Like other girls<\/a><\/li><li><a href=\"https:\/\/www.vuesdenface.com\/web\/edition\/edition-17\/\">Rara<\/a><\/li><li><a href=\"https:\/\/www.vuesdenface.com\/web\/edition\/edition-17\/\">Where are you going habibi<\/a><\/li><li><a href=\"https:\/\/www.vuesdenface.com\/web\/edition\/edition-17\/\">Fronteras<\/a><\/li><li><a href=\"https:\/\/www.vuesdenface.com\/web\/edition\/edition-17\/\">Kiki<\/a><\/li><li><a href=\"https:\/\/www.vuesdenface.com\/web\/edition\/edition-17\/\">Women Who kill<\/a><\/li><li><a href=\"https:\/\/www.vuesdenface.com\/web\/edition\/edition-17\/\">Inside the chinese closet<\/a><\/li><li><a href=\"https:\/\/www.vuesdenface.com\/web\/edition\/edition-17\/\">Soir\u00e9e d'ouverture<\/a><\/li><li><a href=\"https:\/\/www.vuesdenface.com\/web\/edition\/edition-17\/\">Le dernier voyage de Madame Phung<\/a><\/li><li><a href=\"https:\/\/www.vuesdenface.com\/web\/edition\/edition-17\/\">L'apprentissage<\/a><\/li><li><a href=\"https:\/\/www.vuesdenface.com\/web\/edition\/edition-17\/\">Le chanteur<\/a><\/li><li><a href=\"https:\/\/www.vuesdenface.com\/web\/edition\/edition-17\/\">Sortie du catalogue<\/a><\/li><li><a href=\"https:\/\/www.vuesdenface.com\/web\/edition\/edition-17\/\">La s\u00e9ance d'en face #6 \u2022 Brother And Sister<\/a><\/li><li><a href=\"https:\/\/www.vuesdenface.com\/web\/edition\/edition-17\/\">La s\u00e9ance d'en face #5 \u2022 Esteros<\/a><\/li><li><a href=\"https:\/\/www.vuesdenface.com\/web\/edition\/edition-17\/\">S\u00e9ance partenaire avec le festival Ojo Loco \u2022 Tattoo \u2022 Gratuit<\/a><\/li><li><a href=\"https:\/\/www.vuesdenface.com\/web\/edition\/edition-17\/\">La s\u00e9ance d'en face #4 \u2022 Les vies de Th\u00e9r\u00e8se<\/a><\/li><\/ul>\n<div class=\"rubrique\"><div class=\"rubrique-icone\"><i class=\"fa fa-film fa-lg\"><\/i><\/div><div class=\"rubrique-texte\">Clip de l'\u00e9dition 17<br><\/div><hr><\/div>\n<iframe loading=\"lazy\" src=\"https:\/\/player.vimeo.com\/video\/208861124\" width=\"640\" height=\"360\" frameborder=\"0\" webkitallowfullscreen mozallowfullscreen allowfullscreen><\/iframe>\n<hr>\n","protected":false},"excerpt":{"rendered":"<p>Partageons un moment de cin\u00e9ma. C\u2019est avec une passion et un engagement sans failles que l\u2019\u00e9quipe de Vues d\u2019en Face a organis\u00e9 pour vous cette \u00e9dition 2017. Vous nous avez suivis depuis octobre lors de nos s\u00e9ances d\u2019en Face et votre fid\u00e9lit\u00e9 nous fait chaud au coeur. Avril 2017 va \u00eatre l\u2019occasion de nous retrouver &hellip; <a class=\"readmore\" href=\"https:\/\/www.vuesdenface.com\/web\/edition\/edition-17\/\">Continuer la lecture &rarr;<\/a><\/p>\n","protected":false},"author":7,"featured_media":0,"parent":888,"menu_order":0,"comment_status":"closed","ping_status":"closed","template":"","meta":{"footnotes":""},"class_list":["post-10170","page","type-page","status-publish","hentry"],"_links":{"self":[{"href":"https:\/\/www.vuesdenface.com\/web\/wp-json\/wp\/v2\/pages\/10170","targetHints":{"allow":["GET"]}}],"collection":[{"href":"https:\/\/www.vuesdenface.com\/web\/wp-json\/wp\/v2\/pages"}],"about":[{"href":"https:\/\/www.vuesdenface.com\/web\/wp-json\/wp\/v2\/types\/page"}],"author":[{"embeddable":true,"href":"https:\/\/www.vuesdenface.com\/web\/wp-json\/wp\/v2\/users\/7"}],"replies":[{"embeddable":true,"href":"https:\/\/www.vuesdenface.com\/web\/wp-json\/wp\/v2\/comments?post=10170"}],"version-history":[{"count":10,"href":"https:\/\/www.vuesdenface.com\/web\/wp-json\/wp\/v2\/pages\/10170\/revisions"}],"predecessor-version":[{"id":11321,"href":"https:\/\/www.vuesdenface.com\/web\/wp-json\/wp\/v2\/pages\/10170\/revisions\/11321"}],"up":[{"embeddable":true,"href":"https:\/\/www.vuesdenface.com\/web\/wp-json\/wp\/v2\/pages\/888"}],"wp:attachment":[{"href":"https:\/\/www.vuesdenface.com\/web\/wp-json\/wp\/v2\/media?parent=10170"}],"curies":[{"name":"wp","href":"https:\/\/api.w.org\/{rel}","templated":true}]}}