{"id":10177,"date":"2017-03-25T12:25:22","date_gmt":"2017-03-25T11:25:22","guid":{"rendered":"http:\/\/www.vuesdenface.com\/web\/?page_id=10177"},"modified":"2017-03-25T14:44:54","modified_gmt":"2017-03-25T13:44:54","slug":"informations-pratiques-2017","status":"publish","type":"page","link":"https:\/\/www.vuesdenface.com\/web\/edition\/edition-17\/informations-pratiques-2017\/","title":{"rendered":"Informations pratiques"},"content":{"rendered":"<p>Les s\u00e9ances de cin\u00e9ma ont lieu dans la salle 1 du cin\u00e9ma LE CLUB au 9 bis rue du Phalanst\u00e8re \u00e0 Grenoble<\/p>\n<div class=\"rubrique\"><div class=\"rubrique-icone\"><i class=\"fa fa-film fa-lg\"><\/i><\/div><div class=\"rubrique-texte\">Places de cin\u00e9ma \u00e0 l'unit\u00e9<br><\/div><hr><\/div>\nPlein tarif : 6,40 \u20ac la s\u00e9ance.<br \/>\nTarif \u00e9tudiants et retrait\u00e9s : 5,70 \u20ac<br \/>\nTarif demandeurs d\u2019emploi et RSA : 5 \u20ac<br \/>\nsur pr\u00e9sentation d\u2019un justificatif<\/p>\n<p>Tarif unique Lecture : 8 \u20ac<br \/>\nTarif unique Carte blanche : 2 \u20ac<\/p>\n<p>Soir\u00e9e de cl\u00f4ture : prix libre.<\/p>\n<p>&nbsp;<\/p>\n<div class=\"rubrique\"><div class=\"rubrique-icone\"><i class=\"fa fa-star-o fa-lg\"><\/i><\/div><div class=\"rubrique-texte\">Carte 6 s\u00e9nces<br><\/div><hr><\/div>\nCette CARTE est un achat group\u00e9 de 6 entr\u00e9es offrant une tarification pr\u00e9f\u00e9rentielle.<\/p>\n<p>Tarif CARTE 6 S\u00c9ANCES : 33 \u20ac<\/p>\n<p>Elle est valable :<br \/>\n\u2022 Pour DEUX PERSONNES maximum par s\u00e9ance.<br \/>\n\u2022 \u00e0 toutes les s\u00e9ances de cin\u00e9ma du Festival au cin\u00e9ma Le Club.<\/p>\n<p>R\u00e9servations avec la Carte 6 s\u00e9ances (la r\u00e9servation d&rsquo;une s\u00e9ance n\u2019est pas automatique) :<br \/>\n\u2022 Faites-en la demande lors de l\u2019achat de la carte pour obtenir le(s) billet(s),<br \/>\n\u2022 Retirez ult\u00e9rieurement le(s) billet(s) pour la s\u00e9ance souhait\u00e9e aux heures d\u2019ouverture des caisses du Festival (dans la limite des places disponibles).<\/p>\n<p>&nbsp;<\/p>\n<div class=\"rubrique\"><div class=\"rubrique-icone\"><i class=\"fa fa-star-o fa-lg\"><\/i><\/div><div class=\"rubrique-texte\">Malins<br><\/div><hr><\/div>\nFacilitez votre passage en caisse en indiquant le nombre de places des films d\u00e9sir\u00e9s dans la grille de r\u00e9servation en page centrale du catalogue.<\/p>\n<p>\u00e9vitez-vous une longue attente en caisse:<br \/>\n\u2022 Acheter vos places \u00e0 l\u2019avance les jours pr\u00e9c\u00e9dant la s\u00e9ance en p\u00e9riodes creuses.<br \/>\n\u2022 R\u00e9servez vos places sur Internet puis retirer-les \u00e0 la caisse r\u00e9servations.<\/p>\n<p>&nbsp;<\/p>\n<div class=\"rubrique\"><div class=\"rubrique-icone\"><i class=\"fa fa-star-o fa-lg\"><\/i><\/div><div class=\"rubrique-texte\">Billeterie<br><\/div><hr><\/div>\n<p>CAISSES :<br \/>\nPour les s\u00e9ances de cin\u00e9ma, les caisses seront ouvertes dans la SALLE 6 du Cin\u00e9ma LE CLUB, 8 rue des Bons Enfants :<br \/>\n\u2022\u00a0\u00a0 \u00a0Mercredi 5 Avril de 18h \u00e0 20h,<br \/>\n\u2022\u00a0\u00a0 \u00a0Jeudi 6 et vendredi 7 de 18h \u00e0 22h<br \/>\n\u2022\u00a0\u00a0 \u00a0Samedi 8 et dimanche 9 de 13h \u00e0 21h<\/p>\n<p>Pour la lecture th\u00e9\u00e2trale, la Caisse sera ouverte \u00e0 l\u2019atelier du 8 au 2 rue Bank :<br \/>\n\u2022 Vendredi 31 mars de 18h30 \u00e0 19h30<\/p>\n<p>PAIEMENT :<br \/>\n\u2022\u00a0\u00a0 \u00a0R\u00e8glements possibles en esp\u00e8ces ou par ch\u00e8que \u00e0 l\u2019ordre de \u00abFIFGLG\u00bb.<br \/>\n\u2022\u00a0\u00a0 \u00a0Les cartes M\u2019Ra sont accept\u00e9es.<br \/>\n\u2022\u00a0\u00a0 \u00a0La Carte Bancaire n\u2019est pas accept\u00e9e.<br \/>\n\u2022\u00a0\u00a0 \u00a0Les cartes 6\/12 places du cin\u00e9ma Le Club, les Tickets Cin\u00e9ma et\u00a0\u00a0 Ch\u00e8ques Culture ne sont pas accept\u00e9s.<\/p>\n<p>!!! ATTENTION !!!<br \/>\n\u2022\u00a0\u00a0 \u00a0Les places ne sont pas num\u00e9rot\u00e9es.<br \/>\n\u2022\u00a0\u00a0\u00a0 L\u2019acc\u00e8s \u00e0 la salle ne sera plus possible au-del\u00e0 des 10 premi\u00e8res minutes de la s\u00e9ance.<br \/>\n\u2022\u00a0\u00a0 \u00a0En cas d\u2019absence au d\u00e9but de la projection, toute s\u00e9ance r\u00e9serv\u00e9e ou achet\u00e9e sera perdue, non \u00e9chang\u00e9e, non rembours\u00e9e.<br \/>\n\u2022\u00a0\u00a0 \u00a0Aucun \u00e9change ou remboursement ne sera effectu\u00e9 sauf en cas de modification du programme.<\/p>\n<p>&nbsp;<\/p>\n<div class=\"rubrique\"><div class=\"rubrique-icone\"><i class=\"fa fa-map-marker fa-lg\"><\/i><\/div><div class=\"rubrique-texte\">R\u00e9servations internet<br><\/div><hr><\/div>\nR\u00e9servez vos places:<\/p>\n<p>\u2022 Sur www.vuesdenface.com puis suivez les indications \u00e0 l\u2019\u00e9cran,<br \/>\n\u2022 Munissez-vous du num\u00e9ro de r\u00e9servation communiqu\u00e9 en fin de prod\u00e9dure (attention indispensable),<br \/>\n\u2022 Retirez vos places r\u00e9serv\u00e9es sur le site internet \u00e0 la caisse r\u00e9servations, et ce, \u00e0 la premi\u00e8re s\u00e9ance de vos s\u00e9ances s\u00e9lectionn\u00e9es au plus tard.<br \/>\n\u2022 Pensez \u00e0 vos justificatifs de r\u00e9duction car ils vous seront demand\u00e9s en caisse.<\/p>\n<p>&nbsp;<\/p>\n<div class=\"rubrique\"><div class=\"rubrique-icone\"><i class=\"fa fa-star-o fa-lg\"><\/i><\/div><div class=\"rubrique-texte\">Prix du Public<br><\/div><hr><\/div>\nChaque ann\u00e9e, 3 prix sont d\u00e9cern\u00e9s par le public du festival:<\/p>\n<p>\u2022 Meilleur long m\u00e9trage<br \/>\n\u2022 Meilleur documentaire<br \/>\n\u2022 Meilleur court m\u00e9trage<\/p>\n<p>Le festival proposera \u00e0 chaque spectatrice et spectateur de donner son avis sur les films \u00e0 l\u2019issue de la s\u00e9ance.<br \/>\nLes bulletins de vote seront distribu\u00e9s \u00e0 l\u2019entr\u00e9e de la salle et r\u00e9cup\u00e9r\u00e9s \u00e0 la sortie.<br \/>\nLes avis recueillis permettront de d\u00e9signer les 3 Prix du Public.<br \/>\nLes r\u00e9sultats seront proclam\u00e9s lors de la soir\u00e9e de cl\u00f4ture \u00e0 la Bobine.<\/p>\n<br\/><h2>Catalogue de l'\u00e9dition 17<hr class=\"no-margin-up-down\"><\/h2>\n<figure class=\"grille-vignettes\"><a href=\"https:\/\/www.vuesdenface.com\/web\/wp-content\/uploads\/2017\/03\/catalogue_VDEF_2017.pdf\"><img loading=\"lazy\" decoding=\"async\" src=\"https:\/\/www.vuesdenface.com\/web\/wp-content\/vignettes-vdef\/2017\/03\/100x150\/catalogue_VDEF_2017-100x150.jpg\" width=\"100\" height=\"150\" class=\"photo-film\" alt=\"\" rel=\"\" title=\"Informations pratiques\"><\/a><figcaption><a href=\"https:\/\/www.vuesdenface.com\/web\/wp-content\/uploads\/2017\/03\/catalogue_VDEF_2017.pdf\">Informations pratiques&nbsp;&nbsp;&nbsp;&nbsp;&nbsp;<\/a><br\/>(pdf de 15.53 Mo)&nbsp;&nbsp;&nbsp;&nbsp;<\/figcaption><\/figure><div class=\"clear\"><\/br><\/div>\n","protected":false},"excerpt":{"rendered":"<p>Les s\u00e9ances de cin\u00e9ma ont lieu dans la salle 1 du cin\u00e9ma LE CLUB au 9 bis rue du Phalanst\u00e8re \u00e0 Grenoble Plein tarif : 6,40 \u20ac la s\u00e9ance. Tarif \u00e9tudiants et retrait\u00e9s : 5,70 \u20ac Tarif demandeurs d\u2019emploi et RSA : 5 \u20ac sur pr\u00e9sentation d\u2019un justificatif Tarif unique Lecture : 8 \u20ac Tarif &hellip; <a class=\"readmore\" href=\"https:\/\/www.vuesdenface.com\/web\/edition\/edition-17\/informations-pratiques-2017\/\">Continuer la lecture &rarr;<\/a><\/p>\n","protected":false},"author":7,"featured_media":0,"parent":10170,"menu_order":7,"comment_status":"closed","ping_status":"closed","template":"","meta":{"footnotes":""},"class_list":["post-10177","page","type-page","status-publish","hentry"],"_links":{"self":[{"href":"https:\/\/www.vuesdenface.com\/web\/wp-json\/wp\/v2\/pages\/10177","targetHints":{"allow":["GET"]}}],"collection":[{"href":"https:\/\/www.vuesdenface.com\/web\/wp-json\/wp\/v2\/pages"}],"about":[{"href":"https:\/\/www.vuesdenface.com\/web\/wp-json\/wp\/v2\/types\/page"}],"author":[{"embeddable":true,"href":"https:\/\/www.vuesdenface.com\/web\/wp-json\/wp\/v2\/users\/7"}],"replies":[{"embeddable":true,"href":"https:\/\/www.vuesdenface.com\/web\/wp-json\/wp\/v2\/comments?post=10177"}],"version-history":[{"count":7,"href":"https:\/\/www.vuesdenface.com\/web\/wp-json\/wp\/v2\/pages\/10177\/revisions"}],"predecessor-version":[{"id":10273,"href":"https:\/\/www.vuesdenface.com\/web\/wp-json\/wp\/v2\/pages\/10177\/revisions\/10273"}],"up":[{"embeddable":true,"href":"https:\/\/www.vuesdenface.com\/web\/wp-json\/wp\/v2\/pages\/10170"}],"wp:attachment":[{"href":"https:\/\/www.vuesdenface.com\/web\/wp-json\/wp\/v2\/media?parent=10177"}],"curies":[{"name":"wp","href":"https:\/\/api.w.org\/{rel}","templated":true}]}}