{"id":10180,"date":"2017-03-25T12:26:21","date_gmt":"2017-03-25T11:26:21","guid":{"rendered":"http:\/\/www.vuesdenface.com\/web\/?page_id=10180"},"modified":"2017-04-17T07:47:46","modified_gmt":"2017-04-17T06:47:46","slug":"prix-public-2017","status":"publish","type":"page","link":"https:\/\/www.vuesdenface.com\/web\/edition\/edition-17\/prix-public-2017\/","title":{"rendered":"Prix du public 2017"},"content":{"rendered":"<p style=\"text-align: left;\">A l&rsquo;aide de vos votes collect\u00e9s \u00e0 la fin de chaque s\u00e9ance, vous avez d\u00e9sign\u00e9 le Prix du Public de la dix-septi\u00e8me \u00e9dition du festival Vues d&rsquo;en face.<br \/>\nVoici les r\u00e9sultats :<\/p>\n<p style=\"text-align: left;\"><br><p>Le prix du public n'a pas encore \u00e9t\u00e9 d\u00e9sign\u00e9.<br>Il sera annonc\u00e9 \u00e0 la fin du festival.<\/p><br>\n","protected":false},"excerpt":{"rendered":"<p>A l&rsquo;aide de vos votes collect\u00e9s \u00e0 la fin de chaque s\u00e9ance, vous avez d\u00e9sign\u00e9 le Prix du Public de la dix-septi\u00e8me \u00e9dition du festival Vues d&rsquo;en face. Voici les r\u00e9sultats :<\/p>\n","protected":false},"author":7,"featured_media":0,"parent":10170,"menu_order":3,"comment_status":"closed","ping_status":"closed","template":"","meta":{"footnotes":""},"class_list":["post-10180","page","type-page","status-publish","hentry"],"_links":{"self":[{"href":"https:\/\/www.vuesdenface.com\/web\/wp-json\/wp\/v2\/pages\/10180","targetHints":{"allow":["GET"]}}],"collection":[{"href":"https:\/\/www.vuesdenface.com\/web\/wp-json\/wp\/v2\/pages"}],"about":[{"href":"https:\/\/www.vuesdenface.com\/web\/wp-json\/wp\/v2\/types\/page"}],"author":[{"embeddable":true,"href":"https:\/\/www.vuesdenface.com\/web\/wp-json\/wp\/v2\/users\/7"}],"replies":[{"embeddable":true,"href":"https:\/\/www.vuesdenface.com\/web\/wp-json\/wp\/v2\/comments?post=10180"}],"version-history":[{"count":3,"href":"https:\/\/www.vuesdenface.com\/web\/wp-json\/wp\/v2\/pages\/10180\/revisions"}],"predecessor-version":[{"id":10476,"href":"https:\/\/www.vuesdenface.com\/web\/wp-json\/wp\/v2\/pages\/10180\/revisions\/10476"}],"up":[{"embeddable":true,"href":"https:\/\/www.vuesdenface.com\/web\/wp-json\/wp\/v2\/pages\/10170"}],"wp:attachment":[{"href":"https:\/\/www.vuesdenface.com\/web\/wp-json\/wp\/v2\/media?parent=10180"}],"curies":[{"name":"wp","href":"https:\/\/api.w.org\/{rel}","templated":true}]}}