{"id":10181,"date":"2017-03-25T12:25:53","date_gmt":"2017-03-25T11:25:53","guid":{"rendered":"http:\/\/www.vuesdenface.com\/web\/?page_id=10181"},"modified":"2017-03-25T14:44:09","modified_gmt":"2017-03-25T13:44:09","slug":"remerciement-2017","status":"publish","type":"page","link":"https:\/\/www.vuesdenface.com\/web\/edition\/edition-17\/remerciement-2017\/","title":{"rendered":"Remerciements"},"content":{"rendered":"<p>Le festival remercie :<\/p>\n<p>La Ville de Grenoble,<br \/>\nGrenoble Alpes M\u00e9tropole,<br \/>\nLe Conseil D\u00e9partemental de l\u2019Is\u00e8re,<br \/>\nLe Cin\u00e9ma Le Club, Le SMTC,<br \/>\nLes Biblioth\u00e8ques Municipales de Grenoble,<br \/>\nLe Cin\u00e9-Club de Grenoble,<br \/>\nL\u2019\u00e9cole Sup\u00e9rieure d\u2019Art et Design Grenoble Valence,<br \/>\nL\u2019Atelier du 8,<br \/>\nL\u2019artoth\u00e8que de Grenoble,<br \/>\nLa Bobine, L\u2019office de tourisme,<br \/>\nL\u2019Universit\u00e9 Grenoble Alpes,<br \/>\nUn Tramway Nomm\u00e9 Culture,<br \/>\nV\u00e9ronique Serre,<br \/>\nSUPCREA Grenoble,<br \/>\nLa maison de l\u2019image,<br \/>\nLe Magasin des horizons &#8211; Centre d\u2019arts et de cultures,<br \/>\nLe Festivals Connexion,<br \/>\nSida info service,<br \/>\nL\u2019INPES,<\/p>\n<p>Les commer\u00e7ants et annonceurs partenaires,<br \/>\nLes invit\u00e9.e.s venu.e.s rencontrer le public,<br \/>\nToutes les r\u00e9alisatrices, productrices, traductrices, sous-titreuses, festivals et distributrices,<br \/>\nDJ Bubblegum et Dernier verre.<\/p>\n<div id=\"rubrique-documents\">Partenaires<hr class=\"no-margin-up-down\"><div class=\"case-grille\"><a rel=\"la Ville de Grenoble\" href=\"https:\/\/www.vuesdenface.com\/web\/partenaires\/ville-de-grenoble\/\"><img decoding=\"async\" src=\"https:\/\/www.vuesdenface.com\/web\/wp-content\/vignettes-vdef\/2013\/11\/100x100\/logo-Grenoble-100x100.png\" width =\"100\" height =\"100\" class=\"logo-centre tableau-logo\" alt=\"Logo la Ville de Grenoble\"><\/a><\/div><div class=\"case-grille\"><a rel=\"Grenoble Alpes M\u00e9tropole\" href=\"https:\/\/www.vuesdenface.com\/web\/partenaires\/grenoble-alpes-metropole\/\"><img decoding=\"async\" src=\"https:\/\/www.vuesdenface.com\/web\/wp-content\/vignettes-vdef\/2013\/11\/100x100\/Logo-metro-print-fond-jaune-JPG-100x100.jpg\" width =\"100\" height =\"100\" class=\"logo-centre tableau-logo\" alt=\"Logo Grenoble Alpes M\u00e9tropole\"><\/a><\/div><div class=\"case-grille\"><a rel=\"Conseil D\u00e9partemental de L'is\u00e8re\" href=\"https:\/\/www.vuesdenface.com\/web\/partenaires\/conseil-departemental-de-lisere\/\"><img decoding=\"async\" src=\"https:\/\/www.vuesdenface.com\/web\/wp-content\/vignettes-vdef\/2016\/02\/100x100\/CDI-2015-Quadri-site-100x100.png\" width =\"100\" height =\"100\" class=\"logo-centre tableau-logo\" alt=\"Logo Conseil D\u00e9partemental de L'is\u00e8re\"><\/a><\/div><div class=\"case-grille\"><a rel=\"La R\u00e9gion Auvergne-Rh\u00f4ne-Alpes\" href=\"https:\/\/www.vuesdenface.com\/web\/partenaires\/region-auvergne-rhone-alpes\/\"><img decoding=\"async\" src=\"https:\/\/www.vuesdenface.com\/web\/wp-content\/vignettes-vdef\/2017\/03\/100x100\/Logo-Auvergne-Rhone-Alpes-100x100.png\" width =\"100\" height =\"100\" class=\"logo-centre tableau-logo\" alt=\"Logo La R\u00e9gion Auvergne-Rh\u00f4ne-Alpes\"><\/a><\/div><div class=\"case-grille\"><a rel=\"Le Cin\u00e9ma Le Club\" href=\"https:\/\/www.vuesdenface.com\/web\/partenaires\/le-club\/\"><img decoding=\"async\" src=\"https:\/\/www.vuesdenface.com\/web\/wp-content\/vignettes-vdef\/2014\/01\/100x100\/le-club-noir-100x100.png\" width =\"100\" height =\"100\" class=\"logo-centre tableau-logo\" alt=\"Logo Le Cin\u00e9ma Le Club\"><\/a><\/div><div class=\"case-grille\"><a rel=\"Ecole Sup\u00e9rieure d'Art et Design - Grenoble - Valence\" href=\"https:\/\/www.vuesdenface.com\/web\/partenaires\/esad\/\"><img decoding=\"async\" src=\"https:\/\/www.vuesdenface.com\/web\/wp-content\/vignettes-vdef\/2014\/03\/125x62.5\/logo-esad-125x62.5.png\" width =\"125\" height =\"62.5\" class=\"logo-centre tableau-logo\" alt=\"Logo Ecole Sup\u00e9rieure d'Art et Design - Grenoble - Valence\"><\/a><\/div><div class=\"case-grille\"><a rel=\"la Biblioth\u00e8que Municipale Centre Ville\" href=\"https:\/\/www.vuesdenface.com\/web\/partenaires\/bibliotheque-municipale-centre-ville\/\"><img decoding=\"async\" src=\"https:\/\/www.vuesdenface.com\/web\/wp-content\/vignettes-vdef\/2013\/11\/125x62.5\/BIB-fond-transparent-125x62.5.png\" width =\"125\" height =\"62.5\" class=\"logo-centre tableau-logo\" alt=\"Logo la Biblioth\u00e8que Municipale Centre Ville\"><\/a><\/div><div class=\"case-grille\"><a rel=\"L'Atelier du 8\" href=\"https:\/\/www.vuesdenface.com\/web\/partenaires\/atelier-du-8\/\"><img decoding=\"async\" src=\"https:\/\/www.vuesdenface.com\/web\/wp-content\/vignettes-vdef\/2014\/01\/100x100\/logo_atelierdu8-100x100.jpg\" width =\"100\" height =\"100\" class=\"logo-centre tableau-logo\" alt=\"Logo L'Atelier du 8\"><\/a><\/div><div class=\"case-grille\"><a rel=\"Cin\u00e9 Club de Grenoble (CCC)\" href=\"https:\/\/www.vuesdenface.com\/web\/partenaires\/cine-club-de-grenoble\/\"><img decoding=\"async\" src=\"https:\/\/www.vuesdenface.com\/web\/wp-content\/vignettes-vdef\/2013\/12\/125x62.5\/logo-ccc-125x62.5.png\" width =\"125\" height =\"62.5\" class=\"logo-centre tableau-logo\" alt=\"Logo Cin\u00e9 Club de Grenoble (CCC)\"><\/a><\/div><div class=\"case-grille\"><a rel=\"la Bobine\" href=\"https:\/\/www.vuesdenface.com\/web\/partenaires\/la-bobine\/\"><img decoding=\"async\" src=\"https:\/\/www.vuesdenface.com\/web\/wp-content\/vignettes-vdef\/2013\/11\/100x100\/logo-la-BOBINE-100x100.png\" width =\"100\" height =\"100\" class=\"logo-centre tableau-logo\" alt=\"Logo la Bobine\"><\/a><\/div><div class=\"case-grille\"><a rel=\"H\u00e9t\u00e9roclite\" href=\"https:\/\/www.vuesdenface.com\/web\/partenaires\/heteroclite\/\"><img decoding=\"async\" src=\"https:\/\/www.vuesdenface.com\/web\/wp-content\/vignettes-vdef\/2015\/03\/100x100\/H\u00e9t\u00e9roclite-2015-100x100.jpg\" width =\"100\" height =\"100\" class=\"logo-centre tableau-logo\" alt=\"Logo H\u00e9t\u00e9roclite\"><\/a><\/div><div class=\"case-grille\"><a rel=\"l'Office de Tourisme de Grenoble\" href=\"https:\/\/www.vuesdenface.com\/web\/partenaires\/office-de-tourisme-de-grenoble\/\"><img decoding=\"async\" src=\"https:\/\/www.vuesdenface.com\/web\/wp-content\/vignettes-vdef\/2013\/11\/100x100\/Office-de-tourisme-100x100.png\" width =\"100\" height =\"100\" class=\"logo-centre tableau-logo\" alt=\"Logo l'Office de Tourisme de Grenoble\"><\/a><\/div><div class=\"case-grille\"><a rel=\"Le Petit Bulletin Grenoble\" href=\"https:\/\/www.vuesdenface.com\/web\/partenaires\/le-petit-bulletin\/\"><img decoding=\"async\" src=\"https:\/\/www.vuesdenface.com\/web\/wp-content\/vignettes-vdef\/2022\/09\/125x62.5\/pb-noir-simple-fond-transparent-125x62.5.png\" width =\"125\" height =\"62.5\" class=\"logo-centre tableau-logo\" alt=\"Logo Le Petit Bulletin Grenoble\"><\/a><\/div><div class=\"case-grille\"><a rel=\"Un Tramway Nomm\u00e9 Culture\" href=\"https:\/\/www.vuesdenface.com\/web\/partenaires\/un-tramway-nomme-culture\/\"><img decoding=\"async\" src=\"https:\/\/www.vuesdenface.com\/web\/wp-content\/vignettes-vdef\/2014\/01\/125x62.5\/TNC1-125x62.5.png\" width =\"125\" height =\"62.5\" class=\"logo-centre tableau-logo\" alt=\"Logo Un Tramway Nomm\u00e9 Culture\"><\/a><\/div><div class=\"case-grille\"><a rel=\"Radio Campus Grenoble (90.8 FM)\" href=\"https:\/\/www.vuesdenface.com\/web\/partenaires\/radio-campus\/\"><img decoding=\"async\" src=\"https:\/\/www.vuesdenface.com\/web\/wp-content\/vignettes-vdef\/2024\/09\/100x100\/Radio-Campus-100x100.png\" width =\"100\" height =\"100\" class=\"logo-centre tableau-logo\" alt=\"Logo Radio Campus Grenoble (90.8 FM)\"><\/a><\/div><div class=\"case-grille\"><a rel=\"Supcr\u00e9a Grenoble\" href=\"https:\/\/www.vuesdenface.com\/web\/partenaires\/supcrea-grenoble\/\"><img decoding=\"async\" src=\"https:\/\/www.vuesdenface.com\/web\/wp-content\/vignettes-vdef\/2013\/11\/125x62.5\/logo-supcrea-125x62.5.png\" width =\"125\" height =\"62.5\" class=\"logo-centre tableau-logo\" alt=\"Logo Supcr\u00e9a Grenoble\"><\/a><\/div><div class=\"case-grille\"><a rel=\"L'association Festivals Connexion\" href=\"https:\/\/www.vuesdenface.com\/web\/partenaires\/festivals-connexion\/\"><img decoding=\"async\" src=\"https:\/\/www.vuesdenface.com\/web\/wp-content\/vignettes-vdef\/2022\/09\/100x100\/connexion-label-blanc-100x100.png\" width =\"100\" height =\"100\" class=\"logo-centre tableau-logo\" alt=\"Logo L'association Festivals Connexion\"><\/a><\/div><div class=\"case-grille\"><a rel=\"la Cin\u00e9math\u00e8que de Grenoble\" href=\"https:\/\/www.vuesdenface.com\/web\/partenaires\/cinematheque\/\"><img decoding=\"async\" src=\"https:\/\/www.vuesdenface.com\/web\/wp-content\/vignettes-vdef\/2013\/11\/125x62.5\/cg-logo-rvb-2lignes-125x62.5.png\" width =\"125\" height =\"62.5\" class=\"logo-centre tableau-logo\" alt=\"Logo la Cin\u00e9math\u00e8que de Grenoble\"><\/a><\/div><div class=\"case-grille\"><a rel=\"L'association Fa Sol Latino\" href=\"https:\/\/www.vuesdenface.com\/web\/partenaires\/fa-sol-latino\/\"><img decoding=\"async\" src=\"https:\/\/www.vuesdenface.com\/web\/wp-content\/vignettes-vdef\/2015\/02\/150x62.5\/fa-sol-latino-150x62.5.png\" width =\"150\" height =\"62.5\" class=\"logo-centre tableau-logo\" alt=\"Logo L'association Fa Sol Latino\"><\/a><\/div><div class=\"case-grille\"><a rel=\"AIDES\" href=\"https:\/\/www.vuesdenface.com\/web\/partenaires\/aides\/\"><img decoding=\"async\" src=\"https:\/\/www.vuesdenface.com\/web\/wp-content\/vignettes-vdef\/2015\/03\/125x62.5\/AIDES_LogoSlogan2022_HD_NoirRouge-125x62.5.png\" width =\"125\" height =\"62.5\" class=\"logo-centre tableau-logo\" alt=\"Logo AIDES\"><\/a><\/div>\n","protected":false},"excerpt":{"rendered":"<p>Le festival remercie : La Ville de Grenoble, Grenoble Alpes M\u00e9tropole, Le Conseil D\u00e9partemental de l\u2019Is\u00e8re, Le Cin\u00e9ma Le Club, Le SMTC, Les Biblioth\u00e8ques Municipales de Grenoble, Le Cin\u00e9-Club de Grenoble, L\u2019\u00e9cole Sup\u00e9rieure d\u2019Art et Design Grenoble Valence, L\u2019Atelier du 8, L\u2019artoth\u00e8que de Grenoble, La Bobine, L\u2019office de tourisme, L\u2019Universit\u00e9 Grenoble Alpes, Un Tramway Nomm\u00e9 &hellip; <a class=\"readmore\" href=\"https:\/\/www.vuesdenface.com\/web\/edition\/edition-17\/remerciement-2017\/\">Continuer la lecture &rarr;<\/a><\/p>\n","protected":false},"author":7,"featured_media":0,"parent":10170,"menu_order":10,"comment_status":"closed","ping_status":"closed","template":"","meta":{"footnotes":""},"class_list":["post-10181","page","type-page","status-publish","hentry"],"_links":{"self":[{"href":"https:\/\/www.vuesdenface.com\/web\/wp-json\/wp\/v2\/pages\/10181","targetHints":{"allow":["GET"]}}],"collection":[{"href":"https:\/\/www.vuesdenface.com\/web\/wp-json\/wp\/v2\/pages"}],"about":[{"href":"https:\/\/www.vuesdenface.com\/web\/wp-json\/wp\/v2\/types\/page"}],"author":[{"embeddable":true,"href":"https:\/\/www.vuesdenface.com\/web\/wp-json\/wp\/v2\/users\/7"}],"replies":[{"embeddable":true,"href":"https:\/\/www.vuesdenface.com\/web\/wp-json\/wp\/v2\/comments?post=10181"}],"version-history":[{"count":5,"href":"https:\/\/www.vuesdenface.com\/web\/wp-json\/wp\/v2\/pages\/10181\/revisions"}],"predecessor-version":[{"id":10264,"href":"https:\/\/www.vuesdenface.com\/web\/wp-json\/wp\/v2\/pages\/10181\/revisions\/10264"}],"up":[{"embeddable":true,"href":"https:\/\/www.vuesdenface.com\/web\/wp-json\/wp\/v2\/pages\/10170"}],"wp:attachment":[{"href":"https:\/\/www.vuesdenface.com\/web\/wp-json\/wp\/v2\/media?parent=10181"}],"curies":[{"name":"wp","href":"https:\/\/api.w.org\/{rel}","templated":true}]}}