{"id":11172,"date":"2018-02-22T20:13:21","date_gmt":"2018-02-22T19:13:21","guid":{"rendered":"http:\/\/www.vuesdenface.com\/web\/?page_id=11172"},"modified":"2024-10-03T23:18:12","modified_gmt":"2024-10-03T22:18:12","slug":"documents-2018","status":"publish","type":"page","link":"https:\/\/www.vuesdenface.com\/web\/edition\/edition-18\/documents-2018\/","title":{"rendered":"Documents 2018"},"content":{"rendered":"<p>Vous trouverez ci-dessous les liens pour t\u00e9l\u00e9charger les divers document relatif \u00e0 l&rsquo;\u00e9dition 18 du festival Vues d&rsquo;en face.<br \/>\n\n","protected":false},"excerpt":{"rendered":"<p>ceci est un extrait <a class=\"readmore\" href=\"https:\/\/www.vuesdenface.com\/web\/edition\/edition-18\/documents-2018\/\">Continuer la lecture &rarr;<\/a><\/p>\n","protected":false},"author":1,"featured_media":11161,"parent":11167,"menu_order":5,"comment_status":"closed","ping_status":"closed","template":"","meta":{"footnotes":""},"class_list":["post-11172","page","type-page","status-publish","has-post-thumbnail","hentry","numero_edition-edition-18"],"_links":{"self":[{"href":"https:\/\/www.vuesdenface.com\/web\/wp-json\/wp\/v2\/pages\/11172","targetHints":{"allow":["GET"]}}],"collection":[{"href":"https:\/\/www.vuesdenface.com\/web\/wp-json\/wp\/v2\/pages"}],"about":[{"href":"https:\/\/www.vuesdenface.com\/web\/wp-json\/wp\/v2\/types\/page"}],"author":[{"embeddable":true,"href":"https:\/\/www.vuesdenface.com\/web\/wp-json\/wp\/v2\/users\/1"}],"replies":[{"embeddable":true,"href":"https:\/\/www.vuesdenface.com\/web\/wp-json\/wp\/v2\/comments?post=11172"}],"version-history":[{"count":3,"href":"https:\/\/www.vuesdenface.com\/web\/wp-json\/wp\/v2\/pages\/11172\/revisions"}],"predecessor-version":[{"id":15730,"href":"https:\/\/www.vuesdenface.com\/web\/wp-json\/wp\/v2\/pages\/11172\/revisions\/15730"}],"up":[{"embeddable":true,"href":"https:\/\/www.vuesdenface.com\/web\/wp-json\/wp\/v2\/pages\/11167"}],"wp:featuredmedia":[{"embeddable":true,"href":"https:\/\/www.vuesdenface.com\/web\/wp-json\/wp\/v2\/media\/11161"}],"wp:attachment":[{"href":"https:\/\/www.vuesdenface.com\/web\/wp-json\/wp\/v2\/media?parent=11172"}],"curies":[{"name":"wp","href":"https:\/\/api.w.org\/{rel}","templated":true}]}}