{"id":11579,"date":"2019-02-25T22:01:35","date_gmt":"2019-02-25T21:01:35","guid":{"rendered":"http:\/\/www.vuesdenface.com\/web\/?page_id=11579"},"modified":"2019-02-25T22:03:24","modified_gmt":"2019-02-25T21:03:24","slug":"evenements-festival-2019","status":"publish","type":"page","link":"https:\/\/www.vuesdenface.com\/web\/edition\/edition-19\/evenements-festival-2019\/","title":{"rendered":"\u00c9v\u00e8nements Festival 2019"},"content":{"rendered":"<div class=\"gridBox-title\">vendredi 1 mars 2019<\/div><table class=\"extrait-film\"><tr><td width=\"100\"><a href=\"\"><div class=\"wrapp-affiche\"><div class=\"ribbon-wrapper-horaire-affiche\"><div class=\"ribbon-horaire-affiche\">19:00<\/div><\/div><\/a><div class=\"vignette-affiche-extrait\" width=\"100px\" height=\"150px\"><figure><a href=\"https:\/\/www.vuesdenface.com\/web\/fiche-event\/sortie-officielle-programme-19\/\"><img loading=\"lazy\" decoding=\"async\" src=\"https:\/\/www.vuesdenface.com\/web\/wp-content\/vignettes-vdef\/2019\/02\/100x150\/Affiche-vues-den-face-19-100x150.jpg\" width=\"100\" height=\"150\" class=\"vignette-affiche-extrait\" alt=\"Sortie officielle du catalogue de l\u2019\u00e9dition 19\" title=\"Sortie officielle du catalogue de l\u2019\u00e9dition 19\" rel=\"\"><\/a><figcaption><a href=\"https:\/\/www.vuesdenface.com\/web\/fiche-event\/sortie-officielle-programme-19\/\"><\/a><\/figcaption><\/figure><\/div><\/div><\/td><td><span class=\"titre-film-h1\"><a rel=\"bookmark\" href=\"https:\/\/www.vuesdenface.com\/web\/fiche-event\/sortie-officielle-programme-19\/\">Sortie officielle du catalogue de l\u2019\u00e9dition 19<\/a><\/span><br><span class=\"sous-titre-h4\">&nbsp;&nbsp;(Blind test)<\/span><\/header><br><span> Pour cette nouvelle e\u0301dition du festival, l\u2019e\u0301quipe de Vues d\u2019en Face vous invite a\u0300 la Passoire afin de commencer les festivite\u0301s.\nUn blind test est organise\u0301 a\u0300 cette occasion et a\u0300 la cle\u0301 des places offertes pour les heureux gagnants !\nThe\u0300me : musiques et re\u0301pliques de films tout confondu ...<\/span><a class=\"readmore\" href=\"https:\/\/www.vuesdenface.com\/web\/fiche-event\/sortie-officielle-programme-19\/\">    Continuer la lecture \u2192<\/a><\/td><\/tr><\/table><div class=\"gridBox-title\">mercredi 13 mars 2019<\/div><table class=\"extrait-film\"><tr><td width=\"100\"><a href=\"\"><div class=\"wrapp-affiche\"><div class=\"ribbon-wrapper-horaire-affiche\"><div class=\"ribbon-horaire-affiche\">20:00<\/div><\/div><\/a><div class=\"vignette-affiche-extrait\" width=\"100px\" height=\"150px\"><figure><a href=\"https:\/\/www.vuesdenface.com\/web\/fiche-event\/seance-speciale-ma-vie-avec-john-f-donovan\/\"><img loading=\"lazy\" decoding=\"async\" src=\"https:\/\/www.vuesdenface.com\/web\/wp-content\/vignettes-vdef\/2019\/03\/100x150\/Ma-vie-avec-John-F-Donovan-poster-100x150.jpg\" width=\"100\" height=\"150\" class=\"vignette-affiche-extrait\" alt=\"S\u00e9ance Sp\u00e9ciale \"Ma vie avec John F Donovan\"\" title=\"S\u00e9ance Sp\u00e9ciale \"Ma vie avec John F Donovan\"\" rel=\"\"><\/a><figcaption><a href=\"https:\/\/www.vuesdenface.com\/web\/fiche-event\/seance-speciale-ma-vie-avec-john-f-donovan\/\"><\/a><\/figcaption><\/figure><\/div><\/div><\/td><td><span class=\"titre-film-h1\"><a rel=\"bookmark\" href=\"https:\/\/www.vuesdenface.com\/web\/fiche-event\/seance-speciale-ma-vie-avec-john-f-donovan\/\">S\u00e9ance Sp\u00e9ciale \"Ma vie avec John F Donovan\"<\/a><\/span><\/header><br><span>le mercredi 13 mars, 20h30 : S\u00e9ance sp\u00e9ciale \u00ab Ma vie avec John F. Donovan \u00bb de Xavier Dolan au cin\u00e9ma Le Club.\n&nbsp;&nbsp;Ajouter \u00e0 l'agenda\nPr\u00e9ventes festival en amont de la s\u00e9ance \u00e0 la salle 6 du cin\u00e9ma \u00e0 partir de 19h30\n\n<\/span><a class=\"readmore\" href=\"https:\/\/www.vuesdenface.com\/web\/fiche-event\/seance-speciale-ma-vie-avec-john-f-donovan\/\">    Continuer la lecture \u2192<\/a><\/td><\/tr><\/table><div class=\"gridBox-title\">vendredi 15 mars 2019<\/div><table class=\"extrait-film\"><tr><td width=\"100\"><a href=\"\"><div class=\"wrapp-affiche\"><div class=\"ribbon-wrapper-horaire-affiche\"><div class=\"ribbon-horaire-affiche\">22:30<\/div><\/div><\/a><div class=\"vignette-affiche-extrait\" width=\"100px\" height=\"150px\"><figure><a href=\"https:\/\/www.vuesdenface.com\/web\/fiche-event\/pot-douverture-edition-2019\/\"><img loading=\"lazy\" decoding=\"async\" src=\"https:\/\/www.vuesdenface.com\/web\/wp-content\/vignettes-vdef\/2019\/02\/100x150\/Affiche-vues-den-face-19-100x150.jpg\" width=\"100\" height=\"150\" class=\"vignette-affiche-extrait\" alt=\"Pot d'ouverture \u00e9dition 2019\" title=\"Pot d'ouverture \u00e9dition 2019\" rel=\"\"><\/a><figcaption><a href=\"https:\/\/www.vuesdenface.com\/web\/fiche-event\/pot-douverture-edition-2019\/\"><\/a><\/figcaption><\/figure><\/div><\/div><\/td><td><span class=\"titre-film-h1\"><a rel=\"bookmark\" href=\"https:\/\/www.vuesdenface.com\/web\/fiche-event\/pot-douverture-edition-2019\/\">Pot d'ouverture \u00e9dition 2019<\/a><\/span><\/header><br><span> De nouveau cette ann\u00e9e, l\u2019Atelier du 8 nous accueille pour le traditionnel pot d\u2019ouverture.\nA partir de 22h30 et apr\u00e8s le premier film pour se mettre dans l\u2019ambiance, nous vous attendons pour partager ce moment de convivialit\u00e9 entre verres de l\u2019amiti\u00e9, grignotages et de riches \u00e9changes.\nLo\u00efc Le ...<\/span><a class=\"readmore\" href=\"https:\/\/www.vuesdenface.com\/web\/fiche-event\/pot-douverture-edition-2019\/\">    Continuer la lecture \u2192<\/a><\/td><\/tr><\/table><hr><table class=\"extrait-film\"><tr><td width=\"100\"><a href=\"\"><div class=\"wrapp-affiche\"><div class=\"ribbon-wrapper-horaire-affiche\"><div class=\"ribbon-horaire-affiche\">22:30<\/div><\/div><\/a><div class=\"vignette-affiche-extrait\" width=\"100px\" height=\"150px\"><figure><a href=\"https:\/\/www.vuesdenface.com\/web\/fiche-event\/couche-es-sur-le-papier\/\"><img loading=\"lazy\" decoding=\"async\" src=\"https:\/\/www.vuesdenface.com\/web\/wp-content\/vignettes-vdef\/2019\/03\/100x150\/couch\u00e9-sur-papier-100x150.jpg\" width=\"100\" height=\"150\" class=\"vignette-affiche-extrait\" alt=\"Couch\u00e9.es sur papier\" title=\"Couch\u00e9.es sur papier\" rel=\"\"><\/a><figcaption><a href=\"https:\/\/www.vuesdenface.com\/web\/fiche-event\/couche-es-sur-le-papier\/\"><\/a><\/figcaption><\/figure><\/div><\/div><\/td><td><span class=\"titre-film-h1\"><a rel=\"bookmark\" href=\"https:\/\/www.vuesdenface.com\/web\/fiche-event\/couche-es-sur-le-papier\/\">Couch\u00e9.es sur papier<\/a><\/span><\/header><br><span> Le vernissage pr\u00e9sentera une s\u00e9lection de mes r\u00e9centes cr\u00e9ations r\u00e9alis\u00e9es au pastel sec ou \u00e0 la peinture acrylique. Cette exposition a \u00e9t\u00e9 con\u00e7ue pour \u00eatre compl\u00e9mentaire \u00e0 celle de LA GRANDE FABRIQUE. Ici vous pourrez d\u00e9couvrir des \u0153uvres sur papier et sur l\u2019autre site des peintures sur toiles ou ...<\/span><a class=\"readmore\" href=\"https:\/\/www.vuesdenface.com\/web\/fiche-event\/couche-es-sur-le-papier\/\">    Continuer la lecture \u2192<\/a><\/td><\/tr><\/table><div class=\"gridBox-title\">mardi 19 mars 2019<\/div><table class=\"extrait-film\"><tr><td width=\"100\"><a href=\"\"><div class=\"wrapp-affiche\"><div class=\"ribbon-wrapper-horaire-affiche\"><div class=\"ribbon-horaire-affiche\">22:30<\/div><\/div><\/a><div class=\"vignette-affiche-extrait\" width=\"100px\" height=\"150px\"><figure><a href=\"https:\/\/www.vuesdenface.com\/web\/fiche-event\/soiree-de-cloture-edition-2019\/\"><img loading=\"lazy\" decoding=\"async\" src=\"https:\/\/www.vuesdenface.com\/web\/wp-content\/vignettes-vdef\/2019\/02\/100x150\/Affiche-vues-den-face-19-100x150.jpg\" width=\"100\" height=\"150\" class=\"vignette-affiche-extrait\" alt=\"Soir\u00e9e de cl\u00f4ture \u00e9dition 2019\" title=\"Soir\u00e9e de cl\u00f4ture \u00e9dition 2019\" rel=\"\"><\/a><figcaption><a href=\"https:\/\/www.vuesdenface.com\/web\/fiche-event\/soiree-de-cloture-edition-2019\/\"><\/a><\/figcaption><\/figure><\/div><\/div><\/td><td><span class=\"titre-film-h1\"><a rel=\"bookmark\" href=\"https:\/\/www.vuesdenface.com\/web\/fiche-event\/soiree-de-cloture-edition-2019\/\">Soir\u00e9e de cl\u00f4ture \u00e9dition 2019<\/a><\/span><\/header><br><span>Afin de cl\u00f4turer en beaut\u00e9 ces cinq jours de projection au cin\u00e9ma Le Club, Vues d\u2019en Face vous invite \u00e0 venir prendre un verre et discuter au Love people (61crs Jean Jaur\u00e8s). Nous pourrons \u00e9changer sur les films et vos ressentis dans une ambiance festive et joyeuse.\nVenez nombreux !\n<\/span><a class=\"readmore\" href=\"https:\/\/www.vuesdenface.com\/web\/fiche-event\/soiree-de-cloture-edition-2019\/\">    Continuer la lecture \u2192<\/a><\/td><\/tr><\/table><div class=\"gridBox-title\">mercredi 20 mars 2019<\/div><table class=\"extrait-film\"><tr><td width=\"100\"><a href=\"\"><div class=\"wrapp-affiche\"><div class=\"ribbon-wrapper-horaire-affiche\"><div class=\"ribbon-horaire-affiche\">18:00<\/div><\/div><\/a><div class=\"vignette-affiche-extrait\" width=\"100px\" height=\"150px\"><figure><a href=\"https:\/\/www.vuesdenface.com\/web\/fiche-event\/quand-la-creation-raconte-le-sida\/\"><img loading=\"lazy\" decoding=\"async\" src=\"https:\/\/www.vuesdenface.com\/web\/wp-content\/vignettes-vdef\/2019\/03\/100x150\/DRB_Bib-100x150.jpg\" width=\"100\" height=\"150\" class=\"vignette-affiche-extrait\" alt=\"Quand la cr\u00e9ation raconte le Sida\" title=\"Quand la cr\u00e9ation raconte le Sida\" rel=\"\"><\/a><figcaption><a href=\"https:\/\/www.vuesdenface.com\/web\/fiche-event\/quand-la-creation-raconte-le-sida\/\"><\/a><\/figcaption><\/figure><\/div><\/div><\/td><td><span class=\"titre-film-h1\"><a rel=\"bookmark\" href=\"https:\/\/www.vuesdenface.com\/web\/fiche-event\/quand-la-creation-raconte-le-sida\/\">Quand la cr\u00e9ation raconte le Sida<\/a><\/span><\/header><br><span> Plus qu\u2019aucune autre maladie, le sida a produit un art de l\u2019intime, un art autofictionnel o\u00f9 des cr\u00e9ateurs de toutes disciplines ont utilis\u00e9 leur v\u00e9cu le plus personnel de la maladie pour faire \u0153uvre, non seulement de t\u00e9moignage mais aussi d\u2019affirmation, de combat et de refus de la fatalit\u00e9.\n\u00ab ...<\/span><a class=\"readmore\" href=\"https:\/\/www.vuesdenface.com\/web\/fiche-event\/quand-la-creation-raconte-le-sida\/\">    Continuer la lecture \u2192<\/a><\/td><\/tr><\/table><hr><table class=\"extrait-film\"><tr><td width=\"100\"><a href=\"\"><div class=\"wrapp-affiche\"><div class=\"ribbon-wrapper-horaire-affiche\"><div class=\"ribbon-horaire-affiche\">20:30<\/div><\/div><\/a><div class=\"vignette-affiche-extrait\" width=\"100px\" height=\"150px\"><figure><a href=\"https:\/\/www.vuesdenface.com\/web\/fiche-event\/_queermess_\/\"><img loading=\"lazy\" decoding=\"async\" src=\"https:\/\/www.vuesdenface.com\/web\/wp-content\/vignettes-vdef\/2019\/03\/100x150\/mailing-expo-queermess-100x150.jpg\" width=\"100\" height=\"150\" class=\"vignette-affiche-extrait\" alt=\"_QUEERMESS_\" title=\"_QUEERMESS_\" rel=\"\"><\/a><figcaption><a href=\"https:\/\/www.vuesdenface.com\/web\/fiche-event\/_queermess_\/\"><\/a><\/figcaption><\/figure><\/div><\/div><\/td><td><span class=\"titre-film-h1\"><a rel=\"bookmark\" href=\"https:\/\/www.vuesdenface.com\/web\/fiche-event\/_queermess_\/\">_QUEERMESS_<\/a><\/span><\/header><br><span> _QUEERMESS_, jeu de mot entre _QUEERNESS_, ce qui se rapporte au_\nqueer,_ le fait de ne pas se conformer aux normes en mati\u00e8re de genre\nou de sexualit\u00e9, et le mot _MESS_ : en anglais \u00ab\u00a0le d\u00e9sordre\u00a0\u00bb.\nDe l&rsquo;art pour parler des sujets qui nous animent dans la lutte contre\nles ...<\/span><a class=\"readmore\" href=\"https:\/\/www.vuesdenface.com\/web\/fiche-event\/_queermess_\/\">    Continuer la lecture \u2192<\/a><\/td><\/tr><\/table><div class=\"gridBox-title\">samedi 23 mars 2019<\/div><table class=\"extrait-film\"><tr><td width=\"100\"><a href=\"\"><div class=\"wrapp-affiche\"><div class=\"ribbon-wrapper-horaire-affiche\"><div class=\"ribbon-horaire-affiche\">11:30<\/div><\/div><\/a><div class=\"vignette-affiche-extrait\" width=\"100px\" height=\"150px\"><figure><a href=\"https:\/\/www.vuesdenface.com\/web\/fiche-event\/journee-festive-de-cloture-edition-2019\/\"><img loading=\"lazy\" decoding=\"async\" src=\"https:\/\/www.vuesdenface.com\/web\/wp-content\/vignettes-vdef\/2019\/03\/100x150\/LA-GRANDE-FABRIQUE-1-100x150.jpg\" width=\"100\" height=\"150\" class=\"vignette-affiche-extrait\" alt=\"Journ\u00e9e festive de cl\u00f4ture \u00e9dition 2019\" title=\"Journ\u00e9e festive de cl\u00f4ture \u00e9dition 2019\" rel=\"\"><\/a><figcaption><a href=\"https:\/\/www.vuesdenface.com\/web\/fiche-event\/journee-festive-de-cloture-edition-2019\/\"><\/a><\/figcaption><\/figure><\/div><\/div><\/td><td><span class=\"titre-film-h1\"><a rel=\"bookmark\" href=\"https:\/\/www.vuesdenface.com\/web\/fiche-event\/journee-festive-de-cloture-edition-2019\/\">Journ\u00e9e festive de cl\u00f4ture \u00e9dition 2019<\/a><\/span><\/header><br><span> Cette ann\u00e9e, cher public et ami(e)s du Festival, nous vous convions \u00e0 partager une journ\u00e9e \u00e0 la campagne dans la joie et la bonne humeur\u00a0!\nUn cadre unique, celui de LA GRANDE FABRIQUE dans un parc \u00e0 l\u2019anglaise au milieu duquel coule une rivi\u00e8re\u2026La Fure.\n\u2022\u2022\u2022\nProgramme\u00a0:\n11h30 : Ap\u00e9ro  offert par ...<\/span><a class=\"readmore\" href=\"https:\/\/www.vuesdenface.com\/web\/fiche-event\/journee-festive-de-cloture-edition-2019\/\">    Continuer la lecture \u2192<\/a><\/td><\/tr><\/table><hr><table class=\"extrait-film\"><tr><td width=\"100\"><a href=\"\"><div class=\"wrapp-affiche\"><div class=\"ribbon-wrapper-horaire-affiche\"><div class=\"ribbon-horaire-affiche\">11:30<\/div><\/div><\/a><div class=\"vignette-affiche-extrait\" width=\"100px\" height=\"150px\"><figure><a href=\"https:\/\/www.vuesdenface.com\/web\/fiche-event\/noces-de-verre\/\"><img loading=\"lazy\" decoding=\"async\" src=\"https:\/\/www.vuesdenface.com\/web\/wp-content\/vignettes-vdef\/2019\/03\/100x150\/la-grande-fabrique-100x150.jpg\" width=\"100\" height=\"150\" class=\"vignette-affiche-extrait\" alt=\"Noces de Verre\" title=\"Noces de Verre\" rel=\"\"><\/a><figcaption><a href=\"https:\/\/www.vuesdenface.com\/web\/fiche-event\/noces-de-verre\/\"><\/a><\/figcaption><\/figure><\/div><\/div><\/td><td><span class=\"titre-film-h1\"><a rel=\"bookmark\" href=\"https:\/\/www.vuesdenface.com\/web\/fiche-event\/noces-de-verre\/\">Noces de Verre<\/a><\/span><\/header><br><span> J&rsquo;ai choisi \u00abNoces de Verre\u00bb comme titre de cette exposition pour \u00e9voquer le toit de verre du lieu magnifique qui l&rsquo;accueille. Ce titre m&rsquo;a sembl\u00e9 aussi convenir pour dire, \u00e0 travers mes peintures, non seulement la beaut\u00e9 et la puret\u00e9 de nos amours, mais aussi la difficult\u00e9 de les ...<\/span><a class=\"readmore\" href=\"https:\/\/www.vuesdenface.com\/web\/fiche-event\/noces-de-verre\/\">    Continuer la lecture \u2192<\/a><\/td><\/tr><\/table><div class=\"gridBox-title\">samedi 1 juin 2019<\/div><table class=\"extrait-film\"><tr><td width=\"100\"><a href=\"\"><div class=\"wrapp-affiche\"><div class=\"ribbon-wrapper-horaire-affiche\"><div class=\"ribbon-horaire-affiche\">20:00<\/div><\/div><\/a><div class=\"vignette-affiche-extrait\" width=\"100px\" height=\"150px\"><figure><a href=\"https:\/\/www.vuesdenface.com\/web\/fiche-event\/les-12-travelos-dhercule\/\"><img loading=\"lazy\" decoding=\"async\" src=\"https:\/\/www.vuesdenface.com\/web\/wp-content\/vignettes-vdef\/2019\/05\/100x150\/12-travelos-hercule-1-100x150.jpg\" width=\"100\" height=\"150\" class=\"vignette-affiche-extrait\" alt=\"Les 12 travelos d'Hercule\" title=\"Les 12 travelos d'Hercule\" rel=\"\"><\/a><figcaption><a href=\"https:\/\/www.vuesdenface.com\/web\/fiche-event\/les-12-travelos-dhercule\/\"><\/a><\/figcaption><\/figure><\/div><\/div><\/td><td><span class=\"titre-film-h1\"><a rel=\"bookmark\" href=\"https:\/\/www.vuesdenface.com\/web\/fiche-event\/les-12-travelos-dhercule\/\">Les 12 travelos d'Hercule<\/a><\/span><\/header><br><span> Cabaret Drag Queen, num\u00e9ros de lip sinc, et boudins aux pommes.\nPerdu-e-s quelque part entre la trag\u00e9die antique et le RnB, les Douze Travelos d&rsquo;Hercule sont un grand \u00e9cart permanent.\nLe cul entre beaucoup plus que deux chaises. Cabaret cousu de fil blanc en talon aiguille. Paillettes et ...<\/span><a class=\"readmore\" href=\"https:\/\/www.vuesdenface.com\/web\/fiche-event\/les-12-travelos-dhercule\/\">    Continuer la lecture \u2192<\/a><\/td><\/tr><\/table>\n","protected":false},"excerpt":{"rendered":"<p>ceci est un extrait <a class=\"readmore\" href=\"https:\/\/www.vuesdenface.com\/web\/edition\/edition-19\/evenements-festival-2019\/\">Continuer la lecture &rarr;<\/a><\/p>\n","protected":false},"author":1,"featured_media":0,"parent":11577,"menu_order":2,"comment_status":"closed","ping_status":"closed","template":"","meta":{"footnotes":""},"class_list":["post-11579","page","type-page","status-publish","hentry","numero_edition-edition-19"],"_links":{"self":[{"href":"https:\/\/www.vuesdenface.com\/web\/wp-json\/wp\/v2\/pages\/11579","targetHints":{"allow":["GET"]}}],"collection":[{"href":"https:\/\/www.vuesdenface.com\/web\/wp-json\/wp\/v2\/pages"}],"about":[{"href":"https:\/\/www.vuesdenface.com\/web\/wp-json\/wp\/v2\/types\/page"}],"author":[{"embeddable":true,"href":"https:\/\/www.vuesdenface.com\/web\/wp-json\/wp\/v2\/users\/1"}],"replies":[{"embeddable":true,"href":"https:\/\/www.vuesdenface.com\/web\/wp-json\/wp\/v2\/comments?post=11579"}],"version-history":[{"count":1,"href":"https:\/\/www.vuesdenface.com\/web\/wp-json\/wp\/v2\/pages\/11579\/revisions"}],"predecessor-version":[{"id":11591,"href":"https:\/\/www.vuesdenface.com\/web\/wp-json\/wp\/v2\/pages\/11579\/revisions\/11591"}],"up":[{"embeddable":true,"href":"https:\/\/www.vuesdenface.com\/web\/wp-json\/wp\/v2\/pages\/11577"}],"wp:attachment":[{"href":"https:\/\/www.vuesdenface.com\/web\/wp-json\/wp\/v2\/media?parent=11579"}],"curies":[{"name":"wp","href":"https:\/\/api.w.org\/{rel}","templated":true}]}}