{"id":11583,"date":"2019-02-25T22:17:21","date_gmt":"2019-02-25T21:17:21","guid":{"rendered":"http:\/\/www.vuesdenface.com\/web\/?page_id=11583"},"modified":"2019-03-02T19:04:59","modified_gmt":"2019-03-02T18:04:59","slug":"informations-pratique-2019","status":"publish","type":"page","link":"https:\/\/www.vuesdenface.com\/web\/edition\/edition-19\/informations-pratique-2019\/","title":{"rendered":"Informations pratiques 2019"},"content":{"rendered":"<p>Les s\u00e9ances de cin\u00e9ma ont lieu dans la salle 2 du cin\u00e9ma LE CLUB au 9 bis rue du Phalanst\u00e8re \u00e0 Grenoble. Cette salle n&rsquo;est pas acc\u00e8s PMR.<\/p>\n<div class=\"rubrique\"><div class=\"rubrique-icone\"><i class=\"fa fa-film fa-lg\"><\/i><\/div><div class=\"rubrique-texte\">Places de cin\u00e9ma \u00e0 l'unit\u00e9<br><\/div><hr><\/div>\nPlein tarif : 7 \u20ac la s\u00e9ance.<br \/>\nTarif \u00e9tudiants et retrait\u00e9s : 6 \u20ac<br \/>\nTarif demandeurs d\u2019emploi et RSA : 5 \u20ac<br \/>\nsur pr\u00e9sentation d\u2019un justificatif<\/p>\n<div class=\"rubrique\"><div class=\"rubrique-icone\"><i class=\"fa fa-film fa-lg\"><\/i><\/div><div class=\"rubrique-texte\">Carte 6 s\u00e9ances<br><\/div><hr><\/div>\nCette CARTE est un achat group\u00e9 de 6 entr\u00e9es offrant une tarification pr\u00e9f\u00e9rentielle.<br \/>\nTarif CARTE 6 S\u00c9ANCES : 35\u20ac (5,83\u20ac la place)<\/p>\n<p>Elle est valable :<br \/>\n\u2022 Pour DEUX PERSONNES maximum par s\u00e9ance.<br \/>\n\u2022 \u00e0 toutes les s\u00e9ances de cin\u00e9ma du Festival au cin\u00e9ma Le Club.<\/p>\n<p>R\u00e9servations avec la Carte 6 s\u00e9ances (la r\u00e9servation d&rsquo;une s\u00e9ance n\u2019est pas automatique) :<br \/>\n\u2022 Faites-en la demande lors de l\u2019achat de la carte pour obtenir le(s) billet(s),<br \/>\n\u2022 Retirez ult\u00e9rieurement le(s) billet(s) pour la s\u00e9ance souhait\u00e9e aux heures d\u2019ouverture des caisses du Festival (dans la limite des places disponibles).<\/p>\n<div class=\"rubrique\"><div class=\"rubrique-icone\"><i class=\"fa fa-star-o fa-lg\"><\/i><\/div><div class=\"rubrique-texte\">autres tarifs<br><\/div><hr><\/div>\nTarif cin\u00e9-club<br \/>\nTarif pr\u00e9f\u00e9rentiel de 5,5 euros sur pr\u00e9sentation d\u2019une contremarque (\u00e0 t\u00e9l\u00e9charger sur vuesdenface.com)<\/p>\n<div class=\"rubrique\"><div class=\"rubrique-icone\"><i class=\"fa fa-star-o fa-lg\"><\/i><\/div><div class=\"rubrique-texte\">Nouveaute\u0301 2019<br><\/div><hr><\/div>\nPas de re\u0301servation ni d\u2019achat sur internet car nous proposons le paiement par carte bancaire a\u0300 la billetterie.<\/p>\n<div class=\"rubrique\"><div class=\"rubrique-icone\"><i class=\"fa fa-star-o fa-lg\"><\/i><\/div><div class=\"rubrique-texte\">Billetterie sur place<br><\/div><hr><\/div>\nLa billetterie est ouverte \u00e0 la salle 6 du Cin\u00e9ma Le Club, 8 rue des Bons Enfants :<br \/>\nVendredi 15 mars de 18h a\u0300 20h15<br \/>\nSamedi 16 mars de 13h a\u0300 21h45<br \/>\nDimanche 17 mars de 11h a\u0300 19h45<br \/>\nLundi 18 et mardi 19 mars de 17h30 a\u0300 20h45<\/p>\n<div class=\"rubrique\"><div class=\"rubrique-icone\"><i class=\"fa fa-star-o fa-lg\"><\/i><\/div><div class=\"rubrique-texte\">Paiements<br><\/div><hr><\/div>\nRe\u0300glements possibles en espe\u0300ces, par carte bancaire ou par che\u0300que a\u0300 l\u2019ordre de \u00abFIFGLG\u00bb.<\/p>\n<p>Ces moyens de paiements ne sont pas accept\u00e9s :<br \/>\nLes cartes 6\/12 places du cin\u00e9ma Le Club, les Tickets Cin\u00e9ma et Ch\u00e8ques Culture ne sont pas accept\u00e9s.<\/p>\n<div class=\"rubrique\"><div class=\"rubrique-icone\"><i class=\"fa fa-star-o fa-lg\"><\/i><\/div><div class=\"rubrique-texte\">Info diverses<br><\/div><hr><\/div>\n<p>Evitez-vous une longue attente en caisse:<br \/>\nAchetez vos places \u00e0 l\u2019avance les jours pr\u00e9c\u00e9dant la s\u00e9ance en p\u00e9riodes creuses.<br \/>\nAchetez vos places sur Internet.<\/p>\n<p>!!! attention !!!<br \/>\nLes places ne sont pas num\u00e9rot\u00e9es.<br \/>\nL\u2019acc\u00e8s \u00e0 la salle ne sera plus possible au-del\u00e0 des 10 premi\u00e8res minutes de la s\u00e9ance.<br \/>\nEn cas d\u2019absence au d\u00e9but de la projection, toute s\u00e9ance r\u00e9serv\u00e9e ou achet\u00e9e sera perdue, non \u00e9chang\u00e9e, non rembours\u00e9e.<br \/>\nAucun \u00e9change ou remboursement ne sera effectu\u00e9 sauf en cas de modification du programme.<\/p>\n<div class=\"rubrique\"><div class=\"rubrique-icone\"><i class=\"fa fa-map-marker fa-lg\"><\/i><\/div><div class=\"rubrique-texte\">Les lieux<br><\/div><hr><\/div>\n<p><strong>Billetterie<\/strong><br \/>\nSalle 6 (cin\u00e9ma Le Club) -\u20288 rue des Bons enfants \u2013 Grenoble &#8211; Rue face au cin\u00e9ma Le Club<\/p>\n<p><strong>Pots, festivite\u0301s et expositions<\/strong><br \/>\nLa Passoire &#8211; 47 avenue de Vizille \u2013 Grenoble &#8211; Te\u0301l. 04 85 02 98 92 &#8211; Acce\u0300s : voir plan<\/p>\n<p>Atelier du 8 &#8211; 2 rue Bank &#8211; Grenoble &#8211; Te\u0301l. 06 10 66 41 61 \u2013 Acce\u0300s : voir plan<\/p>\n<p>Love people &#8211; 61 cours Jean Jaure\u0300s \u2013 Grenoble &#8211; 04 76 56 62 61 &#8211; Acce\u0300s : voir plan<\/p>\n<p>Galerie Xavier Jouvin &#8211; 48 Quai Xavier Jouvin &#8211; Grenoble &#8211; Acce\u0300s : voir plan<\/p>\n<p>LA GRANDE FABRIQUE \u2013 ZA de la valle\u0301e \u2013 Renage &#8211; 06 77 84 03 38 \u2013 Covoiturage avec Togetzer.com (+45\u00b0 19\u201948.96\u2019 -+5\u00b029\u201928.43)<\/p>\n<p><strong>Lieux des projections<\/strong><\/p>\n<p>Cine\u0301ma Le Club &#8211; 9 bis rue du Phalanste\u0300re \u2013 Grenoble &#8211; Te\u0301l : 04 76 87 46 21 &#8211; Acce\u0300s : voir plan<\/p>\n<p>Cine\u0301ma Juliet Berto &#8211; Passage du Palais de Justice \u2013 Grenoble &#8211; Acce\u0300s : passage couvert entre la place St Andre\u0301 (ancien Tribunal) et le Jardin de Ville.<\/p>\n<p>Bibliothe\u0300que Municipale Kateb Yacine &#8211; Centre commercial Grand\u2019Place &#8211; Te\u0301l : 04 38 12 46 20 &#8211; Acce\u0300s : Tram A, arre\u0302t Po\u0302le Sud. Bus, lignes 12, 13, 26 et 32 &#8211; Parkings gratuits.<\/p>\n<p>Bibliothe\u0300que Municipale centre-ville &#8211; 10 rue de la Re\u0301publique &#8211; Grenoble &#8211; Acce\u0300s : Tram A et B, arre\u0302t Hubert Dubedout &#8211; Maison du Tourisme<\/p>\n<p>E\u0301cole supe\u0301rieure d\u2019art et Design (ESAD) &#8211; 25 rue Lesdiguie\u0300res \u2013 Grenoble \u2013 Acce\u0300s Bus C1, C4, 12, 13, 16 arre\u0302t Docteur martin<\/p>\n<p>EVE &#8211; 701 Avenue Centrale &#8211; Saint- Martin-d\u2019He\u0300res \u2013 Acce\u0300s Tram B\/C Arre\u0302t Gabriel faure\u0301 ou Bibliothe\u0300ques Universitaires<\/p>\n<div class=\"rubrique\"><div class=\"rubrique-icone\"><i class=\"fa fa-star-o fa-lg\"><\/i><\/div><div class=\"rubrique-texte\">Prix du Public<br><\/div><hr><\/div>\nChaque ann\u00e9e, 3 prix sont d\u00e9cern\u00e9s par le public du festival:<\/p>\n<p>\u2022 Meilleur long m\u00e9trage<br \/>\n\u2022 Meilleur documentaire<br \/>\n\u2022 Meilleur court m\u00e9trage<\/p>\n<p>Vous e\u0302tes invite\u0301s a\u0300 voter a\u0300 l\u2019issue de chaque se\u0301ance. Les prix sont annonce\u0301s sur le site internet.<\/p>\n","protected":false},"excerpt":{"rendered":"<p>ceci est un extrait <a class=\"readmore\" href=\"https:\/\/www.vuesdenface.com\/web\/edition\/edition-19\/informations-pratique-2019\/\">Continuer la lecture &rarr;<\/a><\/p>\n","protected":false},"author":1,"featured_media":0,"parent":11577,"menu_order":6,"comment_status":"closed","ping_status":"closed","template":"","meta":{"footnotes":""},"class_list":["post-11583","page","type-page","status-publish","hentry","numero_edition-edition-19"],"_links":{"self":[{"href":"https:\/\/www.vuesdenface.com\/web\/wp-json\/wp\/v2\/pages\/11583","targetHints":{"allow":["GET"]}}],"collection":[{"href":"https:\/\/www.vuesdenface.com\/web\/wp-json\/wp\/v2\/pages"}],"about":[{"href":"https:\/\/www.vuesdenface.com\/web\/wp-json\/wp\/v2\/types\/page"}],"author":[{"embeddable":true,"href":"https:\/\/www.vuesdenface.com\/web\/wp-json\/wp\/v2\/users\/1"}],"replies":[{"embeddable":true,"href":"https:\/\/www.vuesdenface.com\/web\/wp-json\/wp\/v2\/comments?post=11583"}],"version-history":[{"count":4,"href":"https:\/\/www.vuesdenface.com\/web\/wp-json\/wp\/v2\/pages\/11583\/revisions"}],"predecessor-version":[{"id":11689,"href":"https:\/\/www.vuesdenface.com\/web\/wp-json\/wp\/v2\/pages\/11583\/revisions\/11689"}],"up":[{"embeddable":true,"href":"https:\/\/www.vuesdenface.com\/web\/wp-json\/wp\/v2\/pages\/11577"}],"wp:attachment":[{"href":"https:\/\/www.vuesdenface.com\/web\/wp-json\/wp\/v2\/media?parent=11583"}],"curies":[{"name":"wp","href":"https:\/\/api.w.org\/{rel}","templated":true}]}}