{"id":12006,"date":"2019-04-05T18:54:52","date_gmt":"2019-04-05T17:54:52","guid":{"rendered":"https:\/\/www.vuesdenface.com\/web\/edition\/edition-3\/"},"modified":"2019-04-09T20:44:34","modified_gmt":"2019-04-09T19:44:34","slug":"edition-3","status":"publish","type":"page","link":"https:\/\/www.vuesdenface.com\/web\/edition\/edition-3\/","title":{"rendered":"\u00c9dition 3 \u2022 \u00c9ditorial"},"content":{"rendered":"<p>Bienvenue<\/p>\n<p>Pari r\u00e9ussi. Cette ann\u00e9e encore, une nouvelle \u00e9dition du festival \u00ab\u00a0Vues d&rsquo;en face\u00a0\u00bb aura lieu. L&rsquo;\u00e9quipe organisatrice a pu r\u00e9unir les moyens techniques et financiers n\u00e9cessaires au bon d\u00e9roulement de cette manifestation.<\/p>\n<p>Certes, la t\u00e2che devient de plus en plus d\u00e9licate. Il est malheureusement impossible de ne pas constater un d\u00e9sengagement de l&rsquo;Etat, qui fait de la recherche de subventions un travail de longue haleine. Ce silence \u00e9tatique se retrouve plus largement dans sa politique culturelle drastique.<\/p>\n<p>Nous en sommes \u00e0 notre troisi\u00e8me \u00e9dition et, malgr\u00e9 des demandes r\u00e9it\u00e9r\u00e9es, nous n&rsquo;avons pas encore de salle pour nos r\u00e9unions mensuelles, nos visionnages fr\u00e9quents, le rangement de notre mat\u00e9riel : cassettes vid\u00e9os, DVD\u2026<br \/>\nLe festival repose plus que jamais sur la motivation et l&rsquo;implication de ses b\u00e9n\u00e9voles, alors qu&rsquo;un salari\u00e9, m\u00eame \u00e0 temps partiel, serait d\u00e9sormais indispensable pour le travail au quotidien.<\/p>\n<p>Face \u00e0 des locations de films dont le co\u00fbt est en augmentation constante, face \u00e0 une frilosit\u00e9 des r\u00e9alisateurs fran\u00e7ais notamment \u00e0 traiter de l&rsquo;homosexualit\u00e9 sur grand \u00e9cran, face \u00e0 une p\u00e9nurie de films lesbiens, les organisateurs de Vues d&rsquo;en face essaient de maintenir le cap et ne perdent pas de vue leur objectif : proposer \u00e0 nouveau un festival de qualit\u00e9, dont la programmation riche et vari\u00e9e se compose de films venus de tous les horizons.<\/p>\n<p>Ainsi, en 2004, le nombre de longs m\u00e9trages propos\u00e9s est plus important, les films sous titr\u00e9s par nos soins plus nombreux (programmation internationnale importante). La salle de projection du Club sera \u00e9quip\u00e9e de mat\u00e9riel vid\u00e9o et DVD ce qui permettra pendant toute la semaine la projection de la plupart des supports existants.<\/p>\n<p>Les difficult\u00e9s financi\u00e8res, \u00e9conomiques et techniques tr\u00e8s pr\u00e9sentes nous font parfois douter de la p\u00e9rennit\u00e9 d&rsquo;un festival que nous esp\u00e9rons \u00e0 votre go\u00fbt. Nous trouvons n\u00e9anmoins l&rsquo;\u00e9nergie de continuer gr\u00e2ce au soutien toujours croissant du Conseil G\u00e9n\u00e9ral et de la Ville de Grenoble et \u00e0 l&rsquo;enthousiasme du public qui fait de ce festival un \u00e9v\u00e9nement incontournable du paysage culturel r\u00e9gional.<\/p>\n<p>A toutes et \u00e0 tous, bon festival 2004 !<\/p>\n<p>Le comit\u00e9 d&rsquo;organisation.<\/p>\n<p>D\u00e9couvrez les coulisses sur festival 2004 :<br \/>\n<a href=\"https:\/\/www.vuesdenface.com\/edition2004\/fr\/coulisses.html\">https:\/\/www.vuesdenface.com\/edition2004\/fr\/coulisses.html<\/a><\/p>\n","protected":false},"excerpt":{"rendered":"<p>ceci est un extrait <a class=\"readmore\" href=\"https:\/\/www.vuesdenface.com\/web\/edition\/edition-3\/\">Continuer la lecture &rarr;<\/a><\/p>\n","protected":false},"author":1,"featured_media":108,"parent":888,"menu_order":0,"comment_status":"closed","ping_status":"closed","template":"","meta":{"footnotes":""},"class_list":["post-12006","page","type-page","status-publish","has-post-thumbnail","hentry","numero_edition-edition-3"],"_links":{"self":[{"href":"https:\/\/www.vuesdenface.com\/web\/wp-json\/wp\/v2\/pages\/12006","targetHints":{"allow":["GET"]}}],"collection":[{"href":"https:\/\/www.vuesdenface.com\/web\/wp-json\/wp\/v2\/pages"}],"about":[{"href":"https:\/\/www.vuesdenface.com\/web\/wp-json\/wp\/v2\/types\/page"}],"author":[{"embeddable":true,"href":"https:\/\/www.vuesdenface.com\/web\/wp-json\/wp\/v2\/users\/1"}],"replies":[{"embeddable":true,"href":"https:\/\/www.vuesdenface.com\/web\/wp-json\/wp\/v2\/comments?post=12006"}],"version-history":[{"count":2,"href":"https:\/\/www.vuesdenface.com\/web\/wp-json\/wp\/v2\/pages\/12006\/revisions"}],"predecessor-version":[{"id":12135,"href":"https:\/\/www.vuesdenface.com\/web\/wp-json\/wp\/v2\/pages\/12006\/revisions\/12135"}],"up":[{"embeddable":true,"href":"https:\/\/www.vuesdenface.com\/web\/wp-json\/wp\/v2\/pages\/888"}],"wp:featuredmedia":[{"embeddable":true,"href":"https:\/\/www.vuesdenface.com\/web\/wp-json\/wp\/v2\/media\/108"}],"wp:attachment":[{"href":"https:\/\/www.vuesdenface.com\/web\/wp-json\/wp\/v2\/media?parent=12006"}],"curies":[{"name":"wp","href":"https:\/\/api.w.org\/{rel}","templated":true}]}}