{"id":12620,"date":"2020-03-11T18:30:04","date_gmt":"2020-03-11T17:30:04","guid":{"rendered":"https:\/\/www.vuesdenface.com\/web\/?page_id=12620"},"modified":"2020-03-11T18:30:04","modified_gmt":"2020-03-11T17:30:04","slug":"evenements-festival-2020","status":"publish","type":"page","link":"https:\/\/www.vuesdenface.com\/web\/edition\/edition-20\/evenements-festival-2020\/","title":{"rendered":"\u00c9v\u00e8nements Festival 2020"},"content":{"rendered":"Pas d'\u00e9v\u00e8nement trouv\u00e9\n","protected":false},"excerpt":{"rendered":"<p>ceci est un extrait <a class=\"readmore\" href=\"https:\/\/www.vuesdenface.com\/web\/edition\/edition-20\/evenements-festival-2020\/\">Continuer la lecture &rarr;<\/a><\/p>\n","protected":false},"author":1,"featured_media":0,"parent":12618,"menu_order":2,"comment_status":"closed","ping_status":"closed","template":"","meta":{"footnotes":""},"class_list":["post-12620","page","type-page","status-publish","hentry"],"_links":{"self":[{"href":"https:\/\/www.vuesdenface.com\/web\/wp-json\/wp\/v2\/pages\/12620","targetHints":{"allow":["GET"]}}],"collection":[{"href":"https:\/\/www.vuesdenface.com\/web\/wp-json\/wp\/v2\/pages"}],"about":[{"href":"https:\/\/www.vuesdenface.com\/web\/wp-json\/wp\/v2\/types\/page"}],"author":[{"embeddable":true,"href":"https:\/\/www.vuesdenface.com\/web\/wp-json\/wp\/v2\/users\/1"}],"replies":[{"embeddable":true,"href":"https:\/\/www.vuesdenface.com\/web\/wp-json\/wp\/v2\/comments?post=12620"}],"version-history":[{"count":1,"href":"https:\/\/www.vuesdenface.com\/web\/wp-json\/wp\/v2\/pages\/12620\/revisions"}],"predecessor-version":[{"id":12795,"href":"https:\/\/www.vuesdenface.com\/web\/wp-json\/wp\/v2\/pages\/12620\/revisions\/12795"}],"up":[{"embeddable":true,"href":"https:\/\/www.vuesdenface.com\/web\/wp-json\/wp\/v2\/pages\/12618"}],"wp:attachment":[{"href":"https:\/\/www.vuesdenface.com\/web\/wp-json\/wp\/v2\/media?parent=12620"}],"curies":[{"name":"wp","href":"https:\/\/api.w.org\/{rel}","templated":true}]}}