{"id":12623,"date":"2020-03-03T23:53:55","date_gmt":"2020-03-03T22:53:55","guid":{"rendered":"https:\/\/www.vuesdenface.com\/web\/?page_id=12623"},"modified":"2024-10-03T23:18:55","modified_gmt":"2024-10-03T22:18:55","slug":"documents-2020","status":"publish","type":"page","link":"https:\/\/www.vuesdenface.com\/web\/edition\/edition-20\/documents-2020\/","title":{"rendered":"Documents 2020"},"content":{"rendered":"<p>Vous trouverez ci-dessous les liens pour t\u00e9l\u00e9charger les divers documents relatifs \u00e0 l&rsquo;\u00e9dition 20 du festival Vues d&rsquo;en face.<br \/>\n\n","protected":false},"excerpt":{"rendered":"<p>ceci est un extrait <a class=\"readmore\" href=\"https:\/\/www.vuesdenface.com\/web\/edition\/edition-20\/documents-2020\/\">Continuer la lecture &rarr;<\/a><\/p>\n","protected":false},"author":1,"featured_media":0,"parent":12618,"menu_order":5,"comment_status":"closed","ping_status":"closed","template":"","meta":{"footnotes":""},"class_list":["post-12623","page","type-page","status-publish","hentry"],"_links":{"self":[{"href":"https:\/\/www.vuesdenface.com\/web\/wp-json\/wp\/v2\/pages\/12623","targetHints":{"allow":["GET"]}}],"collection":[{"href":"https:\/\/www.vuesdenface.com\/web\/wp-json\/wp\/v2\/pages"}],"about":[{"href":"https:\/\/www.vuesdenface.com\/web\/wp-json\/wp\/v2\/types\/page"}],"author":[{"embeddable":true,"href":"https:\/\/www.vuesdenface.com\/web\/wp-json\/wp\/v2\/users\/1"}],"replies":[{"embeddable":true,"href":"https:\/\/www.vuesdenface.com\/web\/wp-json\/wp\/v2\/comments?post=12623"}],"version-history":[{"count":2,"href":"https:\/\/www.vuesdenface.com\/web\/wp-json\/wp\/v2\/pages\/12623\/revisions"}],"predecessor-version":[{"id":15731,"href":"https:\/\/www.vuesdenface.com\/web\/wp-json\/wp\/v2\/pages\/12623\/revisions\/15731"}],"up":[{"embeddable":true,"href":"https:\/\/www.vuesdenface.com\/web\/wp-json\/wp\/v2\/pages\/12618"}],"wp:attachment":[{"href":"https:\/\/www.vuesdenface.com\/web\/wp-json\/wp\/v2\/media?parent=12623"}],"curies":[{"name":"wp","href":"https:\/\/api.w.org\/{rel}","templated":true}]}}