{"id":12624,"date":"2020-03-08T20:30:15","date_gmt":"2020-03-08T19:30:15","guid":{"rendered":"https:\/\/www.vuesdenface.com\/web\/?page_id=12624"},"modified":"2020-03-08T20:31:45","modified_gmt":"2020-03-08T19:31:45","slug":"informations-pratique-2020","status":"publish","type":"page","link":"https:\/\/www.vuesdenface.com\/web\/edition\/edition-20\/informations-pratique-2020\/","title":{"rendered":"Informations pratiques 2020"},"content":{"rendered":"<p>Les s\u00e9ances de cin\u00e9ma ont lieu dans la salle 2 du cin\u00e9ma LE CLUB au 9 bis rue du Phalanst\u00e8re \u00e0 Grenoble. Cette salle n&rsquo;est pas acc\u00e8s PMR.<\/p>\n<div class=\"rubrique\"><div class=\"rubrique-icone\"><i class=\"fa fa-film fa-lg\"><\/i><\/div><div class=\"rubrique-texte\">Places de cin\u00e9ma \u00e0 l'unit\u00e9<br><\/div><hr><\/div>\nPlein tarif : 7 \u20ac la s\u00e9ance.<br \/>\nTarif \u00e9tudiants et retrait\u00e9s : 6 \u20ac<br \/>\nTarif demandeurs d\u2019emploi et RSA : 5 \u20ac<br \/>\nsur pr\u00e9sentation d\u2019un justificatif<\/p>\n<div class=\"rubrique\"><div class=\"rubrique-icone\"><i class=\"fa fa-film fa-lg\"><\/i><\/div><div class=\"rubrique-texte\">Carte 6 s\u00e9ances<br><\/div><hr><\/div>\nCette CARTE est un achat group\u00e9 de 6 entr\u00e9es offrant une tarification pr\u00e9f\u00e9rentielle.<br \/>\nTarif CARTE 6 S\u00c9ANCES : 35\u20ac (5,83\u20ac la place)<\/p>\n<p>Tarif CARTE 6 S\u00c9ANCES : 35 \u20ac<\/p>\n<p>La CARTE 6 S\u00c9ANCES est un tarif pr\u00e9f\u00e9rentiel donnant droit \u00e0 six entr\u00e9es valables \u00e0 toutes les s\u00e9ances durant le Festival.<br \/>\nCette carte est valable pour DEUX PERSONNES maximum par s\u00e9ance.<\/p>\n<p>La CARTE 6 S\u00c9ANCES n\u2019entra\u00eene pas une r\u00e9servation syst\u00e9matique des s\u00e9ances.<\/p>\n<p>Pour r\u00e9server une s\u00e9ance particuli\u00e8re avec une CARTE 6 S\u00c9ANCES :<br \/>\n\u2022\tle pr\u00e9ciser lors de l\u2019achat de la carte pour obtenir directement le(s) billet(s),<br \/>\n\u2022\tou retirer ult\u00e9rieurement le(s) billet(s) pour la s\u00e9ance souhait\u00e9e pendant les heures \t\td\u2019ouverture de la caisse du Festival (dans la limite des places disponibles).<\/p>\n<p>Afin de faciliter votre passage \u00e0 la caisse du Festival, merci de pr\u00e9parer la liste des films que vous d\u00e9sirez r\u00e9server \u00e0 l\u2019aide du catalogue en remplissant la GRILLE DE R\u00c9SERVATION pr\u00e9sente en page centrale.<\/p>\n<p>Pour \u00e9viter les files d\u2019attente, il est conseill\u00e9 d\u2019acheter les places \u00e0 l\u2019avance les jours pr\u00e9c\u00e9dant la s\u00e9ance (notamment lors des pr\u00e9ventes).<\/p>\n<div class=\"rubrique\"><div class=\"rubrique-icone\"><i class=\"fa fa-star-o fa-lg\"><\/i><\/div><div class=\"rubrique-texte\">autres tarifs<br><\/div><hr><\/div>\nTarif cin\u00e9-club<br \/>\nTarif pr\u00e9f\u00e9rentiel de 5,5 euros sur pr\u00e9sentation d\u2019une contremarque (\u00e0 t\u00e9l\u00e9charger sur vuesdenface.com)<\/p>\n<div class=\"rubrique\"><div class=\"rubrique-icone\"><i class=\"fa fa-star-o fa-lg\"><\/i><\/div><div class=\"rubrique-texte\">Pr\u00e9vente<br><\/div><hr><\/div>\nUne pr\u00e9vente aura lieu le mardi 31 mars \u00e0 partir de 19h avant la projection du film Olivia au cin\u00e9ma Juliet Berto (Passage du Palais de Justice &#8211; Grenoble).<\/p>\n<div class=\"rubrique\"><div class=\"rubrique-icone\"><i class=\"fa fa-star-o fa-lg\"><\/i><\/div><div class=\"rubrique-texte\">Billetterie sur place<br><\/div><hr><\/div>\nLes caisses du Festival seront ouvertes dans la SALLE 6 du Cin\u00e9ma LE CLUB<br \/>\n8 rue des Bons Enfants &#8211; Grenoble.<\/p>\n<p>La billetterie ouvrira :<br \/>\n\u2022 vendredi 3 avril de 18h \u00e0 20h,<br \/>\n\u2022 samedi de 13h15 \u00e0 21h30,<br \/>\n\u2022 dimanche de 13h15 \u00e0 20h30,<br \/>\n\u2022 lundi et mardi de 17h30 \u00e0 20h30.<\/p>\n<p>\u2022 les r\u00e8glements peuvent se faire en esp\u00e8ces ou par ch\u00e8que \u00e0 l\u2019ordre de \u00ab\u00a0FIFGLG\u00a0\u00bb.<br \/>\n\u2022 les r\u00e8glements par Carte Bancaire sont accept\u00e9s.<br \/>\n\u2022 les places ne sont pas num\u00e9rot\u00e9es.<br \/>\n\u2022 la carte d\u2019abonnement au cin\u00e9ma  le CLUB, les Tickets Cin\u00e9ma, cartes LE PASS et&nbsp;Ch\u00e8ques Culture ne sont pas accept\u00e9s.<br \/>\n\u2022 en cas d\u2019absence au d\u00e9but de la projection, toute s\u00e9ance r\u00e9serv\u00e9e ou achet\u00e9e sera perdue, non \u00e9chang\u00e9e, non rembours\u00e9e.<br \/>\n(Attention : l\u2019acc\u00e8s \u00e0 la salle ne sera plus possible au-del\u00e0 des 10 premi\u00e8res minutes de la s\u00e9ance).<br \/>\n\u2022 aucun \u00e9change ou remboursement ne sera effectu\u00e9 sauf en cas de modification du programme.<\/p>\n<div class=\"rubrique\"><div class=\"rubrique-icone\"><i class=\"fa fa-star-o fa-lg\"><\/i><\/div><div class=\"rubrique-texte\">Paiements<br><\/div><hr><\/div>\nRe\u0300glements possibles en espe\u0300ces, par carte bancaire ou par che\u0300que a\u0300 l\u2019ordre de \u00abFIFGLG\u00bb.<\/p>\n<p>Ces moyens de paiements ne sont pas accept\u00e9s :<br \/>\nLes cartes 6\/12 places du cin\u00e9ma Le Club, les Tickets Cin\u00e9ma et Ch\u00e8ques Culture ne sont pas accept\u00e9s.<\/p>\n<div class=\"rubrique\"><div class=\"rubrique-icone\"><i class=\"fa fa-star-o fa-lg\"><\/i><\/div><div class=\"rubrique-texte\">Info diverses<br><\/div><hr><\/div>\n<p>Evitez-vous une longue attente en caisse:<br \/>\nAchetez vos places \u00e0 l\u2019avance les jours pr\u00e9c\u00e9dant la s\u00e9ance en p\u00e9riodes creuses.<\/p>\n<p>!!! attention !!!<br \/>\nLes places ne sont pas num\u00e9rot\u00e9es.<br \/>\nL\u2019acc\u00e8s \u00e0 la salle ne sera plus possible au-del\u00e0 des 10 premi\u00e8res minutes de la s\u00e9ance.<br \/>\nEn cas d\u2019absence au d\u00e9but de la projection, toute s\u00e9ance r\u00e9serv\u00e9e ou achet\u00e9e sera perdue, non \u00e9chang\u00e9e, non rembours\u00e9e.<br \/>\nAucun \u00e9change ou remboursement ne sera effectu\u00e9 sauf en cas de modification du programme.<\/p>\n<div class=\"rubrique\"><div class=\"rubrique-icone\"><i class=\"fa fa-map-marker fa-lg\"><\/i><\/div><div class=\"rubrique-texte\">Les lieux<br><\/div><hr><\/div>\n<p><strong>Billetterie<\/strong><br \/>\nSalle 6 (cin\u00e9ma Le Club) -\u20288 rue des Bons enfants \u2013 Grenoble &#8211; Rue face au cin\u00e9ma Le Club<\/p>\n<p><strong>Lieux des projections<\/strong><br \/>\nCine\u0301ma Le Club &#8211; 9 bis rue du Phalanste\u0300re \u2013 Grenoble &#8211; Te\u0301l : 04 76 87 46 21 &#8211; Acce\u0300s : voir plan<\/p>\n<p>Cine\u0301ma Juliet Berto &#8211; Passage du Palais de Justice \u2013 Grenoble &#8211; Acce\u0300s : passage couvert entre la place St Andre\u0301 (ancien Tribunal) et le Jardin de Ville.<\/p>\n<p>Cin\u00e9ma Le M\u00e9li\u00e8s &#8211; 28 all\u00e9e Henri Frenay &#8211; Grenoble &#8211; T\u00e9l : +33 (0)4 76 47 99 31<\/p>\n<p>Bibliothe\u0300que Municipale Kateb Yacine &#8211; Centre commercial Grand\u2019Place &#8211; Te\u0301l : 04 38 12 46 20 &#8211; Acce\u0300s : Tram A, arre\u0302t Po\u0302le Sud. Bus, lignes 12, 13, 26 et 32 &#8211; Parkings gratuits.<\/p>\n<p>Bibliothe\u0300que Municipale centre-ville &#8211; 10 rue de la Re\u0301publique &#8211; Grenoble &#8211; Acce\u0300s : Tram A et B, arre\u0302t Hubert Dubedout &#8211; Maison du Tourisme<\/p>\n<p>E\u0301cole supe\u0301rieure d\u2019art et Design (ESAD) &#8211; 25 rue Lesdiguie\u0300res \u2013 Grenoble \u2013 Acce\u0300s Bus C1, C4, 12, 13, 16 arre\u0302t Docteur martin<\/p>\n<p><strong>Pots, festivite\u0301s et expositions<\/strong><br \/>\nAtelier du 8 &#8211; 2 rue Bank &#8211; Grenoble &#8211; Te\u0301l. 06 10 66 41 61<\/p>\n<p>Galerie Xavier Jouvin &#8211; 48 Quai Xavier Jouvin &#8211; Grenoble<\/p>\n<p>Centre LGBTI &#8211; 8 rue Sergent Bobillot &#8211; Grenoble<\/p>\n<p>La Bobine &#8211; 2 boulevard Cl\u00e9menceau &#8211; Grenoble<\/p>\n<p>La Bifurk &#8211; 2 Rue Gustave Flaubert- Grenoble<\/p>\n<p><strong>Lectures<\/strong><br \/>\nLibrairie Les Modernes &#8211; 6 rue Lakanal &#8211; Grenoble<\/p>\n<p>Place des G\u00e9ant &#8211; Villeneuve &#8211; Grenoble<\/p>\n<div class=\"rubrique\"><div class=\"rubrique-icone\"><i class=\"fa fa-star-o fa-lg\"><\/i><\/div><div class=\"rubrique-texte\">Prix du Public<br><\/div><hr><\/div>\nChaque ann\u00e9e, 3 prix sont d\u00e9cern\u00e9s par le public du festival:<\/p>\n<p>\u2022 Meilleur long m\u00e9trage<br \/>\n\u2022 Meilleur documentaire<br \/>\n\u2022 Meilleur court m\u00e9trage<\/p>\n<p>Vous e\u0302tes invite\u0301s a\u0300 voter a\u0300 l\u2019issue de chaque se\u0301ance.<br \/>\nLes r\u00e9sultats seront proclam\u00e9s lors de la soir\u00e9e de cl\u00f4ture le 11 avril.<br \/>\nLes prix sont annonce\u0301s sur le site internet.<\/p>\n","protected":false},"excerpt":{"rendered":"<p>ceci est un extrait <a class=\"readmore\" href=\"https:\/\/www.vuesdenface.com\/web\/edition\/edition-20\/informations-pratique-2020\/\">Continuer la lecture &rarr;<\/a><\/p>\n","protected":false},"author":1,"featured_media":0,"parent":12618,"menu_order":6,"comment_status":"closed","ping_status":"closed","template":"","meta":{"footnotes":""},"class_list":["post-12624","page","type-page","status-publish","hentry"],"_links":{"self":[{"href":"https:\/\/www.vuesdenface.com\/web\/wp-json\/wp\/v2\/pages\/12624","targetHints":{"allow":["GET"]}}],"collection":[{"href":"https:\/\/www.vuesdenface.com\/web\/wp-json\/wp\/v2\/pages"}],"about":[{"href":"https:\/\/www.vuesdenface.com\/web\/wp-json\/wp\/v2\/types\/page"}],"author":[{"embeddable":true,"href":"https:\/\/www.vuesdenface.com\/web\/wp-json\/wp\/v2\/users\/1"}],"replies":[{"embeddable":true,"href":"https:\/\/www.vuesdenface.com\/web\/wp-json\/wp\/v2\/comments?post=12624"}],"version-history":[{"count":1,"href":"https:\/\/www.vuesdenface.com\/web\/wp-json\/wp\/v2\/pages\/12624\/revisions"}],"predecessor-version":[{"id":12708,"href":"https:\/\/www.vuesdenface.com\/web\/wp-json\/wp\/v2\/pages\/12624\/revisions\/12708"}],"up":[{"embeddable":true,"href":"https:\/\/www.vuesdenface.com\/web\/wp-json\/wp\/v2\/pages\/12618"}],"wp:attachment":[{"href":"https:\/\/www.vuesdenface.com\/web\/wp-json\/wp\/v2\/media?parent=12624"}],"curies":[{"name":"wp","href":"https:\/\/api.w.org\/{rel}","templated":true}]}}