{"id":130,"date":"2013-11-01T17:11:28","date_gmt":"2013-11-01T16:11:28","guid":{"rendered":"http:\/\/www.vagalam.net\/?page_id=130"},"modified":"2021-08-12T18:06:30","modified_gmt":"2021-08-12T17:06:30","slug":"newsletter","status":"publish","type":"page","link":"https:\/\/www.vuesdenface.com\/web\/newsletter\/","title":{"rendered":"Newsletter"},"content":{"rendered":"  \n  \n  <div class=\"\n    mailpoet_form_popup_overlay\n      \"><\/div>\n  <div\n    id=\"mailpoet_form_3\"\n    class=\"\n      mailpoet_form\n      mailpoet_form_html\n      mailpoet_form_position_\n      mailpoet_form_animation_\n    \"\n      >\n\n    <style type=\"text\/css\">\n     #mailpoet_form_3 .mailpoet_form {  }\n#mailpoet_form_3 form { margin-bottom: 0; }\n#mailpoet_form_3 p.mailpoet_form_paragraph { margin-bottom: 10px; }\n#mailpoet_form_3 .mailpoet_column_with_background { padding: 10px; }\n#mailpoet_form_3 .mailpoet_form_column:not(:first-child) { margin-left: 20px; }\n#mailpoet_form_3 .mailpoet_paragraph { line-height: 20px; margin-bottom: 20px; }\n#mailpoet_form_3 .mailpoet_segment_label, #mailpoet_form_3 .mailpoet_text_label, #mailpoet_form_3 .mailpoet_textarea_label, #mailpoet_form_3 .mailpoet_select_label, #mailpoet_form_3 .mailpoet_radio_label, #mailpoet_form_3 .mailpoet_checkbox_label, #mailpoet_form_3 .mailpoet_list_label, #mailpoet_form_3 .mailpoet_date_label { display: block; font-weight: normal; }\n#mailpoet_form_3 .mailpoet_text, #mailpoet_form_3 .mailpoet_textarea, #mailpoet_form_3 .mailpoet_select, #mailpoet_form_3 .mailpoet_date_month, #mailpoet_form_3 .mailpoet_date_day, #mailpoet_form_3 .mailpoet_date_year, #mailpoet_form_3 .mailpoet_date { display: block; }\n#mailpoet_form_3 .mailpoet_text, #mailpoet_form_3 .mailpoet_textarea { width: 250px; }\n#mailpoet_form_3 .mailpoet_checkbox {  }\n#mailpoet_form_3 .mailpoet_submit {  }\n#mailpoet_form_3 .mailpoet_divider {  }\n#mailpoet_form_3 .mailpoet_message {  }\n#mailpoet_form_3 .mailpoet_form_loading { width: 30px; text-align: center; line-height: normal; }\n#mailpoet_form_3 .mailpoet_form_loading > span { width: 5px; height: 5px; background-color: #5b5b5b; }\n#mailpoet_form_3 h2.mailpoet-heading { margin: 0 0 20px 0; }\n#mailpoet_form_3 h1.mailpoet-heading { margin: 0 0 10px; }\n#mailpoet_form_3 form.mailpoet_form { padding-top: 0px; padding-bottom: 40px; }#mailpoet_form_3{border-radius: 25px;text-align: center;}#mailpoet_form_3 form.mailpoet_form {padding: 30px;}#mailpoet_form_3{width: 100%;}#mailpoet_form_3 .mailpoet_message {margin: 0; padding: 0 20px;}\n        #mailpoet_form_3 .mailpoet_validate_success {color: #00d084}\n        #mailpoet_form_3 input.parsley-success {color: #00d084}\n        #mailpoet_form_3 select.parsley-success {color: #00d084}\n        #mailpoet_form_3 textarea.parsley-success {color: #00d084}\n      \n        #mailpoet_form_3 .mailpoet_validate_error {color: #cf2e2e}\n        #mailpoet_form_3 input.parsley-error {color: #cf2e2e}\n        #mailpoet_form_3 select.parsley-error {color: #cf2e2e}\n        #mailpoet_form_3 textarea.textarea.parsley-error {color: #cf2e2e}\n        #mailpoet_form_3 .parsley-errors-list {color: #cf2e2e}\n        #mailpoet_form_3 .parsley-required {color: #cf2e2e}\n        #mailpoet_form_3 .parsley-custom-error-message {color: #cf2e2e}\n      #mailpoet_form_3 .mailpoet_paragraph.last {margin-bottom: 0} @media (max-width: 500px) {#mailpoet_form_3 {background-image: none;}} @media (min-width: 500px) {#mailpoet_form_3 .last .mailpoet_paragraph:last-child {margin-bottom: 0}}  @media (max-width: 500px) {#mailpoet_form_3 .mailpoet_form_column:last-child .mailpoet_paragraph:last-child {margin-bottom: 0}} \n    <\/style>\n\n    <form\n      target=\"_self\"\n      method=\"post\"\n      action=\"https:\/\/www.vuesdenface.com\/web\/wp-admin\/admin-post.php?action=mailpoet_subscription_form\"\n      class=\"mailpoet_form mailpoet_form_form mailpoet_form_html\"\n      novalidate\n      data-delay=\"\"\n      data-exit-intent-enabled=\"\"\n      data-trigger-mode=\"\"\n      data-click-trigger-selector=\"\"\n      data-font-family=\"\"\n      data-cookie-expiration-time=\"\"\n    >\n      <input type=\"hidden\" name=\"data[form_id]\" value=\"3\" \/>\n      <input type=\"hidden\" name=\"token\" value=\"6ffe77957f\" \/>\n      <input type=\"hidden\" name=\"api_version\" value=\"v1\" \/>\n      <input type=\"hidden\" name=\"endpoint\" value=\"subscribers\" \/>\n      <input type=\"hidden\" name=\"mailpoet_method\" value=\"subscribe\" \/>\n\n      <label class=\"mailpoet_hp_email_label\" style=\"display: none !important;\">Veuillez laisser ce champ vide<input type=\"email\" name=\"data[email]\"\/><\/label><h2 class=\"mailpoet-heading  mailpoet-has-font-size\" style=\"text-align: center; color: #f78da7; font-size: 40px; line-height: 1.3\"><span style=\"font-family: Amatic SC\" data-font=\"Amatic SC\" class=\"mailpoet-has-font\"><strong>Abonnez-vous <\/strong><br><strong>\u00e0 notre newsletter<\/strong> !<\/span><\/h2>\n<h2 class=\"mailpoet-heading  mailpoet-has-font-size\" style=\"text-align: center; font-size: 18px; line-height: 1.5\"><strong>Inscrivez-vous pour recevoir <\/strong>toutes <strong>les informations sur le <\/strong><br><strong>festival Vues d&rsquo;en face.<\/strong><\/h2>\n<div class='mailpoet_spacer' style='height: 2px;'><\/div>\n<div class=\"mailpoet_paragraph \"><input type=\"email\" autocomplete=\"email\" class=\"mailpoet_text\" id=\"form_email_3\" name=\"data[form_field_NzkzMTRkYWZkMDcxX2VtYWls]\" title=\"saisisez votre e-mail\" value=\"\" style=\"width:100%;box-sizing:border-box;background-color:#f1f1f1;border-style:solid;border-radius:30px !important;border-width:0px;border-color:#313131;padding:15px;margin: 0 auto;font-family:&#039;Montserrat&#039;;font-size:16px;line-height:1.5;height:auto;\" data-automation-id=\"form_email\"  placeholder=\"saisisez votre e-mail *\" aria-label=\"saisisez votre e-mail *\" data-parsley-errors-container=\".mailpoet_error_1vale\" data-parsley-required=\"true\" required aria-required=\"true\" data-parsley-minlength=\"6\" data-parsley-maxlength=\"150\" data-parsley-type-message=\"Cette valeur doit \u00eatre un e-mail valide.\" data-parsley-required-message=\"Ce champ est n\u00e9cessaire.\"\/><span class=\"mailpoet_error_1vale\"><\/span><\/div>\n<div class=\"mailpoet_paragraph \"><input type=\"submit\" class=\"mailpoet_submit\" value=\"Je m&#039;inscris\" data-automation-id=\"subscribe-submit-button\" data-font-family='Montserrat' style=\"width:100%;box-sizing:border-box;background-color:#f78da7;border-style:solid;border-radius:30px !important;border-width:0px;border-color:#313131;padding:10px;margin: 0 auto;font-family:&#039;Montserrat&#039;;font-size:20px;line-height:1.5;height:auto;color:#ffffff;font-weight:bold;\" \/><span class=\"mailpoet_form_loading\"><span class=\"mailpoet_bounce1\"><\/span><span class=\"mailpoet_bounce2\"><\/span><span class=\"mailpoet_bounce3\"><\/span><\/span><\/div>\n<div class='mailpoet_spacer' style='height: 2px;'><\/div>\n<p class=\"mailpoet_form_paragraph  mailpoet-has-font-size\" style=\"text-align: center; font-size: 13px; line-height: 1.5\"><em>Nous ne spammons pas\u00a0! <\/em><br>Nous gardons vos donn\u00e9es priv\u00e9es et ne les partagerons pas.<br><em>Consultez notre <a href=\"#\">politique de confidentialit\u00e9<\/a> pour plus d\u2019informations<\/em>.<\/p>\n<p class=\"mailpoet_form_paragraph \" style=\"text-align: center\"><em>Vous disposez d&rsquo;un droit d&rsquo;acc\u00e8s, de modification, de rectification et de suppression des donn\u00e9es qui vous concernent <\/em><br><em>(art. 34 de la loi \u00ab\u00a0Informatique et Libert\u00e9s\u00a0\u00bb).<\/em> <strong>Pour l&rsquo;exercer, contactez le webmaster <a href=\"..\/contact\/\">via notre formulaire de contact.<\/a><\/strong><\/p>\n<div class='mailpoet_spacer' style='height: 5px;'><\/div>\n\n      <div class=\"mailpoet_message\">\n        <p class=\"mailpoet_validate_success\"\n                style=\"display:none;\"\n                >V\u00e9rifiez votre boite de r\u00e9ception ou votre r\u00e9pertoire d\u2019ind\u00e9sirables pour confirmer votre abonnement.\n        <\/p>\n        <p class=\"mailpoet_validate_error\"\n                style=\"display:none;\"\n                >        <\/p>\n      <\/div>\n    <\/form>\n\n      <\/div>\n\n  ","protected":false},"excerpt":{"rendered":"","protected":false},"author":1,"featured_media":2989,"parent":0,"menu_order":0,"comment_status":"closed","ping_status":"closed","template":"","meta":{"footnotes":""},"class_list":["post-130","page","type-page","status-publish","has-post-thumbnail","hentry"],"_links":{"self":[{"href":"https:\/\/www.vuesdenface.com\/web\/wp-json\/wp\/v2\/pages\/130","targetHints":{"allow":["GET"]}}],"collection":[{"href":"https:\/\/www.vuesdenface.com\/web\/wp-json\/wp\/v2\/pages"}],"about":[{"href":"https:\/\/www.vuesdenface.com\/web\/wp-json\/wp\/v2\/types\/page"}],"author":[{"embeddable":true,"href":"https:\/\/www.vuesdenface.com\/web\/wp-json\/wp\/v2\/users\/1"}],"replies":[{"embeddable":true,"href":"https:\/\/www.vuesdenface.com\/web\/wp-json\/wp\/v2\/comments?post=130"}],"version-history":[{"count":9,"href":"https:\/\/www.vuesdenface.com\/web\/wp-json\/wp\/v2\/pages\/130\/revisions"}],"predecessor-version":[{"id":13189,"href":"https:\/\/www.vuesdenface.com\/web\/wp-json\/wp\/v2\/pages\/130\/revisions\/13189"}],"wp:featuredmedia":[{"embeddable":true,"href":"https:\/\/www.vuesdenface.com\/web\/wp-json\/wp\/v2\/media\/2989"}],"wp:attachment":[{"href":"https:\/\/www.vuesdenface.com\/web\/wp-json\/wp\/v2\/media?parent=130"}],"curies":[{"name":"wp","href":"https:\/\/api.w.org\/{rel}","templated":true}]}}