{"id":13097,"date":"2021-09-02T22:14:52","date_gmt":"2021-09-02T21:14:52","guid":{"rendered":"https:\/\/www.vuesdenface.com\/web\/?page_id=13097"},"modified":"2022-09-02T19:18:56","modified_gmt":"2022-09-02T18:18:56","slug":"remerciements-2021","status":"publish","type":"page","link":"https:\/\/www.vuesdenface.com\/web\/edition\/edition-21\/remerciements-2021\/","title":{"rendered":"Remerciements 2021"},"content":{"rendered":"<div>\n<div class=\"page\" title=\"Page 16\">\n<div class=\"section\">\n<div class=\"layoutArea\">\n<div class=\"column\">\n<p>L&rsquo;\u00e9quipe du Festival remercie :<\/p>\n<p>La Ville de Grenoble,<br \/>\nLa Direction des Affaires Culturelles, Le Service Communication,<br \/>\nLa mission \u00c9galit\u00e9 des droits,<\/p>\n<p>Grenoble Alpes M\u00e9tropole (la M\u00e9tro),<\/p>\n<p>Syndicat Mixte des Mobilit\u00e9s de l&rsquo;Aire Grenobloise,<\/p>\n<p>Le Cin\u00e9ma Le Club de Grenoble,<\/p>\n<p>Les Biblioth\u00e8ques Municipales de Grenoble, Centre-Ville et Kateb Yacine,<\/p>\n<p>La Cin\u00e9math\u00e8que de Grenoble, Le Cin\u00e9-Club de Grenoble,<\/p>\n<p>SUPCREA Grenoble,<br \/>\nLes \u00e9tudiants Design Graphique 2 pour les projets d&rsquo;affiches,<\/p>\n<p>Le Festival Connexion,<\/p>\n<p>Le centre LGBTI+<br \/>\net les associations membres,<\/p>\n<p>La Marche des Fiert\u00e9s,<\/p>\n<p>Les commer\u00e7ants et annonceurs, Le salon de coiffure 15 Bis,<br \/>\nLa boutique FAB,<\/p>\n<p>Les invit\u00e9es et invit\u00e9s qui sont venus \u00e0 la rencontre du public de Vues d&rsquo;en face,<\/p>\n<p>Tou-te-s les r\u00e9alisateurs et r\u00e9alisatrices, producteurs et productrices, festivals, distributeurs et distributrices, acteurs et actrices sans qui rien n\u2019aurait \u00e9t\u00e9 possible !<\/p>\n<\/div>\n<\/div>\n<\/div>\n<\/div>\n<p>L\u2019\u00e9quipe du Festival remercie :<\/p><\/div>\n<p>&#8230;<\/p>\n","protected":false},"excerpt":{"rendered":"<p>ceci est un extrait <a class=\"readmore\" href=\"https:\/\/www.vuesdenface.com\/web\/edition\/edition-21\/remerciements-2021\/\">Continuer la lecture &rarr;<\/a><\/p>\n","protected":false},"author":1,"featured_media":0,"parent":13089,"menu_order":8,"comment_status":"closed","ping_status":"closed","template":"","meta":{"footnotes":""},"class_list":["post-13097","page","type-page","status-publish","hentry","numero_edition-edition-21"],"_links":{"self":[{"href":"https:\/\/www.vuesdenface.com\/web\/wp-json\/wp\/v2\/pages\/13097","targetHints":{"allow":["GET"]}}],"collection":[{"href":"https:\/\/www.vuesdenface.com\/web\/wp-json\/wp\/v2\/pages"}],"about":[{"href":"https:\/\/www.vuesdenface.com\/web\/wp-json\/wp\/v2\/types\/page"}],"author":[{"embeddable":true,"href":"https:\/\/www.vuesdenface.com\/web\/wp-json\/wp\/v2\/users\/1"}],"replies":[{"embeddable":true,"href":"https:\/\/www.vuesdenface.com\/web\/wp-json\/wp\/v2\/comments?post=13097"}],"version-history":[{"count":2,"href":"https:\/\/www.vuesdenface.com\/web\/wp-json\/wp\/v2\/pages\/13097\/revisions"}],"predecessor-version":[{"id":13790,"href":"https:\/\/www.vuesdenface.com\/web\/wp-json\/wp\/v2\/pages\/13097\/revisions\/13790"}],"up":[{"embeddable":true,"href":"https:\/\/www.vuesdenface.com\/web\/wp-json\/wp\/v2\/pages\/13089"}],"wp:attachment":[{"href":"https:\/\/www.vuesdenface.com\/web\/wp-json\/wp\/v2\/media?parent=13097"}],"curies":[{"name":"wp","href":"https:\/\/api.w.org\/{rel}","templated":true}]}}