{"id":13527,"date":"2022-07-18T22:38:01","date_gmt":"2022-07-18T21:38:01","guid":{"rendered":"https:\/\/www.vuesdenface.com\/web\/edition\/edition-22\/"},"modified":"2022-09-17T05:37:26","modified_gmt":"2022-09-17T04:37:26","slug":"edition-22","status":"publish","type":"page","link":"https:\/\/www.vuesdenface.com\/web\/edition\/edition-22\/","title":{"rendered":"\u00c9dition 22 \u2022 \u00c9ditorial"},"content":{"rendered":"<div class=\"page\" title=\"Page 2\">\n<div class=\"section\">\n<div class=\"layoutArea\">\n<div class=\"column\">\n<p>Cela fait deux ans que le festival Vues d&rsquo;en face se d\u00e9roule \u00e0 l&rsquo;automne et nous sommes heureux de vous retrouver en octobre pour cette nouvelle \u00e9dition.<br \/>\nLe festival est un rendez-vous cin\u00e9matographique fortement attendu apr\u00e8s la rentr\u00e9e de septembre.<\/p>\n<p>Cette \u00e9dition marque le retour des festivit\u00e9s ! Elle d\u00e9marrera par un concert en plein Ciel avec le groupe Namoro, suivi dans la foul\u00e9e d&rsquo;une exposition de Cozaz, ami des Bears, puis d&rsquo;une soir\u00e9e d&rsquo;ouverture exceptionnelle \u00e0 la Bobine, orchestr\u00e9e par les p\u00e9tillantes Spice Kitten et Coco Paillette !<\/p>\n<p>Nous avons voulu, comme toujours, vous faire profiter d&rsquo;une programmation tr\u00e8s vari\u00e9e avec des longs m\u00e9trages de fiction mais aussi des documentaires. Vous retrouverez nos deux s\u00e9ances habituelles de courts m\u00e9trages avec une s\u00e9lection faite avec c\u0153ur.<\/p>\n<p>Les projections au Cin\u00e9ma Le Club, le partenaire historique de l&rsquo;association, d\u00e9buteront avec l&rsquo;avant-premi\u00e8re de Joyland, Queer palm 2022 \u00e0 Cannes, qui nous plonge dans un dilemme entre sentiments et diktats de la\u00a0soci\u00e9t\u00e9.<\/p>\n<p>Des associations partenaires seront pr\u00e9sentes pour des temps d&rsquo;\u00e9changes avec le public notamment pour les films Famille tu me hais et Au c\u0153ur du bois.<\/p>\n<p>Nous finirons en beaut\u00e9 avec Close, grand prix du jury \u00e0 Cannes 2022 qui vous sera \u00e9galement\u00a0pr\u00e9sent\u00e9 en avant-premi\u00e8re \u00e0 Grenoble.<\/p>\n<p>Le festival se cl\u00f4turera dans le tout nouveau et surprenant Bar Radis : nous vous convions \u00e0 un show haut en couleurs concoct\u00e9 par les incroyables Ruby et Rita tout droit sorties des 12\u00a0travelos d&rsquo;Hercile et autres invit\u00e9.e.s surprises&#8230; Bon festival \u00e0 toutes et tous.<\/p>\n<\/div>\n<\/div>\n<div class=\"layoutArea\">\n<div class=\"column\">\n<p style=\"text-align: right;\">L&rsquo;\u00c9quipe de Vues d&rsquo;en face.<\/p>\n<p style=\"text-align: left;\"><div class=\"rubrique\"><div class=\"rubrique-icone\"><i class=\"fa fa-star-o fa-lg\"><\/i><\/div><div class=\"rubrique-texte\">Catalogue de l'\u00e9dition 22<br><\/div><hr><\/div>\n<figure class=\"grille-vignettes\"><a href=\"https:\/\/www.vuesdenface.com\/web\/wp-content\/uploads\/2022\/08\/catalogue_VDEF_2022.pdf\"><img loading=\"lazy\" decoding=\"async\" src=\"https:\/\/www.vuesdenface.com\/web\/wp-content\/vignettes-vdef\/2022\/08\/100x150\/catalogue_VDEF_2022.pdf-100x150.jpg\" width=\"100\" height=\"150\" class=\"photo-film\" alt=\"\" rel=\"\" title=\"Catalogue 2022\"><\/a><figcaption><a href=\"https:\/\/www.vuesdenface.com\/web\/wp-content\/uploads\/2022\/08\/catalogue_VDEF_2022.pdf\">Catalogue 2022&nbsp;&nbsp;&nbsp;&nbsp;&nbsp;<\/a><br\/>(pdf de 15.11 Mo)&nbsp;&nbsp;&nbsp;&nbsp;<\/figcaption><\/figure><div class=\"clear\"><\/br><\/div><code><br \/>\n<\/code><\/p>\n<p style=\"text-align: left;\"><div class=\"gridBox-title\">\u00c9dition 25<br><\/div><span class=\"majuscule sous-menu gras\">Le Festival<\/span><br><div class=\"boxes-container\"><ul><li class=\"page_item page-item-16424\"><a href=\"https:\/\/www.vuesdenface.com\/web\/edition\/edition-25\/edition-25\/\">Vues d&rsquo;en face, 25 ans d\u00e9j\u00e0 !<\/a><\/li>\n<li class=\"page_item page-item-15885\"><a href=\"https:\/\/www.vuesdenface.com\/web\/edition\/edition-25\/selection-films-2025\/\">S\u00e9lection Films 2025<\/a><\/li>\n<li class=\"page_item page-item-15886\"><a href=\"https:\/\/www.vuesdenface.com\/web\/edition\/edition-25\/evenements-festival-2025\/\">\u00c9v\u00e8nements Festival 2025<\/a><\/li>\n<li class=\"page_item page-item-15888\"><a href=\"https:\/\/www.vuesdenface.com\/web\/edition\/edition-25\/prix-jury-2025\/\">Prix du Jury 2025<\/a><\/li>\n<li class=\"page_item page-item-15887\"><a href=\"https:\/\/www.vuesdenface.com\/web\/edition\/edition-25\/prix-public-2025\/\">Prix du public 2025<\/a><\/li>\n<li class=\"page_item page-item-15889\"><a href=\"https:\/\/www.vuesdenface.com\/web\/edition\/edition-25\/bande-annonce-2025\/\">Bande annonce 2025<\/a><\/li>\n<li class=\"page_item page-item-15890\"><a href=\"https:\/\/www.vuesdenface.com\/web\/edition\/edition-25\/documents-2025\/\">Documents 2025<\/a><\/li>\n<li class=\"page_item page-item-15891\"><a href=\"https:\/\/www.vuesdenface.com\/web\/edition\/edition-25\/informations-pratique-2025\/\">Informations pratiques 2025<\/a><\/li>\n<li class=\"page_item page-item-15892\"><a href=\"https:\/\/www.vuesdenface.com\/web\/edition\/edition-25\/partenaires-2025\/\">Partenaires 2025<\/a><\/li>\n<li class=\"page_item page-item-15893\"><a href=\"https:\/\/www.vuesdenface.com\/web\/edition\/edition-25\/remerciements-2025\/\">Remerciements 2025<\/a><\/li>\n<li class=\"default-menu\"><a href=\"https:\/\/www.vuesdenface.com\/web\/\" title=\"Menu\">Menu<\/a><\/li><\/ul><\/div><span class=\"majuscule sous-menu gras\">Autour du Festival<\/span><br><div class=\"boxes-container\"><ul><li><a href=\"https:\/\/www.vuesdenface.com\/web\/fiche-event\/forum-des-assos-2025\/\">Forum des Assos 2025<\/a><\/li><li><a href=\"https:\/\/www.vuesdenface.com\/web\/fiche-event\/lheure-du-conte-drag\/\">L'Heure du conte Drag<\/a><\/li><li><a href=\"https:\/\/www.vuesdenface.com\/web\/fiche-event\/cabaret-queer\/\">Cabaret Queer<\/a><\/li><li><a href=\"https:\/\/www.vuesdenface.com\/web\/fiche-event\/hommage-a-lionel-soukaz\/\">Hommage \u00e0 Lionel Soukaz<\/a><\/li><li><a href=\"https:\/\/www.vuesdenface.com\/web\/fiche-event\/cine-habibi\/\">Cin\u00e9 HABIBI<\/a><\/li><li><a href=\"https:\/\/www.vuesdenface.com\/web\/fiche-event\/lachez-prise-soiree-de-cloture\/\">L\u00e2chez prise - Soir\u00e9e de Cl\u00f4ture<\/a><\/li><\/ul><\/div>\n<p style=\"text-align: left;\"><span style=\"font-size: revert;\"><br\/><h2>Clip de l'\u00e9dition 22<hr class=\"no-margin-up-down\"><\/h2>\n<\/span><iframe loading=\"lazy\" src=\"https:\/\/player.vimeo.com\/video\/746661983?h=12716cfa28&amp;title=0&amp;byline=0&amp;portrait=0&amp;speed=0&amp;badge=0&amp;autopause=0&amp;player_id=0&amp;app_id=58479\" width=\"1920\" height=\"1080\" frameborder=\"0\" allow=\"autoplay; fullscreen; picture-in-picture\" allowfullscreen title=\"Vues d&amp;#039;en face 2022\"><\/iframe>\n<p style=\"text-align: left;\"><span style=\"font-size: revert;\"><div class=\"rubrique\"><div class=\"rubrique-icone\"><i class=\"fa  fa-lg\"><\/i><\/div><div class=\"rubrique-texte\">Quelques articles<br><\/div><hr><\/div><ul><li><a href=\"https:\/\/www.vuesdenface.com\/web\/edition\/edition-22\/\">\u00c7a va bient\u00f4t commencer !<\/a><\/li><li><a href=\"https:\/\/www.vuesdenface.com\/web\/edition\/edition-22\/\">FLEE : Soir\u00e9e d\u00e9bat avec Vues d'en Face et Amnesty International<\/a><\/li><li><a href=\"https:\/\/www.vuesdenface.com\/web\/edition\/edition-22\/\">Forum des Associations<\/a><\/li><\/ul><\/span><\/p>\n<\/div>\n<\/div>\n<\/div>\n<\/div>\n","protected":false},"excerpt":{"rendered":"<p>ceci est un extrait <a class=\"readmore\" href=\"https:\/\/www.vuesdenface.com\/web\/edition\/edition-22\/\">Continuer la lecture &rarr;<\/a><\/p>\n","protected":false},"author":1,"featured_media":0,"parent":888,"menu_order":0,"comment_status":"closed","ping_status":"closed","template":"","meta":{"footnotes":""},"class_list":["post-13527","page","type-page","status-publish","hentry","numero_edition-edition-22"],"_links":{"self":[{"href":"https:\/\/www.vuesdenface.com\/web\/wp-json\/wp\/v2\/pages\/13527","targetHints":{"allow":["GET"]}}],"collection":[{"href":"https:\/\/www.vuesdenface.com\/web\/wp-json\/wp\/v2\/pages"}],"about":[{"href":"https:\/\/www.vuesdenface.com\/web\/wp-json\/wp\/v2\/types\/page"}],"author":[{"embeddable":true,"href":"https:\/\/www.vuesdenface.com\/web\/wp-json\/wp\/v2\/users\/1"}],"replies":[{"embeddable":true,"href":"https:\/\/www.vuesdenface.com\/web\/wp-json\/wp\/v2\/comments?post=13527"}],"version-history":[{"count":10,"href":"https:\/\/www.vuesdenface.com\/web\/wp-json\/wp\/v2\/pages\/13527\/revisions"}],"predecessor-version":[{"id":13936,"href":"https:\/\/www.vuesdenface.com\/web\/wp-json\/wp\/v2\/pages\/13527\/revisions\/13936"}],"up":[{"embeddable":true,"href":"https:\/\/www.vuesdenface.com\/web\/wp-json\/wp\/v2\/pages\/888"}],"wp:attachment":[{"href":"https:\/\/www.vuesdenface.com\/web\/wp-json\/wp\/v2\/media?parent=13527"}],"curies":[{"name":"wp","href":"https:\/\/api.w.org\/{rel}","templated":true}]}}