{"id":13530,"date":"2022-11-14T23:23:04","date_gmt":"2022-11-14T22:23:04","guid":{"rendered":"https:\/\/www.vuesdenface.com\/web\/?page_id=13530"},"modified":"2022-11-14T23:23:05","modified_gmt":"2022-11-14T22:23:05","slug":"prix-public-2022","status":"publish","type":"page","link":"https:\/\/www.vuesdenface.com\/web\/edition\/edition-22\/prix-public-2022\/","title":{"rendered":"Prix du public 2022"},"content":{"rendered":"<p style=\"text-align: center;\">Vous avez \u00e9t\u00e9 tr\u00e8s nombreuses et nombreux \u00e0 participer aux votes pour d\u00e9signer le Prix du Public 2022, dont voici les r\u00e9sultats :<\/p>\n<p style=\"text-align: center;\"><br><p>Le prix du public n'a pas encore \u00e9t\u00e9 d\u00e9sign\u00e9.<br>Il sera annonc\u00e9 \u00e0 la fin du festival.<\/p><br>\n","protected":false},"excerpt":{"rendered":"<p>ceci est un extrait <a class=\"readmore\" href=\"https:\/\/www.vuesdenface.com\/web\/edition\/edition-22\/prix-public-2022\/\">Continuer la lecture &rarr;<\/a><\/p>\n","protected":false},"author":1,"featured_media":0,"parent":13527,"menu_order":3,"comment_status":"closed","ping_status":"closed","template":"","meta":{"footnotes":""},"class_list":["post-13530","page","type-page","status-publish","hentry","numero_edition-edition-22"],"_links":{"self":[{"href":"https:\/\/www.vuesdenface.com\/web\/wp-json\/wp\/v2\/pages\/13530","targetHints":{"allow":["GET"]}}],"collection":[{"href":"https:\/\/www.vuesdenface.com\/web\/wp-json\/wp\/v2\/pages"}],"about":[{"href":"https:\/\/www.vuesdenface.com\/web\/wp-json\/wp\/v2\/types\/page"}],"author":[{"embeddable":true,"href":"https:\/\/www.vuesdenface.com\/web\/wp-json\/wp\/v2\/users\/1"}],"replies":[{"embeddable":true,"href":"https:\/\/www.vuesdenface.com\/web\/wp-json\/wp\/v2\/comments?post=13530"}],"version-history":[{"count":1,"href":"https:\/\/www.vuesdenface.com\/web\/wp-json\/wp\/v2\/pages\/13530\/revisions"}],"predecessor-version":[{"id":13964,"href":"https:\/\/www.vuesdenface.com\/web\/wp-json\/wp\/v2\/pages\/13530\/revisions\/13964"}],"up":[{"embeddable":true,"href":"https:\/\/www.vuesdenface.com\/web\/wp-json\/wp\/v2\/pages\/13527"}],"wp:attachment":[{"href":"https:\/\/www.vuesdenface.com\/web\/wp-json\/wp\/v2\/media?parent=13530"}],"curies":[{"name":"wp","href":"https:\/\/api.w.org\/{rel}","templated":true}]}}