{"id":14021,"date":"2023-08-19T21:44:45","date_gmt":"2023-08-19T20:44:45","guid":{"rendered":"https:\/\/www.vuesdenface.com\/web\/?page_id=14021"},"modified":"2023-08-19T21:44:45","modified_gmt":"2023-08-19T20:44:45","slug":"evenements-festival-2023","status":"publish","type":"page","link":"https:\/\/www.vuesdenface.com\/web\/edition\/edition-23\/evenements-festival-2023\/","title":{"rendered":"\u00c9v\u00e8nements Festival 2023"},"content":{"rendered":"Pas d'\u00e9v\u00e8nement trouv\u00e9\n","protected":false},"excerpt":{"rendered":"<p>ceci est un extrait <a class=\"readmore\" href=\"https:\/\/www.vuesdenface.com\/web\/edition\/edition-23\/evenements-festival-2023\/\">Continuer la lecture &rarr;<\/a><\/p>\n","protected":false},"author":1,"featured_media":0,"parent":14019,"menu_order":2,"comment_status":"closed","ping_status":"closed","template":"","meta":{"footnotes":""},"class_list":["post-14021","page","type-page","status-publish","hentry","numero_edition-edition-23"],"_links":{"self":[{"href":"https:\/\/www.vuesdenface.com\/web\/wp-json\/wp\/v2\/pages\/14021","targetHints":{"allow":["GET"]}}],"collection":[{"href":"https:\/\/www.vuesdenface.com\/web\/wp-json\/wp\/v2\/pages"}],"about":[{"href":"https:\/\/www.vuesdenface.com\/web\/wp-json\/wp\/v2\/types\/page"}],"author":[{"embeddable":true,"href":"https:\/\/www.vuesdenface.com\/web\/wp-json\/wp\/v2\/users\/1"}],"replies":[{"embeddable":true,"href":"https:\/\/www.vuesdenface.com\/web\/wp-json\/wp\/v2\/comments?post=14021"}],"version-history":[{"count":1,"href":"https:\/\/www.vuesdenface.com\/web\/wp-json\/wp\/v2\/pages\/14021\/revisions"}],"predecessor-version":[{"id":14036,"href":"https:\/\/www.vuesdenface.com\/web\/wp-json\/wp\/v2\/pages\/14021\/revisions\/14036"}],"up":[{"embeddable":true,"href":"https:\/\/www.vuesdenface.com\/web\/wp-json\/wp\/v2\/pages\/14019"}],"wp:attachment":[{"href":"https:\/\/www.vuesdenface.com\/web\/wp-json\/wp\/v2\/media?parent=14021"}],"curies":[{"name":"wp","href":"https:\/\/api.w.org\/{rel}","templated":true}]}}