{"id":14956,"date":"2023-10-16T22:54:27","date_gmt":"2023-10-16T21:54:27","guid":{"rendered":"https:\/\/www.vuesdenface.com\/web\/?page_id=14956"},"modified":"2023-10-18T21:58:38","modified_gmt":"2023-10-18T20:58:38","slug":"prix-du-jury-2023","status":"publish","type":"page","link":"https:\/\/www.vuesdenface.com\/web\/edition\/edition-23\/prix-du-jury-2023\/","title":{"rendered":"Prix du Jury 2023"},"content":{"rendered":"\n<p>Apr\u00e8s d\u00e9lib\u00e9ration, voici les r\u00e9sultats du Prix du Jury<br \/><br><p>Le prix du jury n'a pas encore \u00e9t\u00e9 d\u00e9sign\u00e9.<br>Il sera annonc\u00e9 \u00e0 la fin du festival.<\/p><br>\n","protected":false},"excerpt":{"rendered":"<p>Apr\u00e8s d\u00e9lib\u00e9ration, voici les r\u00e9sultats du Prix du Jury<\/p>\n","protected":false},"author":7,"featured_media":0,"parent":14019,"menu_order":0,"comment_status":"closed","ping_status":"closed","template":"","meta":{"footnotes":""},"class_list":["post-14956","page","type-page","status-publish","hentry"],"_links":{"self":[{"href":"https:\/\/www.vuesdenface.com\/web\/wp-json\/wp\/v2\/pages\/14956","targetHints":{"allow":["GET"]}}],"collection":[{"href":"https:\/\/www.vuesdenface.com\/web\/wp-json\/wp\/v2\/pages"}],"about":[{"href":"https:\/\/www.vuesdenface.com\/web\/wp-json\/wp\/v2\/types\/page"}],"author":[{"embeddable":true,"href":"https:\/\/www.vuesdenface.com\/web\/wp-json\/wp\/v2\/users\/7"}],"replies":[{"embeddable":true,"href":"https:\/\/www.vuesdenface.com\/web\/wp-json\/wp\/v2\/comments?post=14956"}],"version-history":[{"count":3,"href":"https:\/\/www.vuesdenface.com\/web\/wp-json\/wp\/v2\/pages\/14956\/revisions"}],"predecessor-version":[{"id":14970,"href":"https:\/\/www.vuesdenface.com\/web\/wp-json\/wp\/v2\/pages\/14956\/revisions\/14970"}],"up":[{"embeddable":true,"href":"https:\/\/www.vuesdenface.com\/web\/wp-json\/wp\/v2\/pages\/14019"}],"wp:attachment":[{"href":"https:\/\/www.vuesdenface.com\/web\/wp-json\/wp\/v2\/media?parent=14956"}],"curies":[{"name":"wp","href":"https:\/\/api.w.org\/{rel}","templated":true}]}}