{"id":15089,"date":"2024-05-26T18:23:40","date_gmt":"2024-05-26T17:23:40","guid":{"rendered":"https:\/\/www.vuesdenface.com\/web\/edition\/edition-24\/"},"modified":"2024-10-08T22:15:57","modified_gmt":"2024-10-08T21:15:57","slug":"edition-24","status":"publish","type":"page","link":"https:\/\/www.vuesdenface.com\/web\/edition\/edition-24\/","title":{"rendered":"\u00c9dition 24 \u2022 \u00c9ditorial"},"content":{"rendered":"<p>Bienvenue \u00e0 cette vingt-quatri\u00e8me \u00e9dition du Festival Vues d\u2019en Face, le rendez-vous<br \/>\nincontournable de la r\u00e9gion grenobloise qui, depuis 2001, c\u00e9l\u00e8bre le cin\u00e9ma queer<br \/>\n\u00e0 travers des \u0153uvres audacieuses et souvent m\u00e9connues, venues du monde entier.<\/p>\n<iframe src=\"https:\/\/player.vimeo.com\/video\/1017702432?title=0&amp;byline=0&amp;portrait=0&amp;badge=0&amp;autopause=0&amp;player_id=0&amp;app_id=58479\" frameborder=\"0\" allow=\"autoplay; fullscreen; picture-in-picture; clipboard-write\" style=\"position:absolute;top:0;left:0;width:100%;height:100%;\" title=\"Clip Vues d'en face 2024\"><\/iframe>\n<p>Cette ann\u00e9e, nous avons l&rsquo;immense plaisir de vous pr\u00e9senter avec nos partenaires<br \/>\nCin\u00e9-Club et la Cin\u00e9math\u00e8que trois films embl\u00e9matiques qui ont marqu\u00e9 l\u2019histoire<br \/>\ndu cin\u00e9ma LGBTQIA+ : The Rocky Horror Picture Show (1975), My Beautiful Laundrette<br \/>\n(1985) et The Celluloid Closet (1996). Chacun de ces films a, \u00e0 sa mani\u00e8re,<br \/>\nr\u00e9volutionn\u00e9 la repr\u00e9sentation des identit\u00e9s et la visibilit\u00e9 LGBTQIA+ \u00e0 l&rsquo;\u00e9cran.<\/p>\n<p>Nous avons \u00e9galement l&rsquo;honneur avec les Biblioth\u00e8ques de Grenoble de projeter trois<br \/>\ndocumentaires r\u00e9cents qui subliment l\u2019amour entre femmes \u00e0 travers diff\u00e9rentes<br \/>\np\u00e9riodes de l&rsquo;Histoire : Nelly et Nadine, qui raconte l&rsquo;amour n\u00e9 dans un camp de<br \/>\nconcentration, Ultraviolette et le gang des cracheuses de sang, qui se d\u00e9roule pendant<br \/>\nl\u2019entre-deux-guerres, et Lesvia, qui nous transporte dans les ann\u00e9es 1970 sur l\u2019\u00eele de<br \/>\nLesbos.<br \/>\nPour enrichir cette th\u00e9matique du patrimoine, deux \u00e9v\u00e9nements sp\u00e9ciaux<br \/>\nautour des inspirantes Barbara Hammer et Jill Johnston viendront compl\u00e9ter le<br \/>\nprogramme.<\/p>\n<p>C\u00f4t\u00e9 fiction, nous avons s\u00e9lectionn\u00e9 huit films et vingt courts-m\u00e9trages. Fid\u00e8le \u00e0<br \/>\nl\u2019ADN du festival, ce panorama d\u2019\u0153uvres in\u00e9dites et \u00e9clectiques repr\u00e9sente pr\u00e8s<br \/>\nd\u2019une vingtaine de pays diff\u00e9rents, le tout en pr\u00e9sence d&rsquo;une queerielle d&rsquo;invit\u00e9.e.s.<br \/>\nPartenaire historique du festival, le cin\u00e9ma Le Club nous accueillera de nouveau<br \/>\ncette ann\u00e9e pour le c\u0153ur des projections, avec en cl\u00f4ture et en avant-premi\u00e8re le<br \/>\nsecond long-m\u00e9trage de Mikko M\u00e4kel\u00e4 : Sebastian. <\/p>\n<p><strong>Une buvette sera ouverte dans la rue du cin\u00e9ma Le Club pour prolonger le plaisir avant et apr\u00e8s chaque s\u00e9ance.<\/strong><\/p>\n<p>Pour compl\u00e9ter ces festivit\u00e9s, plusieurs \u00e9v\u00e8nements vous seront propos\u00e9s avec nos<br \/>\npartenaires : un atelier Drag King au Pacifique et une soir\u00e9e DJ Set et son Show Drag<br \/>\nviendront clore ces trois semaines exceptionnelles.<\/p>\n<p>\u00c0 l\u2019issue du Festival, seront d\u00e9cern\u00e9s : vos trois Prix du Public (longs m\u00e9trages,<br \/>\ncourts m\u00e9trages et documentaires) ainsi que celui du Jury pour le meilleur long<br \/>\nm\u00e9trage de fiction.<\/p>\n<p><code><div class=\"rubrique\"><div class=\"rubrique-icone\"><i class=\"fa fa-star-o fa-lg\"><\/i><\/div><div class=\"rubrique-texte\">Catalogue de l'\u00e9dition 24<br><\/div><hr><\/div>\n<\/code><code><\/code><figure class=\"grille-vignettes\"><a href=\"https:\/\/www.vuesdenface.com\/web\/wp-content\/uploads\/2024\/05\/catalogue_VDEF_2024_WEB.pdf\"><img loading=\"lazy\" decoding=\"async\" src=\"https:\/\/www.vuesdenface.com\/web\/wp-content\/vignettes-vdef\/2024\/05\/100x150\/catalogue_VDEF_2024_WEB.pdf-100x150.jpg\" width=\"100\" height=\"150\" class=\"photo-film\" alt=\"\" rel=\"\" title=\"catalogue Vues d'en face 2024\"><\/a><figcaption><a href=\"https:\/\/www.vuesdenface.com\/web\/wp-content\/uploads\/2024\/05\/catalogue_VDEF_2024_WEB.pdf\">catalogue Vues d'en face 2024&nbsp;&nbsp;&nbsp;&nbsp;&nbsp;<\/a><br\/>(pdf de 17.31 Mo)&nbsp;&nbsp;&nbsp;&nbsp;<\/figcaption><\/figure><div class=\"clear\"><\/br><\/div>\n<p><code><div class=\"rubrique\"><div class=\"rubrique-icone\"><i class=\"fa fa-film fa-lg\"><\/i><\/div><div class=\"rubrique-texte\">Clip de l'\u00e9dition 2024<br><\/div><hr><\/div><\/code><br \/>\n<iframe src=\"https:\/\/player.vimeo.com\/video\/1017702432?title=0&amp;byline=0&amp;portrait=0&amp;badge=0&amp;autopause=0&amp;player_id=0&amp;app_id=58479\" frameborder=\"0\" allow=\"autoplay; fullscreen; picture-in-picture; clipboard-write\" style=\"position:absolute;top:0;left:0;width:100%;height:100%;\" title=\"Clip Vues d'en face 2024\"><\/iframe>\n<p><code><div class=\"rubrique\"><div class=\"rubrique-icone\"><i class=\"fa fa-pencil fa-lg\"><\/i><\/div><div class=\"rubrique-texte\">Quelques articles<br><\/div><hr><\/div><\/code><br \/>\n<ul><li><a href=\"https:\/\/www.vuesdenface.com\/web\/edition\/edition-24\/\">Prix du Jury et Prix du Public 2024<\/a><\/li><li><a href=\"https:\/\/www.vuesdenface.com\/web\/edition\/edition-24\/\">Changement d'horaire pour la s\u00e9ance de My Beautiful Laundrette : 19h<\/a><\/li><li><a href=\"https:\/\/www.vuesdenface.com\/web\/edition\/edition-24\/\">Pr\u00e9sentation du Jury 2024<\/a><\/li><li><a href=\"https:\/\/www.vuesdenface.com\/web\/edition\/edition-24\/\">C'est parti pour la 24\u00e8me \u00e9dition de Vues d'en face !<\/a><\/li><\/ul>\n","protected":false},"excerpt":{"rendered":"<p>ceci est un extrait <a class=\"readmore\" href=\"https:\/\/www.vuesdenface.com\/web\/edition\/edition-24\/\">Continuer la lecture &rarr;<\/a><\/p>\n","protected":false},"author":1,"featured_media":15088,"parent":888,"menu_order":0,"comment_status":"closed","ping_status":"closed","template":"","meta":{"footnotes":""},"class_list":["post-15089","page","type-page","status-publish","has-post-thumbnail","hentry","numero_edition-edition-24"],"_links":{"self":[{"href":"https:\/\/www.vuesdenface.com\/web\/wp-json\/wp\/v2\/pages\/15089","targetHints":{"allow":["GET"]}}],"collection":[{"href":"https:\/\/www.vuesdenface.com\/web\/wp-json\/wp\/v2\/pages"}],"about":[{"href":"https:\/\/www.vuesdenface.com\/web\/wp-json\/wp\/v2\/types\/page"}],"author":[{"embeddable":true,"href":"https:\/\/www.vuesdenface.com\/web\/wp-json\/wp\/v2\/users\/1"}],"replies":[{"embeddable":true,"href":"https:\/\/www.vuesdenface.com\/web\/wp-json\/wp\/v2\/comments?post=15089"}],"version-history":[{"count":10,"href":"https:\/\/www.vuesdenface.com\/web\/wp-json\/wp\/v2\/pages\/15089\/revisions"}],"predecessor-version":[{"id":15782,"href":"https:\/\/www.vuesdenface.com\/web\/wp-json\/wp\/v2\/pages\/15089\/revisions\/15782"}],"up":[{"embeddable":true,"href":"https:\/\/www.vuesdenface.com\/web\/wp-json\/wp\/v2\/pages\/888"}],"wp:featuredmedia":[{"embeddable":true,"href":"https:\/\/www.vuesdenface.com\/web\/wp-json\/wp\/v2\/media\/15088"}],"wp:attachment":[{"href":"https:\/\/www.vuesdenface.com\/web\/wp-json\/wp\/v2\/media?parent=15089"}],"curies":[{"name":"wp","href":"https:\/\/api.w.org\/{rel}","templated":true}]}}