{"id":15092,"date":"2024-10-06T23:27:55","date_gmt":"2024-10-06T22:27:55","guid":{"rendered":"https:\/\/www.vuesdenface.com\/web\/?page_id=15092"},"modified":"2024-10-06T23:27:55","modified_gmt":"2024-10-06T22:27:55","slug":"prix-public-2024","status":"publish","type":"page","link":"https:\/\/www.vuesdenface.com\/web\/edition\/edition-24\/prix-public-2024\/","title":{"rendered":"Prix du public 2024"},"content":{"rendered":"<p style=\"text-align: center;\">Vous avez \u00e9t\u00e9 tr\u00e8s nombreuses et nombreux \u00e0 participer aux votes pour d\u00e9signer le Prix du Public 2024, dont voici les r\u00e9sultats :<\/p>\n<p style=\"text-align: center;\"><br><p>Le prix du public n'a pas encore \u00e9t\u00e9 d\u00e9sign\u00e9.<br>Il sera annonc\u00e9 \u00e0 la fin du festival.<\/p><br>\n","protected":false},"excerpt":{"rendered":"<p>ceci est un extrait <a class=\"readmore\" href=\"https:\/\/www.vuesdenface.com\/web\/edition\/edition-24\/prix-public-2024\/\">Continuer la lecture &rarr;<\/a><\/p>\n","protected":false},"author":1,"featured_media":0,"parent":15089,"menu_order":3,"comment_status":"closed","ping_status":"closed","template":"","meta":{"footnotes":""},"class_list":["post-15092","page","type-page","status-publish","hentry","numero_edition-edition-24"],"_links":{"self":[{"href":"https:\/\/www.vuesdenface.com\/web\/wp-json\/wp\/v2\/pages\/15092","targetHints":{"allow":["GET"]}}],"collection":[{"href":"https:\/\/www.vuesdenface.com\/web\/wp-json\/wp\/v2\/pages"}],"about":[{"href":"https:\/\/www.vuesdenface.com\/web\/wp-json\/wp\/v2\/types\/page"}],"author":[{"embeddable":true,"href":"https:\/\/www.vuesdenface.com\/web\/wp-json\/wp\/v2\/users\/1"}],"replies":[{"embeddable":true,"href":"https:\/\/www.vuesdenface.com\/web\/wp-json\/wp\/v2\/comments?post=15092"}],"version-history":[{"count":1,"href":"https:\/\/www.vuesdenface.com\/web\/wp-json\/wp\/v2\/pages\/15092\/revisions"}],"predecessor-version":[{"id":15750,"href":"https:\/\/www.vuesdenface.com\/web\/wp-json\/wp\/v2\/pages\/15092\/revisions\/15750"}],"up":[{"embeddable":true,"href":"https:\/\/www.vuesdenface.com\/web\/wp-json\/wp\/v2\/pages\/15089"}],"wp:attachment":[{"href":"https:\/\/www.vuesdenface.com\/web\/wp-json\/wp\/v2\/media?parent=15092"}],"curies":[{"name":"wp","href":"https:\/\/api.w.org\/{rel}","templated":true}]}}