{"id":15095,"date":"2024-05-26T21:24:09","date_gmt":"2024-05-26T20:24:09","guid":{"rendered":"https:\/\/www.vuesdenface.com\/web\/?page_id=15095"},"modified":"2024-10-03T23:19:38","modified_gmt":"2024-10-03T22:19:38","slug":"documents-2024","status":"publish","type":"page","link":"https:\/\/www.vuesdenface.com\/web\/edition\/edition-24\/documents-2024\/","title":{"rendered":"Documents 2024"},"content":{"rendered":"<p>Vous trouverez ci-dessous les liens pour t\u00e9l\u00e9charger les divers documents relatifs \u00e0 l&rsquo;\u00e9dition 24 du festival Vues d&rsquo;en face.<br \/>\n\n","protected":false},"excerpt":{"rendered":"<p>ceci est un extrait <a class=\"readmore\" href=\"https:\/\/www.vuesdenface.com\/web\/edition\/edition-24\/documents-2024\/\">Continuer la lecture &rarr;<\/a><\/p>\n","protected":false},"author":1,"featured_media":15596,"parent":15089,"menu_order":5,"comment_status":"closed","ping_status":"closed","template":"","meta":{"footnotes":""},"class_list":["post-15095","page","type-page","status-publish","has-post-thumbnail","hentry","numero_edition-edition-24"],"_links":{"self":[{"href":"https:\/\/www.vuesdenface.com\/web\/wp-json\/wp\/v2\/pages\/15095","targetHints":{"allow":["GET"]}}],"collection":[{"href":"https:\/\/www.vuesdenface.com\/web\/wp-json\/wp\/v2\/pages"}],"about":[{"href":"https:\/\/www.vuesdenface.com\/web\/wp-json\/wp\/v2\/types\/page"}],"author":[{"embeddable":true,"href":"https:\/\/www.vuesdenface.com\/web\/wp-json\/wp\/v2\/users\/1"}],"replies":[{"embeddable":true,"href":"https:\/\/www.vuesdenface.com\/web\/wp-json\/wp\/v2\/comments?post=15095"}],"version-history":[{"count":10,"href":"https:\/\/www.vuesdenface.com\/web\/wp-json\/wp\/v2\/pages\/15095\/revisions"}],"predecessor-version":[{"id":15719,"href":"https:\/\/www.vuesdenface.com\/web\/wp-json\/wp\/v2\/pages\/15095\/revisions\/15719"}],"up":[{"embeddable":true,"href":"https:\/\/www.vuesdenface.com\/web\/wp-json\/wp\/v2\/pages\/15089"}],"wp:featuredmedia":[{"embeddable":true,"href":"https:\/\/www.vuesdenface.com\/web\/wp-json\/wp\/v2\/media\/15596"}],"wp:attachment":[{"href":"https:\/\/www.vuesdenface.com\/web\/wp-json\/wp\/v2\/media?parent=15095"}],"curies":[{"name":"wp","href":"https:\/\/api.w.org\/{rel}","templated":true}]}}