{"id":15096,"date":"2024-09-01T19:00:10","date_gmt":"2024-09-01T18:00:10","guid":{"rendered":"https:\/\/www.vuesdenface.com\/web\/?page_id=15096"},"modified":"2024-09-01T19:12:11","modified_gmt":"2024-09-01T18:12:11","slug":"informations-pratique-2024","status":"publish","type":"page","link":"https:\/\/www.vuesdenface.com\/web\/edition\/edition-24\/informations-pratique-2024\/","title":{"rendered":"Informations pratiques 2024"},"content":{"rendered":"<p>Les billets pour les s\u00e9ances du festival sont en vente en caisse des cin\u00e9mas partenaires.<\/p>\n<p><code><div class=\"rubrique\"><div class=\"rubrique-icone\"><i class=\"fa fa-info-circle fa-lg\"><\/i><\/div><div class=\"rubrique-texte\">Tarifs au cin\u00e9ma Le Club<br><\/div><hr><\/div><\/code><\/p>\n<p>Tarif unique Vues d&rsquo;en face : 6,50 \u20ac la s\u00e9ance.<br \/>\nCartes d&rsquo;abonnements Le Club accespt\u00e9es.<\/p>\n<p><code><div class=\"rubrique\"><div class=\"rubrique-icone\"><i class=\"fa fa-info-circle fa-lg\"><\/i><\/div><div class=\"rubrique-texte\">Tarifs autres cin\u00e9mas<br><\/div><hr><\/div><\/code><\/p>\n<table style=\"height: 159px; width: 100.238%; border-collapse: collapse; border-style: solid; border-color: #000000;\" border=\"1\" cellspacing=\"10\" cellpadding=\"10\">\n<tbody>\n<tr style=\"height: 23px;\">\n<td style=\"width: 25%; height: 23px; text-align: center;\" colspan=\"2\">Cin\u00e9ma<\/td>\n<td style=\"width: 25%; height: 23px; text-align: center;\">Plein tarif<\/td>\n<td style=\"width: 25%; height: 23px; text-align: center;\">Tarif r\u00e9duit<\/td>\n<\/tr>\n<tr style=\"height: 23px;\">\n<td style=\"width: 25%; height: 23px; text-align: center;\">Mon Cin\u00e9<\/td>\n<td style=\"width: 25%; height: 23px; text-align: center;\">Saint-Martin-d&rsquo;H\u00e8res<\/td>\n<td style=\"width: 25%; height: 23px; text-align: center;\">7 \u20ac<\/td>\n<td style=\"width: 25%; height: 23px; text-align: center;\">5 \u20ac<\/td>\n<\/tr>\n<tr style=\"height: 23px;\">\n<td style=\"width: 25%; height: 23px; text-align: center;\">La Vence Sc\u00e8ne<\/td>\n<td style=\"width: 25%; height: 23px; text-align: center;\">Saint-\u00e9gr\u00e8ve<\/td>\n<td style=\"width: 25%; height: 23px; text-align: center;\">6.50 \u20ac<\/td>\n<td style=\"width: 25%; height: 23px; text-align: center;\">5.50 \u20ac<\/td>\n<\/tr>\n<tr style=\"height: 23px;\">\n<td style=\"width: 25%; height: 23px; text-align: center;\">Jeu de Paume<\/td>\n<td style=\"width: 25%; height: 23px; text-align: center;\">Vizille<\/td>\n<td style=\"width: 25%; height: 23px; text-align: center;\">7 \u20ac<\/td>\n<td style=\"width: 25%; height: 23px; text-align: center;\">6 \u20ac<\/td>\n<\/tr>\n<tr style=\"height: 23px;\">\n<td style=\"width: 25%; height: 23px; text-align: center;\">Le Clap<\/td>\n<td style=\"width: 25%; height: 23px; text-align: center;\">Lans-en-Vercors<\/td>\n<td style=\"width: 25%; height: 23px; text-align: center;\">7 \u20ac<\/td>\n<td style=\"width: 25%; height: 23px; text-align: center;\">4 \u20ac<\/td>\n<\/tr>\n<tr style=\"height: 23px;\">\n<td style=\"width: 25%; height: 23px; text-align: center;\">Espace Aragon<\/td>\n<td style=\"width: 25%; height: 23px; text-align: center;\">Villard-Bonnot<\/td>\n<td style=\"width: 25%; height: 23px; text-align: center;\">8 \u20ac<\/td>\n<td style=\"width: 25%; height: 23px; text-align: center;\">6 \u20ac<\/td>\n<\/tr>\n<\/tbody>\n<\/table>\n<p>Pour les \u00e9v\u00e9nements hors cin\u00e9ma, voir les modalit\u00e9s sur les pages concern\u00e9es.<\/p>\n<p><code><div class=\"rubrique\"><div class=\"rubrique-icone\"><i class=\"fa fa-info-circle fa-lg\"><\/i><\/div><div class=\"rubrique-texte\">Entr\u00e9es libres<br><\/div><hr><\/div><\/code><\/p>\n<p>Les s\u00e9ances aux Biblioth\u00e8ques Municipales de Grenoble sont gratuites.<br \/>\nGratuit\u00e9 \u00e9galement pour les \u00ab\u00a0Petites Formes\u00a0\u00bb \u00e0 la Cin\u00e9math\u00e8que, ainsi que les soir\u00e9es \u00e0 EVE, \u00e0 la soir\u00e9e de cl\u00f4ture (hors consommations), \u00e0 L&rsquo;Arche (Seyssinet-Pariset), au Pacifique.<\/p>\n<p><code><div class=\"rubrique\"><div class=\"rubrique-icone\"><i class=\"fa fa-info-circle fa-lg\"><\/i><\/div><div class=\"rubrique-texte\">Entr\u00e9es \u00e0 prix conscients<br><\/div><hr><\/div><\/code><\/p>\n<p>Afin d&rsquo;aider Vues d&rsquo;en face sur certains \u00e9v\u00e8nement, participation libre, en fonction des moyens de chacun.e. C&rsquo;est le cas pour les deux soir\u00e9es propos\u00e9es au Ciel.<\/p>\n<p><code><div class=\"rubrique\"><div class=\"rubrique-icone\"><i class=\"fa fa-info-circle fa-lg\"><\/i><\/div><div class=\"rubrique-texte\">\u00c9v\u00e8nements sur r\u00e9servation<br><\/div><hr><\/div><\/code><\/p>\n<p>\u2022 Projection de JJ<br \/>\n&#8211; au Pacifique : Gratuit, r\u00e9servation sur lepacifique-grenoble. com<br \/>\n&#8211; au Clap : 4 \u2013 7 \u20ac, r\u00e9servation sur villaglovettes.fr<\/p>\n<p>\u2022 Atelier \u00ab Trouve ton King \u00bb<br \/>\nAdultes :10h&gt;13h au tarif de 5\u20ac &#8211; r\u00e9servation : lepacifique-grenoble.com<br \/>\nAdos (15-17 ans) : 15h&gt;18h (gratuit) &#8211; r\u00e9sa : accueil@lepacifique-grenoble.com<\/p>\n<p><code><div class=\"rubrique\"><div class=\"rubrique-icone\"><i class=\"fa fa-star-o fa-lg\"><\/i><\/div><div class=\"rubrique-texte\">Prix du Jury<br><\/div><hr><\/div><\/code><\/p>\n<p>Cette ann\u00e9e encore, nous avons le plaisir d&rsquo;offrir \u00e0 votre festival son Prix du Jury. Le jury 2024 sera l\u2019occasion de rassembler de nouveau des professionnel.les ou b\u00e9n\u00e9voles engag\u00e9.es du 7e art. Il sera pr\u00e9sid\u00e9 par le r\u00e9alisateur Suisse St\u00e9phane Riethauser (voir page 11), accompagn\u00e9 de Cl\u00e9ment Berthet, journaliste culture au Dauphin\u00e9 Lib\u00e9r\u00e9, et Caroline H\u00e9raud, porte parole de la F\u00e9d\u00e9ration Fran\u00e7aise des Festivals LGBTQIA+ (dont Vues d&rsquo;en face est membre fondateur). Une belle r\u00e9compense pour un film et son \u00e9quipe, d\u00e9voil\u00e9e lors de la s\u00e9ance de cl\u00f4ture le 6 octobre.<\/p>\n<p><code><div class=\"rubrique\"><div class=\"rubrique-icone\"><i class=\"fa fa-star-o fa-lg\"><\/i><\/div><div class=\"rubrique-texte\">Prix du Public<br><\/div><hr><\/div><\/code><\/p>\n<p>Comme toutes les ann\u00e9es, vous pourrez donner votre avis sur les films \u00e0 l\u2019issue de chaque s\u00e9ance.<br \/>\nLes avis recueillis permettront de d\u00e9signer les<br \/>\nPrix du Public. Les r\u00e9sultats seront proclam\u00e9s lors de la s\u00e9ance de cl\u00f4ture le 6 octobre.<\/p>\n<hr \/>\n<div class=\"gridBox-title\">\u00c9dition 25<br><\/div><span class=\"majuscule sous-menu gras\">Le Festival<\/span><br><div class=\"boxes-container\"><ul><li class=\"page_item page-item-16424\"><a href=\"https:\/\/www.vuesdenface.com\/web\/edition\/edition-25\/edition-25\/\">Vues d&rsquo;en face, 25 ans d\u00e9j\u00e0 !<\/a><\/li>\n<li class=\"page_item page-item-15885\"><a href=\"https:\/\/www.vuesdenface.com\/web\/edition\/edition-25\/selection-films-2025\/\">S\u00e9lection Films 2025<\/a><\/li>\n<li class=\"page_item page-item-15886\"><a href=\"https:\/\/www.vuesdenface.com\/web\/edition\/edition-25\/evenements-festival-2025\/\">\u00c9v\u00e8nements Festival 2025<\/a><\/li>\n<li class=\"page_item page-item-15888\"><a href=\"https:\/\/www.vuesdenface.com\/web\/edition\/edition-25\/prix-jury-2025\/\">Prix du Jury 2025<\/a><\/li>\n<li class=\"page_item page-item-15887\"><a href=\"https:\/\/www.vuesdenface.com\/web\/edition\/edition-25\/prix-public-2025\/\">Prix du public 2025<\/a><\/li>\n<li class=\"page_item page-item-15889\"><a href=\"https:\/\/www.vuesdenface.com\/web\/edition\/edition-25\/bande-annonce-2025\/\">Bande annonce 2025<\/a><\/li>\n<li class=\"page_item page-item-15890\"><a href=\"https:\/\/www.vuesdenface.com\/web\/edition\/edition-25\/documents-2025\/\">Documents 2025<\/a><\/li>\n<li class=\"page_item page-item-15891\"><a href=\"https:\/\/www.vuesdenface.com\/web\/edition\/edition-25\/informations-pratique-2025\/\">Informations pratiques 2025<\/a><\/li>\n<li class=\"page_item page-item-15892\"><a href=\"https:\/\/www.vuesdenface.com\/web\/edition\/edition-25\/partenaires-2025\/\">Partenaires 2025<\/a><\/li>\n<li class=\"page_item page-item-15893\"><a href=\"https:\/\/www.vuesdenface.com\/web\/edition\/edition-25\/remerciements-2025\/\">Remerciements 2025<\/a><\/li>\n<li class=\"default-menu\"><a href=\"https:\/\/www.vuesdenface.com\/web\/\" title=\"Menu\">Menu<\/a><\/li><\/ul><\/div><span class=\"majuscule sous-menu gras\">Autour du Festival<\/span><br><div class=\"boxes-container\"><ul><li><a href=\"https:\/\/www.vuesdenface.com\/web\/fiche-event\/forum-des-assos-2025\/\">Forum des Assos 2025<\/a><\/li><li><a href=\"https:\/\/www.vuesdenface.com\/web\/fiche-event\/lheure-du-conte-drag\/\">L'Heure du conte Drag<\/a><\/li><li><a href=\"https:\/\/www.vuesdenface.com\/web\/fiche-event\/cabaret-queer\/\">Cabaret Queer<\/a><\/li><li><a href=\"https:\/\/www.vuesdenface.com\/web\/fiche-event\/hommage-a-lionel-soukaz\/\">Hommage \u00e0 Lionel Soukaz<\/a><\/li><li><a href=\"https:\/\/www.vuesdenface.com\/web\/fiche-event\/cine-habibi\/\">Cin\u00e9 HABIBI<\/a><\/li><li><a href=\"https:\/\/www.vuesdenface.com\/web\/fiche-event\/lachez-prise-soiree-de-cloture\/\">L\u00e2chez prise - Soir\u00e9e de Cl\u00f4ture<\/a><\/li><\/ul><\/div>\n","protected":false},"excerpt":{"rendered":"<p>ceci est un extrait <a class=\"readmore\" href=\"https:\/\/www.vuesdenface.com\/web\/edition\/edition-24\/informations-pratique-2024\/\">Continuer la lecture &rarr;<\/a><\/p>\n","protected":false},"author":1,"featured_media":0,"parent":15089,"menu_order":6,"comment_status":"closed","ping_status":"closed","template":"","meta":{"footnotes":""},"class_list":["post-15096","page","type-page","status-publish","hentry","numero_edition-edition-24"],"_links":{"self":[{"href":"https:\/\/www.vuesdenface.com\/web\/wp-json\/wp\/v2\/pages\/15096","targetHints":{"allow":["GET"]}}],"collection":[{"href":"https:\/\/www.vuesdenface.com\/web\/wp-json\/wp\/v2\/pages"}],"about":[{"href":"https:\/\/www.vuesdenface.com\/web\/wp-json\/wp\/v2\/types\/page"}],"author":[{"embeddable":true,"href":"https:\/\/www.vuesdenface.com\/web\/wp-json\/wp\/v2\/users\/1"}],"replies":[{"embeddable":true,"href":"https:\/\/www.vuesdenface.com\/web\/wp-json\/wp\/v2\/comments?post=15096"}],"version-history":[{"count":3,"href":"https:\/\/www.vuesdenface.com\/web\/wp-json\/wp\/v2\/pages\/15096\/revisions"}],"predecessor-version":[{"id":15571,"href":"https:\/\/www.vuesdenface.com\/web\/wp-json\/wp\/v2\/pages\/15096\/revisions\/15571"}],"up":[{"embeddable":true,"href":"https:\/\/www.vuesdenface.com\/web\/wp-json\/wp\/v2\/pages\/15089"}],"wp:attachment":[{"href":"https:\/\/www.vuesdenface.com\/web\/wp-json\/wp\/v2\/media?parent=15096"}],"curies":[{"name":"wp","href":"https:\/\/api.w.org\/{rel}","templated":true}]}}