{"id":15884,"date":"2025-06-19T18:17:24","date_gmt":"2025-06-19T17:17:24","guid":{"rendered":"https:\/\/www.vuesdenface.com\/web\/edition\/edition-25\/"},"modified":"2025-09-13T18:03:00","modified_gmt":"2025-09-13T17:03:00","slug":"edition-25","status":"publish","type":"page","link":"https:\/\/www.vuesdenface.com\/web\/edition\/edition-25\/","title":{"rendered":"\u00c9dition 25 \u2022 \u00c9ditorial"},"content":{"rendered":"<div id=\"attachment_15899\" style=\"width: 222px\" class=\"wp-caption alignleft\"><img loading=\"lazy\" decoding=\"async\" aria-describedby=\"caption-attachment-15899\" class=\"wp-image-15899 size-medium\" src=\"https:\/\/www.vuesdenface.com\/web\/wp-content\/uploads\/2025\/06\/Affiche_VDEF_A3_2025-212x300.png\" alt=\"Affiche Vues d'en face 2025\" width=\"212\" height=\"300\" srcset=\"https:\/\/www.vuesdenface.com\/web\/wp-content\/uploads\/2025\/06\/Affiche_VDEF_A3_2025-212x300.png 212w, https:\/\/www.vuesdenface.com\/web\/wp-content\/uploads\/2025\/06\/Affiche_VDEF_A3_2025-724x1024.png 724w, https:\/\/www.vuesdenface.com\/web\/wp-content\/uploads\/2025\/06\/Affiche_VDEF_A3_2025-1086x1536.png 1086w, https:\/\/www.vuesdenface.com\/web\/wp-content\/uploads\/2025\/06\/Affiche_VDEF_A3_2025-1448x2048.png 1448w, https:\/\/www.vuesdenface.com\/web\/wp-content\/uploads\/2025\/06\/Affiche_VDEF_A3_2025-149x210.png 149w, https:\/\/www.vuesdenface.com\/web\/wp-content\/uploads\/2025\/06\/Affiche_VDEF_A3_2025-1320x1866.png 1320w, https:\/\/www.vuesdenface.com\/web\/wp-content\/uploads\/2025\/06\/Affiche_VDEF_A3_2025.png 1754w\" sizes=\"auto, (max-width: 212px) 100vw, 212px\" \/><p id=\"caption-attachment-15899\" class=\"wp-caption-text\">Affiche Vues d&rsquo;en face 2025<\/p><\/div>\n<p>En ces temps o\u00f9 les droits LGBTQIA+ sont mis \u00e0 mal aux \u00c9tats-Unis et en Europe, o\u00f9 la mont\u00e9e de l&rsquo;intol\u00e9rance et des discriminations s\u2019\u00e9tend partout et o\u00f9 la culture est d\u00e9laiss\u00e9e, Vues d\u2019en face f\u00eate sa 25e \u00e9dition. Une manifestation indispensable pour r\u00e9affirmer les valeurs d\u2019inclusion et de solidarit\u00e9, apporter un regard queer dans un monde anxiog\u00e8ne, r\u00e9sister, rester visibles et engag\u00e9\u00b7es.<br \/>\nEnsemble, portons haut nos couleurs !<\/p>\n<p>Cette \u00e9dition anniversaire s&rsquo;installe au cin\u00e9ma Le Club pour dix jours. Apr\u00e8s l\u2019avant-premi\u00e8re en ouverture du tr\u00e8s beau film japonais Egoist, le premier week-end reviendra sur les \u00e9ditions pass\u00e9es avec une r\u00e9trospective de quelques-uns des films qui ont marqu\u00e9 le festival. Vous pourrez (re)d\u00e9couvrir La sociologue et l\u2019ourson qui raconte joyeusement l\u2019\u00e9pop\u00e9e du Mariage pour tous et la sociologue Ir\u00e8ne Th\u00e9ry, h\u00e9ro\u00efne du film, sera l\u00e0 !<\/p>\n<p>Parce qu\u2019on ne peut \u00e9clairer le pr\u00e9sent sans s\u2019appuyer sur les luttes pass\u00e9es, une r\u00e9trospective vous sera propos\u00e9e, \u00e0 commencer par l\u2019hommage \u00e0 Lionel Soukaz, pionnier des luttes homosexuelles, avec En Corps + et Race d\u2019EP!, deux films d\u2019avant-garde. Sally! vous fera d\u00e9couvrir l&rsquo;activiste lesbienne \u00e9ponyme, flamboyante et charismatique. I am not everything I want to be vous pr\u00e9sentera le parcours tumultueux et radical de la photographe lesbienne tch\u00e8que Libu\u0161e Jarcovj\u00e1kov\u00e1 affirmant son identit\u00e9 dans le bloc sovi\u00e9tique. Act up ou le chaos revient sur l\u2019histoire de l&rsquo;association et ses 35 ans de lutte contre le SIDA. Plus en douceur, nous vous proposons le bijou subversif de Coline Serreau, Pourquoi pas ! (1977), une fiction tendre dans l\u2019air du temps de la lib\u00e9ration sexuelle des ann\u00e9es 70.<\/p>\n<p>P\u00e9dale rurale nous ram\u00e8ne \u00e0 aujourd&rsquo;hui avec une douce plong\u00e9e dans une communaut\u00e9 queer de la campagne fran\u00e7aise, suivie d\u2019une rencontre avec son r\u00e9alisateur Antoine Vazquez ; Desire Lines navigue entre les \u00e9poques en explorant le d\u00e9sir de personnes trans. De beaux films de fiction, en premi\u00e8re fran\u00e7aise ou in\u00e9dits, vous emm\u00e8neront aux quatre coins de la plan\u00e8te \u00e0 la rencontre des personnes queers, de leurs luttes, de leurs drames et de leurs joies. Ne manquez pas le fascinant Le myst\u00e9rieux regard du flamand rose au c\u0153ur du d\u00e9sert chilien ni la com\u00e9die douce et joyeuse Odd fish.<\/p>\n<p>Les prix du public, par vos votes, et les prix du jury seront d\u00e9cern\u00e9s parmi les films en comp\u00e9tition. Durant le festival vous pourrez \u00e9changer \u00e0 la buvette de la Salle 6.<\/p>\n<p>Et parce que Vues d\u2019en face est aussi festif, plusieurs artistes sont programm\u00e9\u00b7es. Gwendal et les 12 Travelos d&rsquo;Hercule \u00e0 la Bifurk, Javel Habibi et Alexis au Ciel, et les DJ drags Gemini K, Kirara et Edeha Noire pour la soir\u00e9e de cl\u00f4ture \u00e0 l\u2019Amp\u00e9rage.<br \/>\nNous serons l\u00e0, ensemble pour vivre des moments intenses et affirmer notre d\u00e9termination et la vitalit\u00e9 de la culture queer. Bon Festival \u00e0 toustes !<\/p>\n<p>L&rsquo;\u00e9quipe de Vues d&rsquo;en face.<br \/>\n<\/p>\n<hr>\n<p><code><div class=\"rubrique\"><div class=\"rubrique-icone\"><i class=\"fa fa-film fa-lg\"><\/i><\/div><div class=\"rubrique-texte\">Clip de l'\u00e9dition 2025<br><\/div><hr><\/div><\/code><br \/>\n<iframe loading=\"lazy\" title=\"vimeo-player\" src=\"https:\/\/player.vimeo.com\/video\/1116903721?h=b6cae2eedf\" width=\"640\" height=\"360\" frameborder=\"0\" referrerpolicy=\"strict-origin-when-cross-origin\" allow=\"autoplay; fullscreen; picture-in-picture; clipboard-write; encrypted-media; web-share\"   allowfullscreen><\/iframe>\n<p><code><div class=\"rubrique\"><div class=\"rubrique-icone\"><i class=\"fa fa-star-o fa-lg\"><\/i><\/div><div class=\"rubrique-texte\">Catalogue de l'\u00e9dition 25<br><\/div><hr><\/div>\n<\/code><code><\/code><figure class=\"grille-vignettes\"><a href=\"https:\/\/www.vuesdenface.com\/web\/wp-content\/uploads\/2025\/06\/Catalogue_VDEF_2025_WEB.pdf\"><img loading=\"lazy\" decoding=\"async\" src=\"https:\/\/www.vuesdenface.com\/web\/wp-content\/vignettes-vdef\/2025\/06\/100x150\/Catalogue_VDEF_2025_WEB.pdf-100x150.jpg\" width=\"100\" height=\"150\" class=\"photo-film\" alt=\"\" rel=\"\" title=\"Catalogue_VDEF_2025_WEB\"><\/a><figcaption><a href=\"https:\/\/www.vuesdenface.com\/web\/wp-content\/uploads\/2025\/06\/Catalogue_VDEF_2025_WEB.pdf\">Catalogue_VDEF_2025_WEB&nbsp;&nbsp;&nbsp;&nbsp;&nbsp;<\/a><br\/>(pdf de 15.83 Mo)&nbsp;&nbsp;&nbsp;&nbsp;<\/figcaption><\/figure><div class=\"clear\"><\/br><\/div>\n<p><code><div class=\"rubrique\"><div class=\"rubrique-icone\"><i class=\"fa fa-pencil fa-lg\"><\/i><\/div><div class=\"rubrique-texte\">Quelques articles<br><\/div><hr><\/div><\/code><br \/>\n<ul><li><a href=\"https:\/\/www.vuesdenface.com\/web\/edition\/edition-25\/\">Prix du Jury et Prix du Public 2025<\/a><\/li><li><a href=\"https:\/\/www.vuesdenface.com\/web\/edition\/edition-25\/\">Forum des Assos 2025<\/a><\/li><\/ul>\n","protected":false},"excerpt":{"rendered":"<p>ceci est un extrait <a class=\"readmore\" href=\"https:\/\/www.vuesdenface.com\/web\/edition\/edition-25\/\">Continuer la lecture &rarr;<\/a><\/p>\n","protected":false},"author":1,"featured_media":0,"parent":888,"menu_order":0,"comment_status":"closed","ping_status":"closed","template":"","meta":{"footnotes":""},"class_list":["post-15884","page","type-page","status-publish","hentry","numero_edition-edition-25"],"_links":{"self":[{"href":"https:\/\/www.vuesdenface.com\/web\/wp-json\/wp\/v2\/pages\/15884","targetHints":{"allow":["GET"]}}],"collection":[{"href":"https:\/\/www.vuesdenface.com\/web\/wp-json\/wp\/v2\/pages"}],"about":[{"href":"https:\/\/www.vuesdenface.com\/web\/wp-json\/wp\/v2\/types\/page"}],"author":[{"embeddable":true,"href":"https:\/\/www.vuesdenface.com\/web\/wp-json\/wp\/v2\/users\/1"}],"replies":[{"embeddable":true,"href":"https:\/\/www.vuesdenface.com\/web\/wp-json\/wp\/v2\/comments?post=15884"}],"version-history":[{"count":10,"href":"https:\/\/www.vuesdenface.com\/web\/wp-json\/wp\/v2\/pages\/15884\/revisions"}],"predecessor-version":[{"id":16551,"href":"https:\/\/www.vuesdenface.com\/web\/wp-json\/wp\/v2\/pages\/15884\/revisions\/16551"}],"up":[{"embeddable":true,"href":"https:\/\/www.vuesdenface.com\/web\/wp-json\/wp\/v2\/pages\/888"}],"wp:attachment":[{"href":"https:\/\/www.vuesdenface.com\/web\/wp-json\/wp\/v2\/media?parent=15884"}],"curies":[{"name":"wp","href":"https:\/\/api.w.org\/{rel}","templated":true}]}}