{"id":15886,"date":"2025-09-05T22:01:13","date_gmt":"2025-09-05T21:01:13","guid":{"rendered":"https:\/\/www.vuesdenface.com\/web\/?page_id=15886"},"modified":"2025-09-05T22:01:13","modified_gmt":"2025-09-05T21:01:13","slug":"evenements-festival-2025","status":"publish","type":"page","link":"https:\/\/www.vuesdenface.com\/web\/edition\/edition-25\/evenements-festival-2025\/","title":{"rendered":"\u00c9v\u00e8nements Festival 2025"},"content":{"rendered":"Pas d'\u00e9v\u00e8nement trouv\u00e9\n","protected":false},"excerpt":{"rendered":"<p>ceci est un extrait <a class=\"readmore\" href=\"https:\/\/www.vuesdenface.com\/web\/edition\/edition-25\/evenements-festival-2025\/\">Continuer la lecture &rarr;<\/a><\/p>\n","protected":false},"author":1,"featured_media":0,"parent":15884,"menu_order":2,"comment_status":"closed","ping_status":"closed","template":"","meta":{"footnotes":""},"class_list":["post-15886","page","type-page","status-publish","hentry","numero_edition-edition-25"],"_links":{"self":[{"href":"https:\/\/www.vuesdenface.com\/web\/wp-json\/wp\/v2\/pages\/15886","targetHints":{"allow":["GET"]}}],"collection":[{"href":"https:\/\/www.vuesdenface.com\/web\/wp-json\/wp\/v2\/pages"}],"about":[{"href":"https:\/\/www.vuesdenface.com\/web\/wp-json\/wp\/v2\/types\/page"}],"author":[{"embeddable":true,"href":"https:\/\/www.vuesdenface.com\/web\/wp-json\/wp\/v2\/users\/1"}],"replies":[{"embeddable":true,"href":"https:\/\/www.vuesdenface.com\/web\/wp-json\/wp\/v2\/comments?post=15886"}],"version-history":[{"count":1,"href":"https:\/\/www.vuesdenface.com\/web\/wp-json\/wp\/v2\/pages\/15886\/revisions"}],"predecessor-version":[{"id":16448,"href":"https:\/\/www.vuesdenface.com\/web\/wp-json\/wp\/v2\/pages\/15886\/revisions\/16448"}],"up":[{"embeddable":true,"href":"https:\/\/www.vuesdenface.com\/web\/wp-json\/wp\/v2\/pages\/15884"}],"wp:attachment":[{"href":"https:\/\/www.vuesdenface.com\/web\/wp-json\/wp\/v2\/media?parent=15886"}],"curies":[{"name":"wp","href":"https:\/\/api.w.org\/{rel}","templated":true}]}}