{"id":15888,"date":"2025-10-19T10:20:28","date_gmt":"2025-10-19T09:20:28","guid":{"rendered":"https:\/\/www.vuesdenface.com\/web\/?page_id=15888"},"modified":"2025-10-19T10:20:28","modified_gmt":"2025-10-19T09:20:28","slug":"prix-jury-2025","status":"publish","type":"page","link":"https:\/\/www.vuesdenface.com\/web\/edition\/edition-25\/prix-jury-2025\/","title":{"rendered":"Prix du Jury 2025"},"content":{"rendered":"<p style=\"text-align: center;\">Apr\u00e8s d\u00e9lib\u00e9ration, voici les r\u00e9sultats du Prix du Jury 2025 :<\/p>\n<p style=\"text-align: center;\"><br><p>Le prix du jury n'a pas encore \u00e9t\u00e9 d\u00e9sign\u00e9.<br>Il sera annonc\u00e9 \u00e0 la fin du festival.<\/p><br>\n","protected":false},"excerpt":{"rendered":"<p>ceci est un extrait <a class=\"readmore\" href=\"https:\/\/www.vuesdenface.com\/web\/edition\/edition-25\/prix-jury-2025\/\">Continuer la lecture &rarr;<\/a><\/p>\n","protected":false},"author":1,"featured_media":0,"parent":15884,"menu_order":3,"comment_status":"closed","ping_status":"closed","template":"","meta":{"footnotes":""},"class_list":["post-15888","page","type-page","status-publish","hentry","numero_edition-edition-25"],"_links":{"self":[{"href":"https:\/\/www.vuesdenface.com\/web\/wp-json\/wp\/v2\/pages\/15888","targetHints":{"allow":["GET"]}}],"collection":[{"href":"https:\/\/www.vuesdenface.com\/web\/wp-json\/wp\/v2\/pages"}],"about":[{"href":"https:\/\/www.vuesdenface.com\/web\/wp-json\/wp\/v2\/types\/page"}],"author":[{"embeddable":true,"href":"https:\/\/www.vuesdenface.com\/web\/wp-json\/wp\/v2\/users\/1"}],"replies":[{"embeddable":true,"href":"https:\/\/www.vuesdenface.com\/web\/wp-json\/wp\/v2\/comments?post=15888"}],"version-history":[{"count":1,"href":"https:\/\/www.vuesdenface.com\/web\/wp-json\/wp\/v2\/pages\/15888\/revisions"}],"predecessor-version":[{"id":16599,"href":"https:\/\/www.vuesdenface.com\/web\/wp-json\/wp\/v2\/pages\/15888\/revisions\/16599"}],"up":[{"embeddable":true,"href":"https:\/\/www.vuesdenface.com\/web\/wp-json\/wp\/v2\/pages\/15884"}],"wp:attachment":[{"href":"https:\/\/www.vuesdenface.com\/web\/wp-json\/wp\/v2\/media?parent=15888"}],"curies":[{"name":"wp","href":"https:\/\/api.w.org\/{rel}","templated":true}]}}