{"id":1676,"date":"2013-12-01T23:26:13","date_gmt":"2013-12-01T22:26:13","guid":{"rendered":"http:\/\/www.vagalam.net\/?page_id=1676"},"modified":"2025-09-13T17:17:20","modified_gmt":"2025-09-13T16:17:20","slug":"a-propos-du-site","status":"publish","type":"page","link":"https:\/\/www.vuesdenface.com\/web\/a-propos-du-site\/","title":{"rendered":"\u00c0 propos du site \/ mentions l\u00e9gales"},"content":{"rendered":"<p>Le Festival \u00ab\u00a0Vues d&rsquo;en face\u00a0\u00bb est port\u00e9 par l&rsquo;association \u00ab\u00a0Festival International du Film LGBTQIA+ de Grenoble\u00a0\u00bb cr\u00e9\u00e9e en 2001.<\/p>\n<p>Vous pouvez contacter l&rsquo;association :<\/p>\n<ul>\n<li>Par courrier postal : <strong>FIFGLG<\/strong> &#8211; <strong>BP 408<\/strong> &#8211; <strong>38015 GRENOBLE CEDEX 1<\/strong> &#8211; <strong><strong>FRANCE<\/strong><\/strong><\/li>\n<li>Par mail en utilisant <a href=\"..\/contact\/\">notre formulaire de contact<\/a>.<\/li>\n<\/ul>\n<p>Ce site Internet est h\u00e9berg\u00e9 chez la soci\u00e9t\u00e9 OVH :<br \/>\n<strong>OVH<\/strong><br \/>\nSAS au capital de 10 000 000 \u20ac RCS Roubaix \u2013 Tourcoing 424 761 419 00045<br \/>\nCode APE 6202A &#8211; N\u00b0 TVA : FR 22 424 761 419<br \/>\nSi\u00e8ge social : 2 rue Kellermann 59100 Roubaix &#8211; France.<\/p>\n","protected":false},"excerpt":{"rendered":"<p>Le Festival \u00ab\u00a0Vues d&rsquo;en face\u00a0\u00bb est port\u00e9 par l&rsquo;association \u00ab\u00a0Festival International du Film LGBTQIA+ de Grenoble\u00a0\u00bb cr\u00e9\u00e9e en 2001. Vous pouvez contacter l&rsquo;association : Par courrier postal : FIFGLG &#8211; BP 408 &#8211; 38015 GRENOBLE CEDEX 1 &#8211; FRANCE Par mail en utilisant notre formulaire de contact. Ce site Internet est h\u00e9berg\u00e9 chez la soci\u00e9t\u00e9 &hellip; <a class=\"readmore\" href=\"https:\/\/www.vuesdenface.com\/web\/a-propos-du-site\/\">Continuer la lecture &rarr;<\/a><\/p>\n","protected":false},"author":1,"featured_media":0,"parent":0,"menu_order":0,"comment_status":"closed","ping_status":"closed","template":"","meta":{"footnotes":""},"class_list":["post-1676","page","type-page","status-publish","hentry"],"_links":{"self":[{"href":"https:\/\/www.vuesdenface.com\/web\/wp-json\/wp\/v2\/pages\/1676","targetHints":{"allow":["GET"]}}],"collection":[{"href":"https:\/\/www.vuesdenface.com\/web\/wp-json\/wp\/v2\/pages"}],"about":[{"href":"https:\/\/www.vuesdenface.com\/web\/wp-json\/wp\/v2\/types\/page"}],"author":[{"embeddable":true,"href":"https:\/\/www.vuesdenface.com\/web\/wp-json\/wp\/v2\/users\/1"}],"replies":[{"embeddable":true,"href":"https:\/\/www.vuesdenface.com\/web\/wp-json\/wp\/v2\/comments?post=1676"}],"version-history":[{"count":10,"href":"https:\/\/www.vuesdenface.com\/web\/wp-json\/wp\/v2\/pages\/1676\/revisions"}],"predecessor-version":[{"id":16543,"href":"https:\/\/www.vuesdenface.com\/web\/wp-json\/wp\/v2\/pages\/1676\/revisions\/16543"}],"wp:attachment":[{"href":"https:\/\/www.vuesdenface.com\/web\/wp-json\/wp\/v2\/media?parent=1676"}],"curies":[{"name":"wp","href":"https:\/\/api.w.org\/{rel}","templated":true}]}}