{"id":2207,"date":"2014-01-05T21:21:54","date_gmt":"2014-01-05T20:21:54","guid":{"rendered":"http:\/\/www.vuesdenface.com\/web\/?page_id=2207"},"modified":"2018-02-03T11:12:27","modified_gmt":"2018-02-03T10:12:27","slug":"reservations","status":"publish","type":"page","link":"https:\/\/www.vuesdenface.com\/web\/reservations\/","title":{"rendered":"R\u00e9servations"},"content":{"rendered":"<p><strong>ATTENTION : Les r\u00e9servations effectu\u00e9es sur ce site <span style=\"color: #ff6600;\">moins de trois heures avant<\/span> le d\u00e9but d&rsquo;une s\u00e9ance <span style=\"color: #ff6600;\">ne sont pas garanties<\/span>.<\/strong><\/p>\n<p><iframe loading=\"lazy\" src=\"https:\/\/www.vuesdenface.com\/web\/resa\/reservation_form.php\" frameborder=\"0\"  scrolling=\"no\" width=\"100%\" height=\"1400px\"><\/iframe><\/p>\n<p>&nbsp;<\/p>\n","protected":false},"excerpt":{"rendered":"<p>ATTENTION : Les r\u00e9servations effectu\u00e9es sur ce site moins de trois heures avant le d\u00e9but d&rsquo;une s\u00e9ance ne sont pas garanties. &nbsp;<\/p>\n","protected":false},"author":1,"featured_media":0,"parent":0,"menu_order":0,"comment_status":"closed","ping_status":"closed","template":"","meta":{"footnotes":""},"class_list":["post-2207","page","type-page","status-publish","hentry"],"_links":{"self":[{"href":"https:\/\/www.vuesdenface.com\/web\/wp-json\/wp\/v2\/pages\/2207","targetHints":{"allow":["GET"]}}],"collection":[{"href":"https:\/\/www.vuesdenface.com\/web\/wp-json\/wp\/v2\/pages"}],"about":[{"href":"https:\/\/www.vuesdenface.com\/web\/wp-json\/wp\/v2\/types\/page"}],"author":[{"embeddable":true,"href":"https:\/\/www.vuesdenface.com\/web\/wp-json\/wp\/v2\/users\/1"}],"replies":[{"embeddable":true,"href":"https:\/\/www.vuesdenface.com\/web\/wp-json\/wp\/v2\/comments?post=2207"}],"version-history":[{"count":10,"href":"https:\/\/www.vuesdenface.com\/web\/wp-json\/wp\/v2\/pages\/2207\/revisions"}],"predecessor-version":[{"id":10773,"href":"https:\/\/www.vuesdenface.com\/web\/wp-json\/wp\/v2\/pages\/2207\/revisions\/10773"}],"wp:attachment":[{"href":"https:\/\/www.vuesdenface.com\/web\/wp-json\/wp\/v2\/media?parent=2207"}],"curies":[{"name":"wp","href":"https:\/\/api.w.org\/{rel}","templated":true}]}}