{"id":221,"date":"2013-11-02T09:26:00","date_gmt":"2013-11-02T08:26:00","guid":{"rendered":"http:\/\/www.vagalam.net\/?page_id=221"},"modified":"2015-01-25T18:13:28","modified_gmt":"2015-01-25T17:13:28","slug":"edition-13","status":"publish","type":"page","link":"https:\/\/www.vuesdenface.com\/web\/edition\/edition-13\/","title":{"rendered":"\u00c9dition 13 \/ \u00c9ditorial"},"content":{"rendered":"<h3>Edition sp\u00e9ciale Vendredi 13<\/h3>\n<p><strong>Le Festival International du Film Gay et Lesbien de Grenoble,<\/strong> en partenariat avec la <strong>Cin\u00e9math\u00e8que de Grenoble<\/strong>, propose trois films autour du genre fantastique.<\/p>\n<p><strong>Vendredi 13 septembre 2013<\/strong><br \/>\n<strong>Rendez-vous Salle Juliet Berto, avec maquillage et d\u00e9guisement !<\/strong><br \/>\nplace Saint Andr\u00e9, passage du palais du justice(en face du Th\u00e9\u00e2tre de Grenoble).<br \/>\n<em>5 \u20ac par film ou 13 \u20ac la soir\u00e9e compl\u00e8te.<\/em><\/p>\n<p><strong>D\u00e8s 19h, ap\u00e9ro sanglant <\/strong>&#8211; Vous trouverez sur place un bar et de la petite restauration pour tenir toute la nuit\u00a0!<\/p>\n<p><strong>20h<\/strong> &#8211; De l\u2019\u00e9motion avec <a title=\"Cr\u00e9atures C\u00e9lestes\" href=\"..\/..\/film\/creatures-celestes\/\"><strong>Cr\u00e9atures c\u00e9lestes<\/strong><\/a>. Peter Jackson, avant sa trilogie du Seigneur des anneaux, signait l\u2019un de ses films les plus po\u00e9tiques et troublants. Dans les ann\u00e9es 1950, deux amies s\u2019inventent un monde imaginaire dans lequel elles peuvent vivre librement leur passion. Le film, Lion d\u2019argent au Festival de Venise 1994, a r\u00e9v\u00e9l\u00e9 Kate Winslet.<\/p>\n<p><strong>22h<\/strong> &#8211; Du rire et de l\u2019effroi avec <a title=\"Zombies Of Mass Destruction\" href=\"..\/..\/film\/zombies-of-mass-destruction\/\"><strong>Zombies of mass destruction<\/strong><\/a>. Tom va, pour Thanksgiving, chez sa maman qui habite sur une \u00eele bien tranquille. Il compte faire son coming out et lui pr\u00e9senter son petit ami. C\u2019est sans compter sur une attaque de zombies qui vont s&rsquo;en prendre \u00e0 tous ceux qui leur semblent sortir de la norme. A la fois parodie du film de zombies, com\u00e9die loufoque et pamphlet politique.<\/p>\n<p><strong>Minuit<\/strong> &#8211; Du cultissime avec <a title=\"The Rocky Horror Picture Show\" href=\"..\/..\/film\/the-rocky-horror-picture-show\/\"><strong>The Rocky horror picture show<\/strong><\/a>. Des d\u00e9cors et des costumes kitsch, des chansons que l\u2019on peut chanter en m\u00eame temps que le film, un savant fou transexuel haut en couleur, un homme en slip dor\u00e9, des r\u00e9f\u00e9rences au cin\u00e9ma fantastique pour les cin\u00e9philes. Depuis plus de 30 ans, des fans du monde entier c\u00e9l\u00e8brent le plus culte des films. Cette fois c\u2019est \u00e0 Grenoble qu\u2019a lieu l\u2019\u00e9v\u00e9nement.<br \/>\n<a href=\"..\/..\/les-deadly-stings-animent-le-rocky-horror-picture-show\/\"><strong>La s\u00e9ance sera anim\u00e9e exceptionnellement par la troupe des Deadly Stings !<\/strong><\/a><br \/>\n\n<!-- template extrait_fiche_post --><div id=\"rubrique\" class=\"trailer\"><i class=\"fa fa-film\"><\/i>&nbsp;Fiche film<br><hr><\/div><table class=\"extrait-film\"><tr><td width=\"100\"><div class=\"vignette-affiche-extrait\" width=\"100px\" height=\"150px\"><figure><a href=\"https:\/\/www.vuesdenface.com\/web\/film\/creatures-celestes\/\"><img loading=\"lazy\" decoding=\"async\" src=\"https:\/\/www.vuesdenface.com\/web\/wp-content\/vignettes-vdef\/2013\/12\/100x150\/creatures-celestes-affiche-100x150.jpg\" width=\"100\" height=\"150\" class=\"vignette-affiche-extrait\" alt=\"Cr\u00e9atures c\u00e9lestes\" title=\"Cr\u00e9atures c\u00e9lestes\" rel=\"\"><\/a><figcaption><a href=\"https:\/\/www.vuesdenface.com\/web\/film\/creatures-celestes\/\"><\/a><\/figcaption><\/figure><\/div><\/td><td><article class=\"post-extrait\"><header class=\"extrait-header\"><span class=\"titre-film-h1\"><a rel=\"bookmark\" href=\"https:\/\/www.vuesdenface.com\/web\/film\/creatures-celestes\/\">Cr\u00e9atures c\u00e9lestes<\/a><\/span>&nbsp;&bull;&nbsp;Heavenly Creatures<\/header><i>Fantastique&nbsp;&bull;&nbsp;Nouvelle-Z\u00e9lande&nbsp;&bull;&nbsp;1995&nbsp;&bull;&nbsp;100 minutes&nbsp;&bull;&nbsp;VOSTF<\/i><br\/><span> L\u2019amiti\u00e9 passionn\u00e9e de deux jeunes filles, que rien ne pourra alt\u00e9rer. Pas m\u00eame leur entourage, inquiet de leur relation qui les coupe du monde. La fusion est intellectuelle. Elle s\u2019incarnera d\u2019abord dans un imaginaire commun en la cr\u00e9ation d\u2019un monde fantasmatique et lyrique, expression de leur ...<\/span><a class=\"readmore\" href=\"https:\/\/www.vuesdenface.com\/web\/film\/creatures-celestes\/\">    Continuer la lecture \u2192<\/a><\/td><\/tr><\/table>\n<!-- template extrait_fiche_post --><div id=\"rubrique\" class=\"trailer\"><i class=\"fa fa-film\"><\/i>&nbsp;Fiche film<br><hr><\/div><table class=\"extrait-film\"><tr><td width=\"100\"><div class=\"vignette-affiche-extrait\" width=\"100px\" height=\"150px\"><figure><a href=\"https:\/\/www.vuesdenface.com\/web\/film\/the-rocky-horror-picture-show\/\"><img loading=\"lazy\" decoding=\"async\" src=\"https:\/\/www.vuesdenface.com\/web\/wp-content\/vignettes-vdef\/2013\/12\/100x150\/the_rocky_horror_picture_show-affiche-100x150.jpg\" width=\"100\" height=\"150\" class=\"vignette-affiche-extrait\" alt=\"The Rocky Horror Picture Show\" title=\"The Rocky Horror Picture Show\" rel=\"\"><\/a><figcaption><a href=\"https:\/\/www.vuesdenface.com\/web\/film\/the-rocky-horror-picture-show\/\"><\/a><\/figcaption><\/figure><\/div><\/td><td><article class=\"post-extrait\"><header class=\"extrait-header\"><span class=\"titre-film-h1\"><a rel=\"bookmark\" href=\"https:\/\/www.vuesdenface.com\/web\/film\/the-rocky-horror-picture-show\/\">The Rocky Horror Picture Show<\/a><\/span><\/header><i>Horreur&nbsp;&bull;&nbsp;\u00c9tats-Unis&nbsp;&bull;&nbsp;1976&nbsp;&bull;&nbsp;100 minutes&nbsp;&bull;&nbsp;VOSTF<\/i><br\/><span> Une nuit d\u2019orage, Janet et Brad sont oblig\u00e9s de se r\u00e9fugier dans un myst\u00e9rieux ch\u00e2teau. Ils vont faire la rencontre du ma\u00eetre des lieux, le Docteur Frank-N-Furster. Kitsch, d\u00e9lirant, hilarant, le premier film \u00e0 pouvoir s\u2019affirmer culte. Le spectacle n\u2019est pas seulement sur l\u2019\u00e9cran mais aussi dans ...<\/span><a class=\"readmore\" href=\"https:\/\/www.vuesdenface.com\/web\/film\/the-rocky-horror-picture-show\/\">    Continuer la lecture \u2192<\/a><\/td><\/tr><\/table>\n<!-- template extrait_fiche_post --><div id=\"rubrique\" class=\"trailer\"><i class=\"fa fa-film\"><\/i>&nbsp;Fiche film<br><hr><\/div><table class=\"extrait-film\"><tr><td width=\"100\"><div class=\"vignette-affiche-extrait\" width=\"100px\" height=\"150px\"><figure><a href=\"https:\/\/www.vuesdenface.com\/web\/film\/zombies-of-mass-destruction\/\"><img loading=\"lazy\" decoding=\"async\" src=\"https:\/\/www.vuesdenface.com\/web\/wp-content\/vignettes-vdef\/2013\/12\/100x150\/zombies_of_mass_destruction-affiche-100x150.jpg\" width=\"100\" height=\"150\" class=\"vignette-affiche-extrait\" alt=\"Zombies Of Mass Destruction\" title=\"Zombies Of Mass Destruction\" rel=\"\"><\/a><figcaption><a href=\"https:\/\/www.vuesdenface.com\/web\/film\/zombies-of-mass-destruction\/\"><\/a><\/figcaption><\/figure><\/div><\/td><td><article class=\"post-extrait\"><header class=\"extrait-header\"><span class=\"titre-film-h1\"><a rel=\"bookmark\" href=\"https:\/\/www.vuesdenface.com\/web\/film\/zombies-of-mass-destruction\/\">Zombies Of Mass Destruction<\/a><\/span><\/header><i>Horreur&nbsp;&bull;&nbsp;\u00c9tats-Unis&nbsp;&bull;&nbsp;2013&nbsp;&bull;&nbsp;89 minutes&nbsp;&bull;&nbsp;VOSTF<\/i><br\/><span>La vie est calme sur la petite \u00eele de Port Gamble jusqu\u2019\u00e0 ce jour o\u00f9 un virus transforme tous les habitants en zombies. Parodie du film de genre et satire de la soci\u00e9t\u00e9 am\u00e9ricaine, l\u2019humour noir est tr\u00e8s d\u00e9complex\u00e9 sur le racisme, l\u2019homophobie et la religion.\n<\/span><a class=\"readmore\" href=\"https:\/\/www.vuesdenface.com\/web\/film\/zombies-of-mass-destruction\/\">    Continuer la lecture \u2192<\/a><\/td><\/tr><\/table>\n<span style=\"font-family: helvetica;\"><br style=\"font-family: helvetica;\" \/><\/span><\/p>\n","protected":false},"excerpt":{"rendered":"<p>Edition sp\u00e9ciale Vendredi 13 Le Festival International du Film Gay et Lesbien de Grenoble, en partenariat avec la Cin\u00e9math\u00e8que de Grenoble, propose trois films autour du genre fantastique. Vendredi 13 septembre 2013 Rendez-vous Salle Juliet Berto, avec maquillage et d\u00e9guisement ! place Saint Andr\u00e9, passage du palais du justice(en face du Th\u00e9\u00e2tre de Grenoble). 5 &hellip; <a class=\"readmore\" href=\"https:\/\/www.vuesdenface.com\/web\/edition\/edition-13\/\">Continuer la lecture &rarr;<\/a><\/p>\n","protected":false},"author":1,"featured_media":118,"parent":888,"menu_order":0,"comment_status":"closed","ping_status":"closed","template":"","meta":{"footnotes":""},"class_list":["post-221","page","type-page","status-publish","has-post-thumbnail","hentry","numero_edition-edition-13"],"_links":{"self":[{"href":"https:\/\/www.vuesdenface.com\/web\/wp-json\/wp\/v2\/pages\/221","targetHints":{"allow":["GET"]}}],"collection":[{"href":"https:\/\/www.vuesdenface.com\/web\/wp-json\/wp\/v2\/pages"}],"about":[{"href":"https:\/\/www.vuesdenface.com\/web\/wp-json\/wp\/v2\/types\/page"}],"author":[{"embeddable":true,"href":"https:\/\/www.vuesdenface.com\/web\/wp-json\/wp\/v2\/users\/1"}],"replies":[{"embeddable":true,"href":"https:\/\/www.vuesdenface.com\/web\/wp-json\/wp\/v2\/comments?post=221"}],"version-history":[{"count":11,"href":"https:\/\/www.vuesdenface.com\/web\/wp-json\/wp\/v2\/pages\/221\/revisions"}],"predecessor-version":[{"id":6706,"href":"https:\/\/www.vuesdenface.com\/web\/wp-json\/wp\/v2\/pages\/221\/revisions\/6706"}],"up":[{"embeddable":true,"href":"https:\/\/www.vuesdenface.com\/web\/wp-json\/wp\/v2\/pages\/888"}],"wp:featuredmedia":[{"embeddable":true,"href":"https:\/\/www.vuesdenface.com\/web\/wp-json\/wp\/v2\/media\/118"}],"wp:attachment":[{"href":"https:\/\/www.vuesdenface.com\/web\/wp-json\/wp\/v2\/media?parent=221"}],"curies":[{"name":"wp","href":"https:\/\/api.w.org\/{rel}","templated":true}]}}