{"id":2276,"date":"2014-01-18T15:23:21","date_gmt":"2014-01-18T14:23:21","guid":{"rendered":"http:\/\/www.vuesdenface.com\/web\/edition\/edition-2\/soiree-de-cloture\/"},"modified":"2014-03-07T22:36:26","modified_gmt":"2014-03-07T21:36:26","slug":"soiree-de-cloture","status":"publish","type":"page","link":"https:\/\/www.vuesdenface.com\/web\/edition\/edition-11\/soiree-de-cloture\/","title":{"rendered":"Soir\u00e9e de Cl\u00f4ture"},"content":{"rendered":"<p>Notre soir\u00e9e de Cl\u00f4ture aura lieu au Drak&rsquo;art, le samedi 21 avril 2012 avec :<\/p>\n<p><strong>RDV<\/strong>, collectif qui exp\u00e9rimente les possibilit\u00e9s offertes par l\u2019image et le son \u00e0 travers des micro-architectures \u00e9ph\u00e9m\u00e8res vou\u00e9es \u00e0 cr\u00e9er le rassemblement par l\u2019\u00e9v\u00e9nement.<br \/>\n<strong>Henry Death<\/strong>, m\u00e9langeur sonore. Ses sets musicaux se r\u00e9sument en deux mots : victoire et \u00e9motion.<br \/>\n\n<p><a href=\"http:\/\/www.vuesdenface.com\/web\/wp-content\/uploads\/2014\/01\/flyer-soiree-edition-12.png\"><img loading=\"lazy\" decoding=\"async\" class=\"aligncenter size-full wp-image-4782\" alt=\"flyer-soiree-edition-12\" src=\"http:\/\/www.vuesdenface.com\/web\/wp-content\/uploads\/2014\/01\/flyer-soiree-edition-12.png\" width=\"423\" height=\"587\" srcset=\"https:\/\/www.vuesdenface.com\/web\/wp-content\/uploads\/2014\/01\/flyer-soiree-edition-12.png 423w, https:\/\/www.vuesdenface.com\/web\/wp-content\/uploads\/2014\/01\/flyer-soiree-edition-12-227x315.png 227w, https:\/\/www.vuesdenface.com\/web\/wp-content\/uploads\/2014\/01\/flyer-soiree-edition-12-216x300.png 216w, https:\/\/www.vuesdenface.com\/web\/wp-content\/uploads\/2014\/01\/flyer-soiree-edition-12-151x210.png 151w\" sizes=\"auto, (max-width: 423px) 100vw, 423px\" \/><\/a><\/p>\n","protected":false},"excerpt":{"rendered":"<p>Notre soir\u00e9e de Cl\u00f4ture aura lieu au Drak&rsquo;art, le samedi 21 avril 2012 avec : RDV, collectif qui exp\u00e9rimente les possibilit\u00e9s offertes par l\u2019image et le son \u00e0 travers des micro-architectures \u00e9ph\u00e9m\u00e8res vou\u00e9es \u00e0 cr\u00e9er le rassemblement par l\u2019\u00e9v\u00e9nement. Henry Death, m\u00e9langeur sonore. Ses sets musicaux se r\u00e9sument en deux mots : victoire et \u00e9motion.<\/p>\n","protected":false},"author":1,"featured_media":0,"parent":2268,"menu_order":9,"comment_status":"closed","ping_status":"closed","template":"","meta":{"footnotes":""},"class_list":["post-2276","page","type-page","status-publish","hentry","numero_edition-edition-11"],"_links":{"self":[{"href":"https:\/\/www.vuesdenface.com\/web\/wp-json\/wp\/v2\/pages\/2276","targetHints":{"allow":["GET"]}}],"collection":[{"href":"https:\/\/www.vuesdenface.com\/web\/wp-json\/wp\/v2\/pages"}],"about":[{"href":"https:\/\/www.vuesdenface.com\/web\/wp-json\/wp\/v2\/types\/page"}],"author":[{"embeddable":true,"href":"https:\/\/www.vuesdenface.com\/web\/wp-json\/wp\/v2\/users\/1"}],"replies":[{"embeddable":true,"href":"https:\/\/www.vuesdenface.com\/web\/wp-json\/wp\/v2\/comments?post=2276"}],"version-history":[{"count":7,"href":"https:\/\/www.vuesdenface.com\/web\/wp-json\/wp\/v2\/pages\/2276\/revisions"}],"predecessor-version":[{"id":4783,"href":"https:\/\/www.vuesdenface.com\/web\/wp-json\/wp\/v2\/pages\/2276\/revisions\/4783"}],"up":[{"embeddable":true,"href":"https:\/\/www.vuesdenface.com\/web\/wp-json\/wp\/v2\/pages\/2268"}],"wp:attachment":[{"href":"https:\/\/www.vuesdenface.com\/web\/wp-json\/wp\/v2\/media?parent=2276"}],"curies":[{"name":"wp","href":"https:\/\/api.w.org\/{rel}","templated":true}]}}