{"id":2278,"date":"2014-01-18T15:23:21","date_gmt":"2014-01-18T14:23:21","guid":{"rendered":"http:\/\/www.vuesdenface.com\/web\/edition\/edition-2\/theatre\/"},"modified":"2014-03-27T21:25:23","modified_gmt":"2014-03-27T20:25:23","slug":"theatre","status":"publish","type":"page","link":"https:\/\/www.vuesdenface.com\/web\/edition\/edition-11\/theatre\/","title":{"rendered":"Th\u00e9\u00e2tre"},"content":{"rendered":"<h1>Edouard II par La Troupe du Levant &#8211; 18 et 19 avril 2012<\/h1>\n<p>Le Festival Vues d&rsquo;en face accueille <strong>La Troupe du Levant<\/strong> pour deux repr\u00e9sentations de la pi\u00e8ce <strong>Edouard II <\/strong>qui auront lieu \u00e0 la <strong>Salle des rencontres de La Librairie Le Square, 20 rue de Sault, les 18 et 19 avril 2012 \u00e0 18h15<\/strong>.<\/p>\n<p>Places en vente \u00e0 la caisse du Festival jusqu&rsquo;\u00e0 la veille<br \/>\net sur place le jour du spectacle.<br \/>\n<strong>Tarifs : 6 \u20ac avec un billet du festival \/ 10 \u20ac<\/strong><\/p>\n\n<!-- template partenaire-simple--><div id=\"rubrique\" class=\"trailer\"><i class=\"fa fa-star-o\"><\/i>&nbsp;Partenaire<br><hr><\/div><\/br><p><table><tr><td  class=\"fiche-partenaire\"><div class=\"logo-centre-div\" width=\"125px\" height=\"62.5px\"><figure><a href=\"https:\/\/www.vuesdenface.com\/web\/partenaires\/le-square\/\"><img decoding=\"async\" src=\"https:\/\/www.vuesdenface.com\/web\/wp-content\/vignettes-vdef\/2014\/01\/125x62.5\/Square-125x62.5.png\" width=\"125\" height=\"62.5\" class=\"logo-centre\" alt=\"Le Square\" title=\"Le Square\" rel=\"\"><\/a><figcaption><a href=\"https:\/\/www.vuesdenface.com\/web\/partenaires\/le-square\/\"><\/a><\/figcaption><\/figure><\/div><\/td><td class=\"fiche-partenaire\"><b>Le Square<\/b><br\/><i class=\"fa fa-envelope-o\"><\/i>&nbsp;&nbsp;2 place Dr L\u00e9on Martin, 38000 Grenoble<br\/><i class=\"fa fa-phone\"><\/i>&nbsp;&nbsp;T\u00e9l\u00e9phone : 04 76 46 61 63<br\/><i class=\"fa fa-external-link\"><\/i>&nbsp;&nbsp;<em>Site Internet : <a href=\"http:\/\/www.librairielesquare.fr\">www.librairielesquare.fr<\/a><\/em><br\/><\/td><\/tr><\/table><\/p>\n<p><strong><em>Attention rendez-vous \u00e0 la salle des rencontres de la Librairie Le Square,<br \/>\nsitu\u00e9e \u00e0 quelques pas au 20 rue de Sault<\/em><\/strong><\/p>\n<h3>LE REGNE TROUBLE ET LA MORT PITOYABLE D\u2019EDOUARD II, ROI D\u2019ANGLETERRE, ET LA CHUTE TRAGIQUE DE L\u2019ORGUEILLEUX MORTIMER<\/h3>\n<p>Edouard II, roi d\u2019Angleterre, est souverain du chaos.<br \/>\nSon r\u00e8gne est celui du d\u00e9sordre, de l\u2019exc\u00e8s. Il dirige le pays au rythme de sa passion et de ses pulsions \u00e9rotiques, en toute conscience et avec arrogance, place un homme dans son lit et transgresse les ordres moraux et politiques.<br \/>\nLa r\u00e9bellion de la reine et des nobles de la cour nous plonge alors dans un tumultueux et comique jeu de miroirs entre amours interdites et affaires d\u2019\u00e9tats.<br \/>\nUne trag\u00e9die \u00e9crite en 1592 par <em>Christopher Marlowe<\/em>, r\u00e9adapt\u00e9e sous forme de farce.<\/p>\n<p><em>Texte : Christopher Marlowe<br \/>\nAdaptation et mise en sc\u00e8ne : Benjamin Forel<br \/>\nInterpr\u00e9t\u00e9e par : Alexandre Canard-Volland, Simon Libeaut et In\u00e8s Plancher<br \/>\nCostumes : Marie-Pierre Morel-Lab<br \/>\nD\u00e9cor : Marie-Pierre Morel-Lab et Alexandre Canard-Volland<br \/>\nMusique emprunt\u00e9e \u00e0 Ennio Morricone <\/em><\/p>\n<h3>Quelques mots sur l\u2019auteur<\/h3>\n<p>Comme pour beaucoup d\u2019\u00e9crivains de l\u2019\u00e9poque, on sait peu de choses \u00e0 propos de Christopher Marlowe et son \u0153uvre th\u00e9\u00e2trale est rarement jou\u00e9e en France.<br \/>\nOutre Manche, pourtant, il est connu comme pr\u00e9curseur de la trag\u00e9die moderne et p\u00e8re fondateur du drame \u00e9lisab\u00e9thain. Contemporain et ami de William Shakespeare la l\u00e9gende veut m\u00eame que Marlowe lui ait souffl\u00e9 le texte de Rom\u00e9o et Juliette.<br \/>\nIl est souvent d\u00e9crit comme un espion, un bagarreur, un h\u00e9r\u00e9tique et un homosexuel. Il publie six pi\u00e8ces \u2013 jou\u00e9es \u00e0 Londres \u2013 historique et pol\u00e9miques, n\u2019ayant pas peur d\u2019interroger l\u2019\u00e9poque et la soci\u00e9t\u00e9 de son pays.<br \/>\nParmi elles : Edouard II, Massacre \u00e0 Paris, Le Juif de Malte\u2026<br \/>\nSa mort \u00e0 29 ans reste entour\u00e9e de myst\u00e8re<\/p>\n<p>Christopher Marlowe, 1564 &#8211; 1593<\/p>\n<p><em>Pour mettre en sc\u00e8ne ce roi qui gouverne en fonction de ses d\u00e9sirs, notamment homosexuels, transgressant ainsi toutes les r\u00e8gles de la soci\u00e9t\u00e9 qu\u2019il est cens\u00e9 incarner, la Troupe du Levant a renou\u00e9 avec la tradition du th\u00e9\u00e2tre itin\u00e9rant, m\u00e9tamorphosant les contraintes spatiales en ing\u00e9niosit\u00e9s sc\u00e9niques. Cette pi\u00e8ce ancienne traitant du pouvoir et sa mise en forme originale est la mani\u00e8re pour la compagnie de faire du th\u00e9\u00e2tre \u00e0 destination du public et, en ce sens, politique.<\/em><\/p>\n<p>St\u00e9phane Caruana \/ H\u00e9t\u00e9roclite, octobre 2010<\/p>\n","protected":false},"excerpt":{"rendered":"<p>Edouard II par La Troupe du Levant &#8211; 18 et 19 avril 2012 Le Festival Vues d&rsquo;en face accueille La Troupe du Levant pour deux repr\u00e9sentations de la pi\u00e8ce Edouard II qui auront lieu \u00e0 la Salle des rencontres de La Librairie Le Square, 20 rue de Sault, les 18 et 19 avril 2012 \u00e0 &hellip; <a class=\"readmore\" href=\"https:\/\/www.vuesdenface.com\/web\/edition\/edition-11\/theatre\/\">Continuer la lecture &rarr;<\/a><\/p>\n","protected":false},"author":1,"featured_media":2305,"parent":2268,"menu_order":5,"comment_status":"closed","ping_status":"closed","template":"","meta":{"footnotes":""},"class_list":["post-2278","page","type-page","status-publish","has-post-thumbnail","hentry","numero_edition-edition-11"],"_links":{"self":[{"href":"https:\/\/www.vuesdenface.com\/web\/wp-json\/wp\/v2\/pages\/2278","targetHints":{"allow":["GET"]}}],"collection":[{"href":"https:\/\/www.vuesdenface.com\/web\/wp-json\/wp\/v2\/pages"}],"about":[{"href":"https:\/\/www.vuesdenface.com\/web\/wp-json\/wp\/v2\/types\/page"}],"author":[{"embeddable":true,"href":"https:\/\/www.vuesdenface.com\/web\/wp-json\/wp\/v2\/users\/1"}],"replies":[{"embeddable":true,"href":"https:\/\/www.vuesdenface.com\/web\/wp-json\/wp\/v2\/comments?post=2278"}],"version-history":[{"count":8,"href":"https:\/\/www.vuesdenface.com\/web\/wp-json\/wp\/v2\/pages\/2278\/revisions"}],"predecessor-version":[{"id":4807,"href":"https:\/\/www.vuesdenface.com\/web\/wp-json\/wp\/v2\/pages\/2278\/revisions\/4807"}],"up":[{"embeddable":true,"href":"https:\/\/www.vuesdenface.com\/web\/wp-json\/wp\/v2\/pages\/2268"}],"wp:featuredmedia":[{"embeddable":true,"href":"https:\/\/www.vuesdenface.com\/web\/wp-json\/wp\/v2\/media\/2305"}],"wp:attachment":[{"href":"https:\/\/www.vuesdenface.com\/web\/wp-json\/wp\/v2\/media?parent=2278"}],"curies":[{"name":"wp","href":"https:\/\/api.w.org\/{rel}","templated":true}]}}