{"id":2443,"date":"2014-01-19T16:22:53","date_gmt":"2014-01-19T15:22:53","guid":{"rendered":"http:\/\/www.vuesdenface.com\/web\/edition\/a-edition-11\/a-editorial\/"},"modified":"2014-11-16T18:59:49","modified_gmt":"2014-11-16T17:59:49","slug":"edito-edition-10","status":"publish","type":"page","link":"https:\/\/www.vuesdenface.com\/web\/edition\/edition-10\/edito-edition-10\/","title":{"rendered":"\u00c9ditorial"},"content":{"rendered":"<h1>Happy Birthday !<\/h1>\n<p>Soyons fous, soyons folles, on souffle 10 bougies, on se souhaite le meilleur.<\/p>\n<ul>\n<li>Qu\u2019il y ait encore de beaux films, de grands documentaires, pour voyager du Cameroun en Islande, d\u2019Hawaii en Inde, du Br\u00e9sil en Cor\u00e9e, du P\u00e9rou en Italie.<\/li>\n<li>Que tu te sentes chez toi dans la salle, qui que tu sois, plut\u00f4t cowboy, Elvis ou Madona.<\/li>\n<li>Que nous partagions cet \u00e9v\u00e9nement dans la bonne humeur et l\u2019\u00e9motion avec Elo\u00efse, David, Anne, Harry, Edie &amp; Thea et tous les autres.<\/li>\n<li>Que nos Topp Twins partenaires et annonceurs gardent l\u2019envie de nous accompagner.<\/li>\n<li>Vues d\u2019en Face souhaite aussi que les institutions nous soutiennent toujours plus pour des \u00e9ditions plus belles, plus vivantes, plus vibrantes. Nos Maires le savent bien.<\/li>\n<li>Que l\u2019\u00e9quipe, quel que soit son carburant (curry ou amph\u00e9tamine) trouve tout au long de l\u2019ann\u00e9e la force de vous confectionner votre Festival.<\/li>\n<li>Enfin, Vues d\u2019en Face se souhaite surtout d\u2019\u00eatre encore l\u00e0 dans 1 an, 5 ans, 10 ans m\u00eame !<\/li>\n<\/ul>\n<p>Pas de plan B du 12 au 19 avril : rendez-vous pour souffler les bougies tous ensemble. Festivali\u00e8re, Festivalier, ces promesses d\u2019\u00e9ditions futures fabuleuses ne se feront jamais sans toi.<\/p>\n<p>Bon baiser de la lune<\/p>\n<p><b><i>L\u2019\u00e9quipe du Festival<\/i><\/b><\/p>\n\n\n<figure class=\"grille-vignettes\"><a href=\"https:\/\/www.vuesdenface.com\/web\/wp-content\/uploads\/2013\/12\/revue-presse-edition-10.pdf\"><img loading=\"lazy\" decoding=\"async\" src=\"https:\/\/www.vuesdenface.com\/web\/wp-content\/vignettes-vdef\/2013\/12\/100x150\/revue-presse-edition-10-100x150.jpg\" width=\"100\" height=\"150\" class=\"photo-film\" alt=\"\" rel=\"relation\" title=\"\u00c9ditorial\"><\/a><figcaption><a href=\"https:\/\/www.vuesdenface.com\/web\/wp-content\/uploads\/2013\/12\/revue-presse-edition-10.pdf\">\u00c9ditorial&nbsp;&nbsp;&nbsp;&nbsp;&nbsp;<\/a><br\/>(pdf de 14.56 Mo)&nbsp;&nbsp;&nbsp;&nbsp;<\/figcaption><\/figure><div class=\"clear\"><\/br><\/div> <figure class=\"grille-vignettes\"><a href=\"https:\/\/www.vuesdenface.com\/web\/wp-content\/uploads\/2013\/12\/catalogue-edition-10.pdf\"><img loading=\"lazy\" decoding=\"async\" src=\"https:\/\/www.vuesdenface.com\/web\/wp-content\/vignettes-vdef\/2013\/12\/150x100\/catalogue-edition-10-150x100.jpg\" width=\"150\" height=\"100\" class=\"photo-film\" alt=\"\" rel=\"relation\" title=\"\u00c9ditorial\"><\/a><figcaption><a href=\"https:\/\/www.vuesdenface.com\/web\/wp-content\/uploads\/2013\/12\/catalogue-edition-10.pdf\">\u00c9ditorial&nbsp;&nbsp;&nbsp;&nbsp;&nbsp;<\/a><br\/>(pdf de 8.46 Mo)&nbsp;&nbsp;&nbsp;&nbsp;<\/figcaption><\/figure><div class=\"clear\"><\/br><\/div>\n","protected":false},"excerpt":{"rendered":"<p>Happy Birthday ! Soyons fous, soyons folles, on souffle 10 bougies, on se souhaite le meilleur. Qu\u2019il y ait encore de beaux films, de grands documentaires, pour voyager du Cameroun en Islande, d\u2019Hawaii en Inde, du Br\u00e9sil en Cor\u00e9e, du P\u00e9rou en Italie. Que tu te sentes chez toi dans la salle, qui que tu &hellip; <a class=\"readmore\" href=\"https:\/\/www.vuesdenface.com\/web\/edition\/edition-10\/edito-edition-10\/\">Continuer la lecture &rarr;<\/a><\/p>\n","protected":false},"author":1,"featured_media":115,"parent":2429,"menu_order":0,"comment_status":"closed","ping_status":"closed","template":"","meta":{"footnotes":""},"class_list":["post-2443","page","type-page","status-publish","has-post-thumbnail","hentry"],"_links":{"self":[{"href":"https:\/\/www.vuesdenface.com\/web\/wp-json\/wp\/v2\/pages\/2443","targetHints":{"allow":["GET"]}}],"collection":[{"href":"https:\/\/www.vuesdenface.com\/web\/wp-json\/wp\/v2\/pages"}],"about":[{"href":"https:\/\/www.vuesdenface.com\/web\/wp-json\/wp\/v2\/types\/page"}],"author":[{"embeddable":true,"href":"https:\/\/www.vuesdenface.com\/web\/wp-json\/wp\/v2\/users\/1"}],"replies":[{"embeddable":true,"href":"https:\/\/www.vuesdenface.com\/web\/wp-json\/wp\/v2\/comments?post=2443"}],"version-history":[{"count":17,"href":"https:\/\/www.vuesdenface.com\/web\/wp-json\/wp\/v2\/pages\/2443\/revisions"}],"predecessor-version":[{"id":2553,"href":"https:\/\/www.vuesdenface.com\/web\/wp-json\/wp\/v2\/pages\/2443\/revisions\/2553"}],"up":[{"embeddable":true,"href":"https:\/\/www.vuesdenface.com\/web\/wp-json\/wp\/v2\/pages\/2429"}],"wp:featuredmedia":[{"embeddable":true,"href":"https:\/\/www.vuesdenface.com\/web\/wp-json\/wp\/v2\/media\/115"}],"wp:attachment":[{"href":"https:\/\/www.vuesdenface.com\/web\/wp-json\/wp\/v2\/media?parent=2443"}],"curies":[{"name":"wp","href":"https:\/\/api.w.org\/{rel}","templated":true}]}}