{"id":2460,"date":"2014-01-19T16:22:55","date_gmt":"2014-01-19T15:22:55","guid":{"rendered":"http:\/\/www.vuesdenface.com\/web\/edition\/a-edition-11\/a-concert\/"},"modified":"2014-01-19T17:41:51","modified_gmt":"2014-01-19T16:41:51","slug":"concert","status":"publish","type":"page","link":"https:\/\/www.vuesdenface.com\/web\/edition\/edition-10\/concert\/","title":{"rendered":"Concert"},"content":{"rendered":"<p>En partenariat avec  \n<h1>Festival Les Femmes S&rsquo;en M\u00ealent #14<br \/>\nAustra (club \/ Canada)  + The Pack A.D. (rock \/ Canada)<\/h1>\n<p>Pour cette 10e ann\u00e9e, Vues d&rsquo;en face accompagne le Festival Les Femmes S&rsquo;en M\u00ealent dans le cadre de l&rsquo;un des concerts qui se d\u00e9roulera au Ciel.<\/p>\n<h3><span style=\"color: #ff0000;\">Mercredi 30 mars 2011 \u00e0 20h30<\/span><br \/>\n<span style=\"color: #ff0000;\"><b>Tarif : 12 \u20ac \/ 9 \u20ac<\/b><\/span><\/h3>\n<p>Un petit voyage au Canada, afin d\u2019explorer deux aspects de la bouillonnante sc\u00e8ne alternative du pays. Avec <b>AUSTRA<\/b>, c\u2019est d\u2019abord un univers \u00e9lectro-baroque, onirique et lyrique que nous vous proposons de partager. Apr\u00e8s une premi\u00e8re exp\u00e9rience de groupe et un magnifique projet solo de piano-voix, la d\u00e9j\u00e0 remarqu\u00e9e Katie Stelmanis concr\u00e9tise avec ce nouveau groupe un vieux r\u00eave. Destin\u00e9e \u00e0 une carri\u00e8re de chant classique, la jeune femme d\u00e9couvre Nine Inch Nails et Bj\u00f6rk\u2026 C\u2019est d\u2019ailleurs avec l\u2019un des producteurs de cette derni\u00e8re, Damien Taylor, \u00e9galement connu pour ses collaborations avec Prodigy, qu\u2019Austra enregistre \u00abBeat &amp; The Pulse\u00bb, son premier album. Sur des boucles lancinantes agr\u00e9ment\u00e9es de bidouillages \u00e9lectro et des basses massives, la jeune canadienne nous r\u00e9gale de sa voix incroyable et d\u2019un univers \u00abViolently unhappy\u00bb.<\/p>\n<p>De lyrisme, d\u2019onirisme et de baroque, il ne risque plus d\u2019\u00eatre question en seconde partie de soir\u00e9e ! Car le moins que l\u2019on puisse dire, c\u2019est que les deux furies de <b>THE PACK A.D.<\/b>, elles, ne font pas dans la dentelle&#8230; \u00c9norme guitare, batterie \u00e9nerv\u00e9e, voix puissante, m\u00e9lodies accrocheuses : bien plus qu\u2019un simple groupe de garage, les deux demoiselles peuvent se vanter d\u2019avoir sorti, avec \u00abWe kill computers\u00bb, l\u2019un des meilleurs albums de rock sauvage et animal de ces derni\u00e8res ann\u00e9es, leur permettant d\u2019\u00eatre compar\u00e9es aux White Stripes ou \u00e0 The Kills. <i>\u00abNous nous sommes rendus compte que nous amusions plus quand nous jouions tr\u00e8s fort\u00bb<\/i> &#8230; On vous aura pr\u00e9venus !<\/p>\n<p><a href=\"http:\/\/www.regie2c.fr\/regie2c\/sections\/public\/le_ciel\/concerts\/festival_les_femmes5711\" target=\"_blank\">R\u00e9servation sur le site de la regie2c<\/a><\/p>\n\n<!-- template partenaire-simple--><div id=\"rubrique\" class=\"trailer\"><i class=\"fa fa-star-o\"><\/i>&nbsp;Partenaire<br><hr><\/div><\/br><p><table><tr><td  class=\"fiche-partenaire\"><div class=\"logo-centre-div\" width=\"62.5px\" height=\"125px\"><figure><a href=\"https:\/\/www.vuesdenface.com\/web\/partenaires\/le-ciel\/\"><img decoding=\"async\" src=\"https:\/\/www.vuesdenface.com\/web\/wp-content\/vignettes-vdef\/2024\/09\/62.5x125\/CIEL-logo-A-62.5x125.png\" width=\"62.5\" height=\"125\" class=\"logo-centre\" alt=\"Le Ciel\" title=\"Le Ciel\" rel=\"\"><\/a><figcaption><a href=\"https:\/\/www.vuesdenface.com\/web\/partenaires\/le-ciel\/\"><\/a><\/figcaption><\/figure><\/div><\/td><td class=\"fiche-partenaire\"><b>Le Ciel<\/b><br\/><i class=\"fa fa-envelope-o\"><\/i>&nbsp;&nbsp;2 rue du G\u00e9n\u00e9ral Marchand  38000 Grenoble<br\/><i class=\"fa fa-external-link\"><\/i>&nbsp;&nbsp;<em>Site Internet : <a href=\"http:\/\/le-ciel.fr\">le-ciel.fr<\/a><\/em><br\/><\/td><\/tr><\/table><\/p>\n<table style=\"width: 50%;\" border=\"0\" cellspacing=\"10\" cellpadding=\"10\">\n<tbody>\n<tr>\n<td>\n<div id=\"attachment_2514\" style=\"width: 118px\" class=\"wp-caption aligncenter\"><a href=\"http:\/\/www.vuesdenface.com\/web\/wp-content\/uploads\/2014\/01\/austra-packad-2.png\"><img loading=\"lazy\" decoding=\"async\" aria-describedby=\"caption-attachment-2514\" class=\"size-thumbnail wp-image-2514\" alt=\"Pack A.D.\" src=\"http:\/\/www.vuesdenface.com\/web\/wp-content\/uploads\/2014\/01\/austra-packad-2-108x150.png\" width=\"108\" height=\"150\" \/><\/a><p id=\"caption-attachment-2514\" class=\"wp-caption-text\">Pack A.D.<\/p><\/div><\/td>\n<td>\n<div id=\"attachment_2513\" style=\"width: 112px\" class=\"wp-caption aligncenter\"><a href=\"http:\/\/www.vuesdenface.com\/web\/wp-content\/uploads\/2014\/01\/austra-packad-1.png\"><img loading=\"lazy\" decoding=\"async\" aria-describedby=\"caption-attachment-2513\" class=\"size-thumbnail wp-image-2513\" alt=\"Austra\" src=\"http:\/\/www.vuesdenface.com\/web\/wp-content\/uploads\/2014\/01\/austra-packad-1-102x150.png\" width=\"102\" height=\"150\" \/><\/a><p id=\"caption-attachment-2513\" class=\"wp-caption-text\">Austra<\/p><\/div><\/td>\n<\/tr>\n<\/tbody>\n<\/table>\n","protected":false},"excerpt":{"rendered":"<p>En partenariat avec Festival Les Femmes S&rsquo;en M\u00ealent #14 Austra (club \/ Canada) + The Pack A.D. (rock \/ Canada) Pour cette 10e ann\u00e9e, Vues d&rsquo;en face accompagne le Festival Les Femmes S&rsquo;en M\u00ealent dans le cadre de l&rsquo;un des concerts qui se d\u00e9roulera au Ciel. Mercredi 30 mars 2011 \u00e0 20h30 Tarif : 12 &hellip; <a class=\"readmore\" href=\"https:\/\/www.vuesdenface.com\/web\/edition\/edition-10\/concert\/\">Continuer la lecture &rarr;<\/a><\/p>\n","protected":false},"author":1,"featured_media":2508,"parent":2429,"menu_order":7,"comment_status":"closed","ping_status":"closed","template":"","meta":{"footnotes":""},"class_list":["post-2460","page","type-page","status-publish","has-post-thumbnail","hentry"],"_links":{"self":[{"href":"https:\/\/www.vuesdenface.com\/web\/wp-json\/wp\/v2\/pages\/2460","targetHints":{"allow":["GET"]}}],"collection":[{"href":"https:\/\/www.vuesdenface.com\/web\/wp-json\/wp\/v2\/pages"}],"about":[{"href":"https:\/\/www.vuesdenface.com\/web\/wp-json\/wp\/v2\/types\/page"}],"author":[{"embeddable":true,"href":"https:\/\/www.vuesdenface.com\/web\/wp-json\/wp\/v2\/users\/1"}],"replies":[{"embeddable":true,"href":"https:\/\/www.vuesdenface.com\/web\/wp-json\/wp\/v2\/comments?post=2460"}],"version-history":[{"count":10,"href":"https:\/\/www.vuesdenface.com\/web\/wp-json\/wp\/v2\/pages\/2460\/revisions"}],"predecessor-version":[{"id":2517,"href":"https:\/\/www.vuesdenface.com\/web\/wp-json\/wp\/v2\/pages\/2460\/revisions\/2517"}],"up":[{"embeddable":true,"href":"https:\/\/www.vuesdenface.com\/web\/wp-json\/wp\/v2\/pages\/2429"}],"wp:featuredmedia":[{"embeddable":true,"href":"https:\/\/www.vuesdenface.com\/web\/wp-json\/wp\/v2\/media\/2508"}],"wp:attachment":[{"href":"https:\/\/www.vuesdenface.com\/web\/wp-json\/wp\/v2\/media?parent=2460"}],"curies":[{"name":"wp","href":"https:\/\/api.w.org\/{rel}","templated":true}]}}