{"id":2495,"date":"2014-01-19T17:17:34","date_gmt":"2014-01-19T16:17:34","guid":{"rendered":"http:\/\/www.vuesdenface.com\/web\/?page_id=2495"},"modified":"2014-01-19T17:25:07","modified_gmt":"2014-01-19T16:25:07","slug":"spectacle","status":"publish","type":"page","link":"https:\/\/www.vuesdenface.com\/web\/edition\/edition-10\/spectacle\/","title":{"rendered":"Spectacle"},"content":{"rendered":"<h1>La lesbienne invisible de Oc\u00e9aneRosemarie<\/h1>\n<p>Mardi 22 mars 2011 \u00e0 20h00,<br \/>\nSalle Edmond Vigne (23, Rue des Alpes \u00e0 Fontaine)<br \/>\nTarif : 3\u20ac<br \/>\nEn associaiton avecla Ville de Fonatine, dans le cadre des <a href=\"http:\/\/www.ville-fontaine.fr\/rencontres-interculturelles-2011\" target=\"_blank\">Rencontres Interculturelles 2011<\/a><\/p>\n<p>R\u00e9servation et renseignements :  Service DSU &#8211; H\u00f4tel de Ville 3\u00b0 \u00e9tage &#8211; Fontaine &#8211; Tel : 0476287628<\/p>\n<p align=\"left\">Du club de foot f\u00e9minin aux bo\u00eetes ultra branch\u00e9es parisiennes, en passant par l&rsquo;in\u00e9vitable coming-out parental, d\u00e9couvrez le parcours initiatique d\u2019une jeune femme qui adore le rouge \u00e0 l\u00e8vres et les robes \u00e0 fleurs, et dont personne ne veut croire \u00e0 l\u2019homosexualit\u00e9 !<\/p>\n<p align=\"left\">A contre-courant des clich\u00e9s habituels, Oc\u00e9anerosemarie nous parle de relations amoureuses, mais aussi de sujets de soci\u00e9t\u00e9 et de choix personnels. Elle dresse les portraits de celles et ceux qui croisent sa route, homos et h\u00e9t\u00e9ros, de fa\u00e7on joyeuse, d\u00e9complex\u00e9e, mais aussi avec auto-d\u00e9rision et tendresse. Ce spectacle plein d\u2019\u00e9nergie donne enfin toutes les r\u00e9ponses aux questions profondes ou frivoles que les h\u00e9t\u00e9rosexuel(le)s se posent sur les lesbiennes..<\/p>\n<p><a href=\"http:\/\/www.myspace.com\/lalesbienneinvisible\" target=\"_blank\">www.myspace.com\/lalesbienneinvisible<\/a><\/p>\n\n<!-- template partenaire-simple--><div id=\"rubrique\" class=\"trailer\"><i class=\"fa fa-star-o\"><\/i>&nbsp;Partenaire<br><hr><\/div><\/br><p><table><tr><td  class=\"fiche-partenaire\"><div class=\"logo-centre-div\" width=\"100px\" height=\"100px\"><figure><a href=\"https:\/\/www.vuesdenface.com\/web\/partenaires\/ville-de-fontaine\/\"><img loading=\"lazy\" decoding=\"async\" src=\"https:\/\/www.vuesdenface.com\/web\/wp-content\/vignettes-vdef\/2022\/09\/100x100\/Fontaine_Ise\u0300re_couleur-vertical-100x100.png\" width=\"100\" height=\"100\" class=\"logo-centre\" alt=\"Ville de Fontaine\" title=\"Ville de Fontaine\" rel=\"\"><\/a><figcaption><a href=\"https:\/\/www.vuesdenface.com\/web\/partenaires\/ville-de-fontaine\/\"><\/a><\/figcaption><\/figure><\/div><\/td><td class=\"fiche-partenaire\"><b>Ville de Fontaine<\/b><br\/><i class=\"fa fa-envelope-o\"><\/i>&nbsp;&nbsp;89 mail Marcel Cachin, 38600 Fontaine<br\/><i class=\"fa fa-phone\"><\/i>&nbsp;&nbsp;T\u00e9l\u00e9phone : 04 76 28 75 75<br\/><i class=\"fa fa-external-link\"><\/i>&nbsp;&nbsp;<em>Site Internet : <a href=\"http:\/\/ville-fontaine.fr\">ville-fontaine.fr<\/a><\/em><br\/><\/td><\/tr><\/table><\/p>\n<div id=\"rubrique-documents\"><div class=\"rubrique\"><div class=\"rubrique-icone\"><i class=\"fa  fa-lg\"><\/i><\/div><div class=\"rubrique-texte\">Programme des Rencontres Interculturelles de Fontaine 2011<br><\/div><hr><\/div><figure class=\"grille-vignettes\"><a href=\"https:\/\/www.vuesdenface.com\/web\/wp-content\/uploads\/2014\/01\/fontaine-prog-2011.jpg\"><img loading=\"lazy\" decoding=\"async\" src=\"https:\/\/www.vuesdenface.com\/web\/wp-content\/vignettes-vdef\/2014\/01\/300x400\/fontaine-prog-2011-300x400.jpg\" width=\"300\" height=\"400\" class=\"photo-film\" alt=\"\" rel=\"relation\" title=\"Spectacle\"><\/a><figcaption><a href=\"https:\/\/www.vuesdenface.com\/web\/wp-content\/uploads\/2014\/01\/fontaine-prog-2011.jpg\">Spectacle&nbsp;&nbsp;&nbsp;&nbsp;&nbsp;<\/a><br\/>(jpg de 0.24 Mo)&nbsp;&nbsp;&nbsp;&nbsp;<\/figcaption><\/figure><\/div><div class=\"clear\"><\/br><\/div>\n<p>&nbsp;<\/p>\n","protected":false},"excerpt":{"rendered":"<p>La lesbienne invisible de Oc\u00e9aneRosemarie Mardi 22 mars 2011 \u00e0 20h00, Salle Edmond Vigne (23, Rue des Alpes \u00e0 Fontaine) Tarif : 3\u20ac En associaiton avecla Ville de Fonatine, dans le cadre des Rencontres Interculturelles 2011 R\u00e9servation et renseignements : Service DSU &#8211; H\u00f4tel de Ville 3\u00b0 \u00e9tage &#8211; Fontaine &#8211; Tel : 0476287628 Du &hellip; <a class=\"readmore\" href=\"https:\/\/www.vuesdenface.com\/web\/edition\/edition-10\/spectacle\/\">Continuer la lecture &rarr;<\/a><\/p>\n","protected":false},"author":1,"featured_media":2496,"parent":2429,"menu_order":8,"comment_status":"closed","ping_status":"open","template":"","meta":{"footnotes":""},"class_list":["post-2495","page","type-page","status-publish","has-post-thumbnail","hentry"],"_links":{"self":[{"href":"https:\/\/www.vuesdenface.com\/web\/wp-json\/wp\/v2\/pages\/2495","targetHints":{"allow":["GET"]}}],"collection":[{"href":"https:\/\/www.vuesdenface.com\/web\/wp-json\/wp\/v2\/pages"}],"about":[{"href":"https:\/\/www.vuesdenface.com\/web\/wp-json\/wp\/v2\/types\/page"}],"author":[{"embeddable":true,"href":"https:\/\/www.vuesdenface.com\/web\/wp-json\/wp\/v2\/users\/1"}],"replies":[{"embeddable":true,"href":"https:\/\/www.vuesdenface.com\/web\/wp-json\/wp\/v2\/comments?post=2495"}],"version-history":[{"count":6,"href":"https:\/\/www.vuesdenface.com\/web\/wp-json\/wp\/v2\/pages\/2495\/revisions"}],"predecessor-version":[{"id":2504,"href":"https:\/\/www.vuesdenface.com\/web\/wp-json\/wp\/v2\/pages\/2495\/revisions\/2504"}],"up":[{"embeddable":true,"href":"https:\/\/www.vuesdenface.com\/web\/wp-json\/wp\/v2\/pages\/2429"}],"wp:featuredmedia":[{"embeddable":true,"href":"https:\/\/www.vuesdenface.com\/web\/wp-json\/wp\/v2\/media\/2496"}],"wp:attachment":[{"href":"https:\/\/www.vuesdenface.com\/web\/wp-json\/wp\/v2\/media?parent=2495"}],"curies":[{"name":"wp","href":"https:\/\/api.w.org\/{rel}","templated":true}]}}