{"id":5464,"date":"2014-03-17T14:13:04","date_gmt":"2014-03-17T13:13:04","guid":{"rendered":"http:\/\/www.vuesdenface.com\/web\/?page_id=5464"},"modified":"2017-10-06T13:50:25","modified_gmt":"2017-10-06T12:50:25","slug":"liens","status":"publish","type":"page","link":"https:\/\/www.vuesdenface.com\/web\/liens\/","title":{"rendered":"Liens externes"},"content":{"rendered":"<p>Retrouvez sur cette page les associations grenobloises et festivals partenaires de Vues d&rsquo;en face.<\/p>\n<p><em>Vous pouvez obtenir une description plus d\u00e9taill\u00e9e en cliquant les diff\u00e9rents logos.<\/em><\/p>\n<br\/><h2>Les associations du Centre LGBTI de Grenoble<hr class=\"no-margin-up-down\"><\/h2>\n\n\n\n\n\n\n\n\n\n<br\/><h2>Autres associations LGBTI<hr class=\"no-margin-up-down\"><\/h2>\n\n<br\/><h2>Annuaire Grenoblois LGBTI<hr class=\"no-margin-up-down\"><\/h2>\n\n<br\/><h2>Associations \u00e9tudiantes LGBTI<hr class=\"no-margin-up-down\"><\/h2>\n\n\n<br\/><h2>Partenaires M\u00e9dias<hr class=\"no-margin-up-down\"><\/h2>\n\n\n\n\n<br\/><h2>Festivals Amis<hr class=\"no-margin-up-down\"><\/h2>\n\n\n\n\n<br\/><h2>R\u00e9seaux Festivals de cin\u00e9ma<hr class=\"no-margin-up-down\"><\/h2>\n\n<br\/><h2>Commer\u00e7ants partenaires<hr class=\"no-margin-up-down\"><\/h2>\n\n","protected":false},"excerpt":{"rendered":"<p>Retrouvez sur cette page les associations grenobloises et festivals partenaires de Vues d&rsquo;en face. Vous pouvez obtenir une description plus d\u00e9taill\u00e9e en cliquant les diff\u00e9rents logos.<\/p>\n","protected":false},"author":1,"featured_media":0,"parent":0,"menu_order":0,"comment_status":"closed","ping_status":"open","template":"","meta":{"footnotes":""},"class_list":["post-5464","page","type-page","status-publish","hentry"],"_links":{"self":[{"href":"https:\/\/www.vuesdenface.com\/web\/wp-json\/wp\/v2\/pages\/5464","targetHints":{"allow":["GET"]}}],"collection":[{"href":"https:\/\/www.vuesdenface.com\/web\/wp-json\/wp\/v2\/pages"}],"about":[{"href":"https:\/\/www.vuesdenface.com\/web\/wp-json\/wp\/v2\/types\/page"}],"author":[{"embeddable":true,"href":"https:\/\/www.vuesdenface.com\/web\/wp-json\/wp\/v2\/users\/1"}],"replies":[{"embeddable":true,"href":"https:\/\/www.vuesdenface.com\/web\/wp-json\/wp\/v2\/comments?post=5464"}],"version-history":[{"count":11,"href":"https:\/\/www.vuesdenface.com\/web\/wp-json\/wp\/v2\/pages\/5464\/revisions"}],"predecessor-version":[{"id":10639,"href":"https:\/\/www.vuesdenface.com\/web\/wp-json\/wp\/v2\/pages\/5464\/revisions\/10639"}],"wp:attachment":[{"href":"https:\/\/www.vuesdenface.com\/web\/wp-json\/wp\/v2\/media?parent=5464"}],"curies":[{"name":"wp","href":"https:\/\/api.w.org\/{rel}","templated":true}]}}