{"id":5483,"date":"2014-03-17T16:25:08","date_gmt":"2014-03-17T15:25:08","guid":{"rendered":"http:\/\/www.vuesdenface.com\/web\/?page_id=5483"},"modified":"2014-04-20T19:53:36","modified_gmt":"2014-04-20T18:53:36","slug":"exposition","status":"publish","type":"page","link":"https:\/\/www.vuesdenface.com\/web\/edition\/edition-14\/exposition\/","title":{"rendered":"Exposition photos et Projet 17 mai"},"content":{"rendered":"<br\/><h2>Rencontres d'un autre genre<hr class=\"no-margin-up-down\"><\/h2>\n<h4>du 16 au 23 avril 2014 \/ Gratuit<\/h4>\n<h4>Vernissage le mercredi 16 avril \u00e0 18h<br \/>\nen pr\u00e9sence de Laurent Pouget<\/h4>\n<p>Photos de Laurent Pouget sur la Gay Pride de Lyon en 2012 et les dessins du collectif d&rsquo;illustrateurs \u00ab\u00a0Projet 17 mai\u00a0\u00bb r\u00e9alis\u00e9 autour de la journ\u00e9e de lutte contre l&rsquo;homophobie<\/p>\n<ul>\n<li><a href=\"http:\/\/portfotolio.net\/21714561@N08\/albums\" target=\"_blank\">Photos Gay Pride Lyon 2012 par Laurent Pouget<\/a><\/li>\n<li><a href=\"http:\/\/www.bfmtv.com\/divertissement\/bande-dessinee-40-dessinateurs-sunissent-contre-lhomophobie-516696.html\" target=\"_blank\">Planches BD du Projet 17 mai<\/a><\/li>\n<li><a href=\"http:\/\/silverblogbd.blogspot.fr\/\" target=\"_blank\">Planches BD de Silver<\/a><\/li>\n<\/ul>\n<p style=\"text-align: center;\">Durant le Festival, l&rsquo;<strong>Atelier du 8<\/strong> se transforme en p\u00f4le militant et associatif,<br \/>\n<strong>Venez \u00e0 la rencontre des associations LGBT Grenobloises !<\/strong><\/p>\n<p style=\"text-align: center;\">\n<p style=\"text-align: center;\">A noter que <strong>Silver<\/strong> sera pr\u00e9sent <strong>samedi 19 avril de 14h30 \u00e0 17h30<\/strong><br \/>\n\u00e0 la Salle 6 (face au cin\u00e9ma Le Club)<br \/>\npour une s\u00e9ance de d\u00e9dicaces de ses planches.<\/p>\n<hr \/>\n<p style=\"text-align: left;\">Quelques photos du vernissage de l&rsquo;exposition :<\/p>\n<p style=\"text-align: left;\"><div class=\"su-custom-gallery su-custom-gallery-align-left su-custom-gallery-title-hover\"><div class=\"su-custom-gallery-slide\" style=\"width:200px;height:200px\"><a href=\"https:\/\/www.vuesdenface.com\/web\/wp-content\/uploads\/2014\/04\/2014-04-13-expo-atelier-8-03.jpg\" title=\"Exposition Atelier du 8\"><img loading=\"lazy\" decoding=\"async\" src=\"https:\/\/www.vuesdenface.com\/web\/wp-content\/uploads\/2014\/04\/2014-04-13-expo-atelier-8-03-200x200.jpg\" alt=\"Exposition Atelier du 8\" width=\"200\" height=\"200\" \/><span class=\"su-custom-gallery-title\">Exposition Atelier du 8<\/span><\/a><\/div><div class=\"su-custom-gallery-slide\" style=\"width:200px;height:200px\"><a href=\"https:\/\/www.vuesdenface.com\/web\/wp-content\/uploads\/2014\/04\/2014-04-13-expo-atelier-8-01.jpg\" title=\"Exposition Atelier du 8, Laurent Pouget\"><img loading=\"lazy\" decoding=\"async\" src=\"https:\/\/www.vuesdenface.com\/web\/wp-content\/uploads\/2014\/04\/2014-04-13-expo-atelier-8-01-200x200.jpg\" alt=\"Exposition Atelier du 8, Laurent Pouget\" width=\"200\" height=\"200\" \/><span class=\"su-custom-gallery-title\">Exposition Atelier du 8, Laurent Pouget<\/span><\/a><\/div><div class=\"su-custom-gallery-slide\" style=\"width:200px;height:200px\"><a href=\"https:\/\/www.vuesdenface.com\/web\/wp-content\/uploads\/2014\/04\/2014-04-13-expo-atelier-8-07.jpg\" title=\"Exposition Atelier du 8\"><img loading=\"lazy\" decoding=\"async\" src=\"https:\/\/www.vuesdenface.com\/web\/wp-content\/uploads\/2014\/04\/2014-04-13-expo-atelier-8-07-200x200.jpg\" alt=\"Exposition Atelier du 8\" width=\"200\" height=\"200\" \/><span class=\"su-custom-gallery-title\">Exposition Atelier du 8<\/span><\/a><\/div><div class=\"su-custom-gallery-slide\" style=\"width:200px;height:200px\"><a href=\"https:\/\/www.vuesdenface.com\/web\/wp-content\/uploads\/2014\/04\/2014-04-13-expo-atelier-8-06.jpg\" title=\"Exposition Atelier du 8, Laurent Pouget (au centre))\"><img loading=\"lazy\" decoding=\"async\" src=\"https:\/\/www.vuesdenface.com\/web\/wp-content\/uploads\/2014\/04\/2014-04-13-expo-atelier-8-06-200x200.jpg\" alt=\"Exposition Atelier du 8, Laurent Pouget (au centre))\" width=\"200\" height=\"200\" \/><span class=\"su-custom-gallery-title\">Exposition Atelier du 8, Laurent Pouget (au centre))<\/span><\/a><\/div><div class=\"su-custom-gallery-slide\" style=\"width:200px;height:200px\"><a href=\"https:\/\/www.vuesdenface.com\/web\/wp-content\/uploads\/2014\/04\/2014-04-13-expo-atelier-8-05.jpg\" title=\"Exposition Atelier du 8\"><img loading=\"lazy\" decoding=\"async\" src=\"https:\/\/www.vuesdenface.com\/web\/wp-content\/uploads\/2014\/04\/2014-04-13-expo-atelier-8-05-200x200.jpg\" alt=\"Exposition Atelier du 8\" width=\"200\" height=\"200\" \/><span class=\"su-custom-gallery-title\">Exposition Atelier du 8<\/span><\/a><\/div><div class=\"su-custom-gallery-slide\" style=\"width:200px;height:200px\"><a href=\"https:\/\/www.vuesdenface.com\/web\/wp-content\/uploads\/2014\/04\/2014-04-13-expo-atelier-8-04.jpg\" title=\"Exposition Atelier du 8, Projet 17 mai\"><img loading=\"lazy\" decoding=\"async\" src=\"https:\/\/www.vuesdenface.com\/web\/wp-content\/uploads\/2014\/04\/2014-04-13-expo-atelier-8-04-200x200.jpg\" alt=\"Exposition Atelier du 8, Projet 17 mai\" width=\"200\" height=\"200\" \/><span class=\"su-custom-gallery-title\">Exposition Atelier du 8, Projet 17 mai<\/span><\/a><\/div><div class=\"su-custom-gallery-slide\" style=\"width:200px;height:200px\"><a href=\"https:\/\/www.vuesdenface.com\/web\/wp-content\/uploads\/2014\/04\/2014-04-13-expo-atelier-8-02.jpg\" title=\"Exposition Atelier du 8, Laurent Pouget (\u00e0 gauche)\"><img loading=\"lazy\" decoding=\"async\" src=\"https:\/\/www.vuesdenface.com\/web\/wp-content\/uploads\/2014\/04\/2014-04-13-expo-atelier-8-02-200x200.jpg\" alt=\"Exposition Atelier du 8, Laurent Pouget (\u00e0 gauche)\" width=\"200\" height=\"200\" \/><span class=\"su-custom-gallery-title\">Exposition Atelier du 8, Laurent Pouget (\u00e0 gauche)<\/span><\/a><\/div><div class=\"su-clear\"><\/div><\/div>\n<hr \/>\n<p style=\"text-align: left;\">\n\n<div>\n<h4><br\/><h2>Le Centre LGBT C.I.Ga.Le f\u00eate ses 20 ans<hr class=\"no-margin-up-down\"><\/h2><\/h4>\n<\/div>\n<div>\n<p><strong>Rendez-vous le week-end du 17 mai \u00e0 Grenoble pour f\u00eater les 20 ans de C.I.Ga.Le !<br \/>\n<\/strong>\u00c0 l&rsquo;heure o\u00f9 nous mettons \u00e0 jour ce site, le programme d\u00e9finitif n&rsquo;est pas boucl\u00e9.<br \/>\nInfos \u00e0 suivre sur le site de Cigale et sur la page facebook Centre LGBT Cigale grenoble.<\/p>\n<p style=\"text-align: center;\">\n<\/div>\n","protected":false},"excerpt":{"rendered":"<p>du 16 au 23 avril 2014 \/ Gratuit Vernissage le mercredi 16 avril \u00e0 18h en pr\u00e9sence de Laurent Pouget Photos de Laurent Pouget sur la Gay Pride de Lyon en 2012 et les dessins du collectif d&rsquo;illustrateurs \u00ab\u00a0Projet 17 mai\u00a0\u00bb r\u00e9alis\u00e9 autour de la journ\u00e9e de lutte contre l&rsquo;homophobie Photos Gay Pride Lyon 2012 &hellip; <a class=\"readmore\" href=\"https:\/\/www.vuesdenface.com\/web\/edition\/edition-14\/exposition\/\">Continuer la lecture &rarr;<\/a><\/p>\n","protected":false},"author":1,"featured_media":5647,"parent":4749,"menu_order":35,"comment_status":"closed","ping_status":"open","template":"","meta":{"footnotes":""},"class_list":["post-5483","page","type-page","status-publish","has-post-thumbnail","hentry","numero_edition-edition-14"],"_links":{"self":[{"href":"https:\/\/www.vuesdenface.com\/web\/wp-json\/wp\/v2\/pages\/5483","targetHints":{"allow":["GET"]}}],"collection":[{"href":"https:\/\/www.vuesdenface.com\/web\/wp-json\/wp\/v2\/pages"}],"about":[{"href":"https:\/\/www.vuesdenface.com\/web\/wp-json\/wp\/v2\/types\/page"}],"author":[{"embeddable":true,"href":"https:\/\/www.vuesdenface.com\/web\/wp-json\/wp\/v2\/users\/1"}],"replies":[{"embeddable":true,"href":"https:\/\/www.vuesdenface.com\/web\/wp-json\/wp\/v2\/comments?post=5483"}],"version-history":[{"count":10,"href":"https:\/\/www.vuesdenface.com\/web\/wp-json\/wp\/v2\/pages\/5483\/revisions"}],"predecessor-version":[{"id":6337,"href":"https:\/\/www.vuesdenface.com\/web\/wp-json\/wp\/v2\/pages\/5483\/revisions\/6337"}],"up":[{"embeddable":true,"href":"https:\/\/www.vuesdenface.com\/web\/wp-json\/wp\/v2\/pages\/4749"}],"wp:featuredmedia":[{"embeddable":true,"href":"https:\/\/www.vuesdenface.com\/web\/wp-json\/wp\/v2\/media\/5647"}],"wp:attachment":[{"href":"https:\/\/www.vuesdenface.com\/web\/wp-json\/wp\/v2\/media?parent=5483"}],"curies":[{"name":"wp","href":"https:\/\/api.w.org\/{rel}","templated":true}]}}