{"id":5526,"date":"2014-03-17T22:26:23","date_gmt":"2014-03-17T21:26:23","guid":{"rendered":"http:\/\/www.vuesdenface.com\/web\/?page_id=5526"},"modified":"2015-03-24T22:23:49","modified_gmt":"2015-03-24T21:23:49","slug":"les-lieux","status":"publish","type":"page","link":"https:\/\/www.vuesdenface.com\/web\/edition\/edition-15\/les-lieux\/","title":{"rendered":"Lieux"},"content":{"rendered":"<p>Voici la liste des diff\u00e9rents lieux o\u00f9 Vues d&rsquo;en face vous propose des \u00e9v\u00e8nements cette ann\u00e9e (projections, rencontres, d\u00e9dicaces, concerts etc.)<\/p>\nPas de lieu trouv\u00e9\n<hr \/>\n<h1 class=\"entry-title majuscule\">Conf\u00e9rences<\/h1><br\/>\n\n<hr \/>\n\n<hr \/>\n<h1 class=\"entry-title majuscule\">Expositions<\/h1><br\/>\n\n<hr \/>\n\n<hr \/>\n\n<hr \/>\n\n<hr \/>\n<h1 class=\"entry-title majuscule\">Festivit\u00e9s<\/h1><br\/>\n\n<hr \/>\n\n<hr \/>\n\n<hr \/>\n\n<hr \/>\n\n","protected":false},"excerpt":{"rendered":"<p>Voici la liste des diff\u00e9rents lieux o\u00f9 Vues d&rsquo;en face vous propose des \u00e9v\u00e8nements cette ann\u00e9e (projections, rencontres, d\u00e9dicaces, concerts etc.)<\/p>\n","protected":false},"author":1,"featured_media":0,"parent":7550,"menu_order":20,"comment_status":"closed","ping_status":"open","template":"","meta":{"footnotes":""},"class_list":["post-5526","page","type-page","status-publish","hentry"],"_links":{"self":[{"href":"https:\/\/www.vuesdenface.com\/web\/wp-json\/wp\/v2\/pages\/5526","targetHints":{"allow":["GET"]}}],"collection":[{"href":"https:\/\/www.vuesdenface.com\/web\/wp-json\/wp\/v2\/pages"}],"about":[{"href":"https:\/\/www.vuesdenface.com\/web\/wp-json\/wp\/v2\/types\/page"}],"author":[{"embeddable":true,"href":"https:\/\/www.vuesdenface.com\/web\/wp-json\/wp\/v2\/users\/1"}],"replies":[{"embeddable":true,"href":"https:\/\/www.vuesdenface.com\/web\/wp-json\/wp\/v2\/comments?post=5526"}],"version-history":[{"count":10,"href":"https:\/\/www.vuesdenface.com\/web\/wp-json\/wp\/v2\/pages\/5526\/revisions"}],"predecessor-version":[{"id":7951,"href":"https:\/\/www.vuesdenface.com\/web\/wp-json\/wp\/v2\/pages\/5526\/revisions\/7951"}],"up":[{"embeddable":true,"href":"https:\/\/www.vuesdenface.com\/web\/wp-json\/wp\/v2\/pages\/7550"}],"wp:attachment":[{"href":"https:\/\/www.vuesdenface.com\/web\/wp-json\/wp\/v2\/media?parent=5526"}],"curies":[{"name":"wp","href":"https:\/\/api.w.org\/{rel}","templated":true}]}}