{"id":644,"date":"2013-11-03T16:19:51","date_gmt":"2013-11-03T15:19:51","guid":{"rendered":"http:\/\/www.vagalam.net\/?page_id=644"},"modified":"2025-05-22T09:17:30","modified_gmt":"2025-05-22T08:17:30","slug":"presentation","status":"publish","type":"page","link":"https:\/\/www.vuesdenface.com\/web\/presentation\/","title":{"rendered":"L&rsquo;Association"},"content":{"rendered":"<p><a href=\"http:\/\/www.vuesdenface.com\/web\/wp-content\/uploads\/2013\/11\/Header-affiches-2012.png\"><img loading=\"lazy\" decoding=\"async\" class=\"aligncenter size-full wp-image-4667\" src=\"http:\/\/www.vuesdenface.com\/web\/wp-content\/uploads\/2013\/11\/Header-affiches-2012.png\" alt=\"Header Affiches 2012\" width=\"976\" height=\"156\" srcset=\"https:\/\/www.vuesdenface.com\/web\/wp-content\/uploads\/2013\/11\/Header-affiches-2012.png 976w, https:\/\/www.vuesdenface.com\/web\/wp-content\/uploads\/2013\/11\/Header-affiches-2012-600x96.png 600w, https:\/\/www.vuesdenface.com\/web\/wp-content\/uploads\/2013\/11\/Header-affiches-2012-300x48.png 300w, https:\/\/www.vuesdenface.com\/web\/wp-content\/uploads\/2013\/11\/Header-affiches-2012-210x34.png 210w\" sizes=\"auto, (max-width: 976px) 100vw, 976px\" \/><\/a><\/p>\n<h3><strong>Qui Sommes nous ?<\/strong><\/h3>\n<p>\u00c0 l\u2019origine du projet, une vingtaine de b\u00e9n\u00e9voles d\u2019horizons et de sensibilit\u00e9s diverses, se r\u00e9unissent afin de cr\u00e9er un festival de cin\u00e9ma. Port\u00e9 par l&rsquo;envie de promouvoir des \u0153uvres cin\u00e9matographiques pr\u00e9sentant des personnages ou des th\u00e9matiques queer et par celle de diffuser des films fran\u00e7ais et \u00e9trangers ignor\u00e9s des circuits de distribution et d&rsquo;exploitation, le <strong>Festival International du Film LGBTQIA+ de Grenoble <\/strong>voit le jour en <strong>mars 2001<\/strong>.<\/p>\n<p>Cette <strong>association loi 1901 <\/strong>\u00e0 but non lucratif a pour objectif d&rsquo;organiser chaque ann\u00e9e un Festival du Film LGBTQIA+ \u00e0 <a href=\"http:\/\/www.ville-grenoble.fr\/\" target=\"_blank\" rel=\"noopener\">Grenoble (France)<\/a> : <strong>\u00ab\u00a0Vues d&rsquo;en face\u00a0\u00bb<\/strong>.<\/p>\n<p>Si la diffusion de films rarement distribu\u00e9s en France est la raison d\u2019\u00eatre du festival, il veut \u00e9galement contribuer \u00e0 l\u2019\u00e9volution des mentalit\u00e9s dans la reconnaissance et le respect des diff\u00e9rences par une programmation exigeante, par la visibilit\u00e9 de sa communication et en ne limitant pas son public \u00e0 la communaut\u00e9.<\/p>\n<p>Vues d\u2019en face a trouv\u00e9 sa place dans le paysage culturel grenoblois avec le soutien de subventions publiques et priv\u00e9es ainsi que de professionnel.le.s du cin\u00e9ma. Chaque ann\u00e9e, pendant une semaine, un large panorama d\u2019\u0153uvres cin\u00e9matographiques est visible en salle. C\u2019est une semaine conviviale, propice aux \u00e9changes entre l\u2019\u00e9quipe organisatrice, les festivalier.\u00e8re.s et les professionnel.le.s.<\/p>\n<p>Chaque \u00e9dition de Vues d\u2019en face r\u00e9unit plus de <strong>2000 spectateur.ice.s <\/strong>et propose \u00e0 l\u2019affiche une vingtaine de longs-m\u00e9trages et autant de courts venant du monde entier, traduits et sous-titr\u00e9s par ses soins quand ces oeuvres sont in\u00e9dites.<\/p>\n<p>Quelques ann\u00e9es apr\u00e8s la cr\u00e9ation de Vues d\u2019en face, les propositions cin\u00e9matographiques abordant les th\u00e8mes LGBTQIA+ restent toujours marginales malgr\u00e9 quelques succ\u00e8s grand public et la cr\u00e9ation d&rsquo;autres festivals queer.<\/p>\n<p>C\u2019est pourquoi, Vues d\u2019en face s\u2019attache \u00e0 programmer un grand nombre de films sortant des sentiers battus, et nourrit sa d\u00e9marche d\u2019ouverture en voulant y associer des publics toujours plus larges.<\/p>\n<p>En plus d&rsquo;une \u00e9quipe dynamique, l&rsquo;association b\u00e9n\u00e9ficie du soutien :<br \/>\nde la <a href=\"http:\/\/www.ville-grenoble.fr\/\" target=\"_blank\" rel=\"noopener\">Ville de Grenoble<\/a>,<br \/>\nde <a href=\"http:\/\/www.la-metro.org\/\" target=\"_blank\" rel=\"noopener\">Grenoble Alpes M\u00e9tropole (La Metro)<\/a>,<br \/>\ndu <a href=\"http:\/\/www.cg38.fr\/\" target=\"_blank\" rel=\"noopener\">Conseil D\u00e9partemental de l&rsquo;Is\u00e8re<\/a>,<br \/>\nde la <a href=\"http:\/\/www.rhonealpes.fr\/\" target=\"_blank\" rel=\"noopener\">R\u00e9gion Auvergne-Rh\u00f4ne-Alpes<\/a><br \/>\net de la <a href=\"http:\/\/www.rhone-alpes.jeunesse-sports.gouv.fr\/\" target=\"_blank\" rel=\"noopener\">Direction R\u00e9gionale de la Jeunesse, des Sports et de la Coh\u00e9sion Sociale<\/a>\u2026<\/p>\n<p>En remerciant \u00e9galement le <a href=\"http:\/\/www.cinemaleclub.com\/\" target=\"_blank\" rel=\"noopener\">Cin\u00e9ma Le Club <\/a>(class\u00e9 Art et Essai),<br \/>\nles Biblioth\u00e8ques Municipales de Grenoble,<br \/>\nle Cin\u00e9 Club de Grenoble,<br \/>\nla Cin\u00e9math\u00e8que de Grenoble,<br \/>\net tous.tes les autres partenaires qui nous accompagnent.<\/p>\n<table class=\"aligncenter\" border=\"0\" summary=\"formulaires\" cellspacing=\"0\" cellpadding=\"25\" align=\"center\">\n<tbody>\n<tr>\n<td width=\"200\"><figure class=\"grille-vignettes\"><a href=\"https:\/\/www.vuesdenface.com\/web\/wp-content\/uploads\/2015\/04\/revue-presse-2015.pdf\"><img loading=\"lazy\" decoding=\"async\" src=\"https:\/\/www.vuesdenface.com\/web\/wp-content\/vignettes-vdef\/2015\/04\/100x150\/revue-presse-2015-100x150.jpg\" width=\"100\" height=\"150\" class=\"photo-film\" alt=\"\" rel=\"\" title=\"L'Association\"><\/a><figcaption><a href=\"https:\/\/www.vuesdenface.com\/web\/wp-content\/uploads\/2015\/04\/revue-presse-2015.pdf\">L'Association&nbsp;&nbsp;&nbsp;&nbsp;&nbsp;<\/a><br\/>(pdf de 14.23 Mo)&nbsp;&nbsp;&nbsp;&nbsp;<\/figcaption><\/figure><div class=\"clear\"><\/br><\/div><\/td>\n<td width=\"200\"><\/td>\n<\/tr>\n<\/tbody>\n<\/table>\n<h3><strong>Prix du Public <\/strong><\/h3>\n<p>A chaque \u00e9dition, chaque spectatrice et spectateur peut donner son avis sur les films \u00e0 l&rsquo;issue de chaque s\u00e9ance. Les avis ainsi recueillis permettent de d\u00e9signer le Prix du Public. Les r\u00e9sultats sont proclam\u00e9s lors de la soir\u00e9e de cl\u00f4ture.<\/p>\n<hr \/>\n<p>Visuels et photos disponibles sur simple demande.<\/p>\n<p><strong>Utilisez <a title=\"Contact\" href=\"..\/contact\/\">notre formulaire de contact<\/a> pour tous renseignements compl\u00e9mentaires.<br \/>\n<\/strong><\/p>\n<hr \/>\n<p><strong><strong><strong>Tout le festival sur : <a href=\"http:\/\/vuesdenface.com\/\">http:\/\/www.vuesdenface.com<\/a><\/strong><br \/>\n<strong>Facebook : <a href=\"http:\/\/facebook.vuesdenface.com\/\" target=\"_blank\" rel=\"noopener\">http:\/\/facebook.vuesdenface.com\/<\/a><\/strong><br \/>\n<strong>Google+ : <a href=\"http:\/\/googleplus.vuesdenface.com\/\" target=\"_blank\" rel=\"noopener\">http:\/\/googleplus.vuesdenface.com\/<\/a><\/strong><\/strong><\/strong><\/p>\n","protected":false},"excerpt":{"rendered":"<p>Qui Sommes nous ? \u00c0 l\u2019origine du projet, une vingtaine de b\u00e9n\u00e9voles d\u2019horizons et de sensibilit\u00e9s diverses, se r\u00e9unissent afin de cr\u00e9er un festival de cin\u00e9ma. Port\u00e9 par l&rsquo;envie de promouvoir des \u0153uvres cin\u00e9matographiques pr\u00e9sentant des personnages ou des th\u00e9matiques queer et par celle de diffuser des films fran\u00e7ais et \u00e9trangers ignor\u00e9s des circuits de &hellip; <a class=\"readmore\" href=\"https:\/\/www.vuesdenface.com\/web\/presentation\/\">Continuer la lecture &rarr;<\/a><\/p>\n","protected":false},"author":1,"featured_media":0,"parent":0,"menu_order":0,"comment_status":"closed","ping_status":"closed","template":"","meta":{"footnotes":""},"class_list":["post-644","page","type-page","status-publish","hentry"],"_links":{"self":[{"href":"https:\/\/www.vuesdenface.com\/web\/wp-json\/wp\/v2\/pages\/644","targetHints":{"allow":["GET"]}}],"collection":[{"href":"https:\/\/www.vuesdenface.com\/web\/wp-json\/wp\/v2\/pages"}],"about":[{"href":"https:\/\/www.vuesdenface.com\/web\/wp-json\/wp\/v2\/types\/page"}],"author":[{"embeddable":true,"href":"https:\/\/www.vuesdenface.com\/web\/wp-json\/wp\/v2\/users\/1"}],"replies":[{"embeddable":true,"href":"https:\/\/www.vuesdenface.com\/web\/wp-json\/wp\/v2\/comments?post=644"}],"version-history":[{"count":10,"href":"https:\/\/www.vuesdenface.com\/web\/wp-json\/wp\/v2\/pages\/644\/revisions"}],"predecessor-version":[{"id":15846,"href":"https:\/\/www.vuesdenface.com\/web\/wp-json\/wp\/v2\/pages\/644\/revisions\/15846"}],"wp:attachment":[{"href":"https:\/\/www.vuesdenface.com\/web\/wp-json\/wp\/v2\/media?parent=644"}],"curies":[{"name":"wp","href":"https:\/\/api.w.org\/{rel}","templated":true}]}}