{"id":655,"date":"2013-11-03T16:25:31","date_gmt":"2013-11-03T15:25:31","guid":{"rendered":"http:\/\/www.vagalam.net\/?page_id=655"},"modified":"2024-05-26T21:15:05","modified_gmt":"2024-05-26T20:15:05","slug":"presse","status":"publish","type":"page","link":"https:\/\/www.vuesdenface.com\/web\/presse\/","title":{"rendered":"T\u00e9l\u00e9chargement \/ Presse"},"content":{"rendered":"<hr \/>\n<p><strong>Si vous ne trouvez pas le document d\u00e9sir\u00e9, contactez l&rsquo;\u00e9quipe d&rsquo;organisation du Festival via <a title=\"Contact\" href=\"..\/contact\/\">notre formulaire de contact&#8230;<\/a><\/strong><\/p>\n<hr \/>\n\n<br\/><h2>Revues de presse et Documents des pr\u00e9c\u00e9dentes \u00e9ditions<hr class=\"no-margin-up-down\"><\/h2>\n<ul>\n<li><a href=\"..\/edition\/edition-20\/documents-edition-23\">Edition 23 (sept 2023)<\/a><\/li>\n<li><a href=\"..\/edition\/edition-20\/documents-edition-22\">Edition 22 (sept 2022)<\/a><\/li>\n<li><a href=\"..\/edition\/edition-20\/documents-edition-20\">Edition 21 (sept 2021)<\/a><\/li>\n<li><a href=\"..\/edition\/edition-19\/documents-edition-19\">Edition 19 (avril 2019)<\/a><\/li>\n<li><a href=\"..\/edition\/edition-18\/documents-edition-18\">Edition 18 (avril 2018)<\/a><\/li>\n<li><a href=\"..\/edition\/edition-17\/documents-edition-17\">Edition 17 (avril 2017)<\/a><\/li>\n<li><a href=\"..\/edition\/edition-16\/documents-edition-16\">Edition 16 (avril 2016)<\/a><\/li>\n<li><a href=\"..\/edition\/edition-15\/documents-edition-15\">Edition 15 (avril 2015)<\/a><\/li>\n<li><a href=\"..\/edition\/edition-14\/documents-edition-14\">Edition 14 (avril 2014)<\/a><\/li>\n<li><a href=\"..\/edition\/edition-13\/documents-edition-13\">Edition 13 (septembre 2013)<\/a><\/li>\n<li><a href=\"..\/edition\/edition-12\/documents-edition-12\">Edition 12 (avril 2013)<\/a><\/li>\n<li><a href=\"..\/edition\/edition-11\/documents-edition-11\">Edition 11 (avril 2012)<\/a><\/li>\n<li><a href=\"http:\/\/www.vuesdenface.com\/fr\/presse\">Editions ant\u00e9rieures (avril 2001 \u00e0 avril 2011)<\/a><\/li>\n<\/ul>\n","protected":false},"excerpt":{"rendered":"<p>Si vous ne trouvez pas le document d\u00e9sir\u00e9, contactez l&rsquo;\u00e9quipe d&rsquo;organisation du Festival via notre formulaire de contact&#8230; Edition 23 (sept 2023) Edition 22 (sept 2022) Edition 21 (sept 2021) Edition 19 (avril 2019) Edition 18 (avril 2018) Edition 17 (avril 2017) Edition 16 (avril 2016) Edition 15 (avril 2015) Edition 14 (avril 2014) Edition &hellip; <a class=\"readmore\" href=\"https:\/\/www.vuesdenface.com\/web\/presse\/\">Continuer la lecture &rarr;<\/a><\/p>\n","protected":false},"author":1,"featured_media":4729,"parent":0,"menu_order":0,"comment_status":"closed","ping_status":"closed","template":"","meta":{"footnotes":""},"class_list":["post-655","page","type-page","status-publish","has-post-thumbnail","hentry"],"_links":{"self":[{"href":"https:\/\/www.vuesdenface.com\/web\/wp-json\/wp\/v2\/pages\/655","targetHints":{"allow":["GET"]}}],"collection":[{"href":"https:\/\/www.vuesdenface.com\/web\/wp-json\/wp\/v2\/pages"}],"about":[{"href":"https:\/\/www.vuesdenface.com\/web\/wp-json\/wp\/v2\/types\/page"}],"author":[{"embeddable":true,"href":"https:\/\/www.vuesdenface.com\/web\/wp-json\/wp\/v2\/users\/1"}],"replies":[{"embeddable":true,"href":"https:\/\/www.vuesdenface.com\/web\/wp-json\/wp\/v2\/comments?post=655"}],"version-history":[{"count":10,"href":"https:\/\/www.vuesdenface.com\/web\/wp-json\/wp\/v2\/pages\/655\/revisions"}],"predecessor-version":[{"id":15109,"href":"https:\/\/www.vuesdenface.com\/web\/wp-json\/wp\/v2\/pages\/655\/revisions\/15109"}],"wp:featuredmedia":[{"embeddable":true,"href":"https:\/\/www.vuesdenface.com\/web\/wp-json\/wp\/v2\/media\/4729"}],"wp:attachment":[{"href":"https:\/\/www.vuesdenface.com\/web\/wp-json\/wp\/v2\/media?parent=655"}],"curies":[{"name":"wp","href":"https:\/\/api.w.org\/{rel}","templated":true}]}}