{"id":6842,"date":"2015-02-14T17:57:33","date_gmt":"2015-02-14T16:57:33","guid":{"rendered":"http:\/\/www.vuesdenface.com\/web\/?page_id=6842"},"modified":"2015-02-22T10:44:36","modified_gmt":"2015-02-22T09:44:36","slug":"prix-du-public","status":"publish","type":"page","link":"https:\/\/www.vuesdenface.com\/web\/edition\/edition-2\/prix-du-public\/","title":{"rendered":"Prix du Public"},"content":{"rendered":"<p style=\"text-align: center;\">Durant toutes les s\u00e9ances du Festival, le public a pu voter pour d\u00e9signer les \u00ab\u00a0Prix du public 2003\u00a0\u00bb. Voici les films en t\u00eate dans les cat\u00e9gories <b>Long m\u00e9trage<\/b>, <b>Documentaire<\/b> et <b>Court m\u00e9trage<\/b><\/p>\n<p style=\"text-align: center;\"><br><p>Le prix du public n'a pas encore \u00e9t\u00e9 d\u00e9sign\u00e9.<br>Il sera annonc\u00e9 \u00e0 la fin du festival.<\/p><br>\n","protected":false},"excerpt":{"rendered":"<p>Durant toutes les s\u00e9ances du Festival, le public a pu voter pour d\u00e9signer les \u00ab\u00a0Prix du public 2003\u00a0\u00bb. Voici les films en t\u00eate dans les cat\u00e9gories Long m\u00e9trage, Documentaire et Court m\u00e9trage<\/p>\n","protected":false},"author":1,"featured_media":0,"parent":6835,"menu_order":3,"comment_status":"closed","ping_status":"closed","template":"","meta":{"footnotes":""},"class_list":["post-6842","page","type-page","status-publish","hentry"],"_links":{"self":[{"href":"https:\/\/www.vuesdenface.com\/web\/wp-json\/wp\/v2\/pages\/6842","targetHints":{"allow":["GET"]}}],"collection":[{"href":"https:\/\/www.vuesdenface.com\/web\/wp-json\/wp\/v2\/pages"}],"about":[{"href":"https:\/\/www.vuesdenface.com\/web\/wp-json\/wp\/v2\/types\/page"}],"author":[{"embeddable":true,"href":"https:\/\/www.vuesdenface.com\/web\/wp-json\/wp\/v2\/users\/1"}],"replies":[{"embeddable":true,"href":"https:\/\/www.vuesdenface.com\/web\/wp-json\/wp\/v2\/comments?post=6842"}],"version-history":[{"count":4,"href":"https:\/\/www.vuesdenface.com\/web\/wp-json\/wp\/v2\/pages\/6842\/revisions"}],"predecessor-version":[{"id":7220,"href":"https:\/\/www.vuesdenface.com\/web\/wp-json\/wp\/v2\/pages\/6842\/revisions\/7220"}],"up":[{"embeddable":true,"href":"https:\/\/www.vuesdenface.com\/web\/wp-json\/wp\/v2\/pages\/6835"}],"wp:attachment":[{"href":"https:\/\/www.vuesdenface.com\/web\/wp-json\/wp\/v2\/media?parent=6842"}],"curies":[{"name":"wp","href":"https:\/\/api.w.org\/{rel}","templated":true}]}}