{"id":6851,"date":"2015-02-14T18:18:04","date_gmt":"2015-02-14T17:18:04","guid":{"rendered":"http:\/\/www.vuesdenface.com\/web\/?page_id=6851"},"modified":"2015-02-14T18:25:30","modified_gmt":"2015-02-14T17:25:30","slug":"anciens-sites-internet","status":"publish","type":"page","link":"https:\/\/www.vuesdenface.com\/web\/anciens-sites-internet\/","title":{"rendered":"Anciens sites Internet"},"content":{"rendered":"<p>Le site actuel date de 2013, si vous d\u00e9sirez retrouver les sites originaux de chaque \u00e9ditions, veuillez cliquer sur les liens suivants :<\/p>\n<p><a title=\"Site original de l'\u00e9dition 10\" href=\"http:\/\/www.vuesdenface.com\/edition2011\/edition2011.html\">Site Internet original de l&rsquo;\u00e9dition 10 <\/a><br \/>\n<a title=\"Site original de l'\u00e9dition 1\" href=\"http:\/\/www.vuesdenface.com\/edition2002\/fr\/edito.html\" target=\"_blank\">Site Internet original de l&rsquo;\u00e9dition 1<\/a><br \/>\n<a title=\"Site original de l'\u00e9dition 2\" href=\"http:\/\/www.vuesdenface.com\/edition2003\/fr\/edito.html\" target=\"_blank\">Site Internet original de l&rsquo;\u00e9dition 2<\/a><\/p>\n","protected":false},"excerpt":{"rendered":"<p>Le site actuel date de 2013, si vous d\u00e9sirez retrouver les sites originaux de chaque \u00e9ditions, veuillez cliquer sur les liens suivants : Site Internet original de l&rsquo;\u00e9dition 10 Site Internet original de l&rsquo;\u00e9dition 1 Site Internet original de l&rsquo;\u00e9dition 2<\/p>\n","protected":false},"author":1,"featured_media":0,"parent":0,"menu_order":0,"comment_status":"closed","ping_status":"closed","template":"","meta":{"footnotes":""},"class_list":["post-6851","page","type-page","status-publish","hentry"],"_links":{"self":[{"href":"https:\/\/www.vuesdenface.com\/web\/wp-json\/wp\/v2\/pages\/6851","targetHints":{"allow":["GET"]}}],"collection":[{"href":"https:\/\/www.vuesdenface.com\/web\/wp-json\/wp\/v2\/pages"}],"about":[{"href":"https:\/\/www.vuesdenface.com\/web\/wp-json\/wp\/v2\/types\/page"}],"author":[{"embeddable":true,"href":"https:\/\/www.vuesdenface.com\/web\/wp-json\/wp\/v2\/users\/1"}],"replies":[{"embeddable":true,"href":"https:\/\/www.vuesdenface.com\/web\/wp-json\/wp\/v2\/comments?post=6851"}],"version-history":[{"count":2,"href":"https:\/\/www.vuesdenface.com\/web\/wp-json\/wp\/v2\/pages\/6851\/revisions"}],"predecessor-version":[{"id":6854,"href":"https:\/\/www.vuesdenface.com\/web\/wp-json\/wp\/v2\/pages\/6851\/revisions\/6854"}],"wp:attachment":[{"href":"https:\/\/www.vuesdenface.com\/web\/wp-json\/wp\/v2\/media?parent=6851"}],"curies":[{"name":"wp","href":"https:\/\/api.w.org\/{rel}","templated":true}]}}