{"id":7824,"date":"2015-03-22T18:57:24","date_gmt":"2015-03-22T17:57:24","guid":{"rendered":"http:\/\/www.vuesdenface.com\/web\/?page_id=7824"},"modified":"2015-04-12T10:06:40","modified_gmt":"2015-04-12T09:06:40","slug":"partenaires","status":"publish","type":"page","link":"https:\/\/www.vuesdenface.com\/web\/edition\/edition-15\/partenaires\/","title":{"rendered":"Partenaires"},"content":{"rendered":"<p>Le Festival Vues d\u2019en face remercie les partenaires qui nous soutiennent pour l&rsquo;\u00e9laboration de cette 15\u00e8me \u00e9dition\u00a0:<\/p>\n\n","protected":false},"excerpt":{"rendered":"<p>Le Festival Vues d\u2019en face remercie les partenaires qui nous soutiennent pour l&rsquo;\u00e9laboration de cette 15\u00e8me \u00e9dition\u00a0:<\/p>\n","protected":false},"author":1,"featured_media":0,"parent":7550,"menu_order":4,"comment_status":"closed","ping_status":"closed","template":"","meta":{"footnotes":""},"class_list":["post-7824","page","type-page","status-publish","hentry","numero_edition-edition-15"],"_links":{"self":[{"href":"https:\/\/www.vuesdenface.com\/web\/wp-json\/wp\/v2\/pages\/7824","targetHints":{"allow":["GET"]}}],"collection":[{"href":"https:\/\/www.vuesdenface.com\/web\/wp-json\/wp\/v2\/pages"}],"about":[{"href":"https:\/\/www.vuesdenface.com\/web\/wp-json\/wp\/v2\/types\/page"}],"author":[{"embeddable":true,"href":"https:\/\/www.vuesdenface.com\/web\/wp-json\/wp\/v2\/users\/1"}],"replies":[{"embeddable":true,"href":"https:\/\/www.vuesdenface.com\/web\/wp-json\/wp\/v2\/comments?post=7824"}],"version-history":[{"count":1,"href":"https:\/\/www.vuesdenface.com\/web\/wp-json\/wp\/v2\/pages\/7824\/revisions"}],"predecessor-version":[{"id":7825,"href":"https:\/\/www.vuesdenface.com\/web\/wp-json\/wp\/v2\/pages\/7824\/revisions\/7825"}],"up":[{"embeddable":true,"href":"https:\/\/www.vuesdenface.com\/web\/wp-json\/wp\/v2\/pages\/7550"}],"wp:attachment":[{"href":"https:\/\/www.vuesdenface.com\/web\/wp-json\/wp\/v2\/media?parent=7824"}],"curies":[{"name":"wp","href":"https:\/\/api.w.org\/{rel}","templated":true}]}}