{"id":7895,"date":"2015-03-22T22:15:57","date_gmt":"2015-03-22T21:15:57","guid":{"rendered":"http:\/\/www.vuesdenface.com\/web\/?page_id=7895"},"modified":"2024-10-03T23:21:33","modified_gmt":"2024-10-03T22:21:33","slug":"documents-edition-15","status":"publish","type":"page","link":"https:\/\/www.vuesdenface.com\/web\/edition\/edition-15\/documents-edition-15\/","title":{"rendered":"documents"},"content":{"rendered":"<p>Vous trouverez ci-dessous les liens pour t\u00e9l\u00e9charger les divers documents relatifs \u00e0 l&rsquo;\u00e9dition 15 du festival Vues d&rsquo;en face.<br \/>\n\n","protected":false},"excerpt":{"rendered":"<p>Vous trouverez ci-dessous les liens pour t\u00e9l\u00e9charger les divers documents relatifs \u00e0 l&rsquo;\u00e9dition 15 du festival Vues d&rsquo;en face.<\/p>\n","protected":false},"author":1,"featured_media":0,"parent":7550,"menu_order":50,"comment_status":"closed","ping_status":"closed","template":"","meta":{"footnotes":""},"class_list":["post-7895","page","type-page","status-publish","hentry","numero_edition-edition-15"],"_links":{"self":[{"href":"https:\/\/www.vuesdenface.com\/web\/wp-json\/wp\/v2\/pages\/7895","targetHints":{"allow":["GET"]}}],"collection":[{"href":"https:\/\/www.vuesdenface.com\/web\/wp-json\/wp\/v2\/pages"}],"about":[{"href":"https:\/\/www.vuesdenface.com\/web\/wp-json\/wp\/v2\/types\/page"}],"author":[{"embeddable":true,"href":"https:\/\/www.vuesdenface.com\/web\/wp-json\/wp\/v2\/users\/1"}],"replies":[{"embeddable":true,"href":"https:\/\/www.vuesdenface.com\/web\/wp-json\/wp\/v2\/comments?post=7895"}],"version-history":[{"count":5,"href":"https:\/\/www.vuesdenface.com\/web\/wp-json\/wp\/v2\/pages\/7895\/revisions"}],"predecessor-version":[{"id":15746,"href":"https:\/\/www.vuesdenface.com\/web\/wp-json\/wp\/v2\/pages\/7895\/revisions\/15746"}],"up":[{"embeddable":true,"href":"https:\/\/www.vuesdenface.com\/web\/wp-json\/wp\/v2\/pages\/7550"}],"wp:attachment":[{"href":"https:\/\/www.vuesdenface.com\/web\/wp-json\/wp\/v2\/media?parent=7895"}],"curies":[{"name":"wp","href":"https:\/\/api.w.org\/{rel}","templated":true}]}}