{"id":8454,"date":"2015-04-19T19:00:32","date_gmt":"2015-04-19T18:00:32","guid":{"rendered":"http:\/\/www.vuesdenface.com\/web\/?page_id=8454"},"modified":"2015-04-21T18:54:08","modified_gmt":"2015-04-21T17:54:08","slug":"prix-du-public-edition-15","status":"publish","type":"page","link":"https:\/\/www.vuesdenface.com\/web\/edition\/edition-15\/prix-du-public-edition-15\/","title":{"rendered":"Prix du Public"},"content":{"rendered":"<p style=\"text-align: left;\">A l&rsquo;aide de vos votes collect\u00e9s \u00e0 la fin de chaque s\u00e9ance, vous avez d\u00e9sign\u00e9 le Prix du Public de la quinzi\u00e8me \u00e9dition du festival Vues d&rsquo;en face.<br \/>\nVoici les r\u00e9sultats :<\/p>\n<p style=\"text-align: left;\"><br><p>Le prix du public n'a pas encore \u00e9t\u00e9 d\u00e9sign\u00e9.<br>Il sera annonc\u00e9 \u00e0 la fin du festival.<\/p><br>\n","protected":false},"excerpt":{"rendered":"<p>A l&rsquo;aide de vos votes collect\u00e9s \u00e0 la fin de chaque s\u00e9ance, vous avez d\u00e9sign\u00e9 le Prix du Public de la quinzi\u00e8me \u00e9dition du festival Vues d&rsquo;en face. Voici les r\u00e9sultats :<\/p>\n","protected":false},"author":1,"featured_media":0,"parent":7550,"menu_order":2,"comment_status":"closed","ping_status":"closed","template":"","meta":{"footnotes":""},"class_list":["post-8454","page","type-page","status-publish","hentry","numero_edition-edition-15"],"_links":{"self":[{"href":"https:\/\/www.vuesdenface.com\/web\/wp-json\/wp\/v2\/pages\/8454","targetHints":{"allow":["GET"]}}],"collection":[{"href":"https:\/\/www.vuesdenface.com\/web\/wp-json\/wp\/v2\/pages"}],"about":[{"href":"https:\/\/www.vuesdenface.com\/web\/wp-json\/wp\/v2\/types\/page"}],"author":[{"embeddable":true,"href":"https:\/\/www.vuesdenface.com\/web\/wp-json\/wp\/v2\/users\/1"}],"replies":[{"embeddable":true,"href":"https:\/\/www.vuesdenface.com\/web\/wp-json\/wp\/v2\/comments?post=8454"}],"version-history":[{"count":7,"href":"https:\/\/www.vuesdenface.com\/web\/wp-json\/wp\/v2\/pages\/8454\/revisions"}],"predecessor-version":[{"id":8472,"href":"https:\/\/www.vuesdenface.com\/web\/wp-json\/wp\/v2\/pages\/8454\/revisions\/8472"}],"up":[{"embeddable":true,"href":"https:\/\/www.vuesdenface.com\/web\/wp-json\/wp\/v2\/pages\/7550"}],"wp:attachment":[{"href":"https:\/\/www.vuesdenface.com\/web\/wp-json\/wp\/v2\/media?parent=8454"}],"curies":[{"name":"wp","href":"https:\/\/api.w.org\/{rel}","templated":true}]}}