{"id":865,"date":"2013-04-21T22:28:37","date_gmt":"2013-04-21T21:28:37","guid":{"rendered":"http:\/\/www.vagalam.net\/?page_id=865"},"modified":"2015-04-21T18:57:49","modified_gmt":"2015-04-21T17:57:49","slug":"prix-du-public-edition-12","status":"publish","type":"page","link":"https:\/\/www.vuesdenface.com\/web\/edition\/edition-12\/prix-du-public-edition-12\/","title":{"rendered":"Prix du Public"},"content":{"rendered":"<p>Durant cette 12\u00e8me \u00e9dition de Vues d\u2019en Face vous avez vot\u00e9 \u00e0 l\u2019issue de chaque s\u00e9ance pour d\u00e9signer le Prix du Public. Cette ann\u00e9e deux films sont arriv\u00e9s ex \u00e6quo.<\/p>\n<br><p>Le prix du public n'a pas encore \u00e9t\u00e9 d\u00e9sign\u00e9.<br>Il sera annonc\u00e9 \u00e0 la fin du festival.<\/p><br>\n<p>&nbsp;<\/p>\n","protected":false},"excerpt":{"rendered":"<p>Durant cette 12\u00e8me \u00e9dition de Vues d\u2019en Face vous avez vot\u00e9 \u00e0 l\u2019issue de chaque s\u00e9ance pour d\u00e9signer le Prix du Public. Cette ann\u00e9e deux films sont arriv\u00e9s ex \u00e6quo. &nbsp;<\/p>\n","protected":false},"author":1,"featured_media":0,"parent":859,"menu_order":2,"comment_status":"closed","ping_status":"closed","template":"","meta":{"footnotes":""},"class_list":["post-865","page","type-page","status-publish","hentry","numero_edition-edition-12"],"_links":{"self":[{"href":"https:\/\/www.vuesdenface.com\/web\/wp-json\/wp\/v2\/pages\/865","targetHints":{"allow":["GET"]}}],"collection":[{"href":"https:\/\/www.vuesdenface.com\/web\/wp-json\/wp\/v2\/pages"}],"about":[{"href":"https:\/\/www.vuesdenface.com\/web\/wp-json\/wp\/v2\/types\/page"}],"author":[{"embeddable":true,"href":"https:\/\/www.vuesdenface.com\/web\/wp-json\/wp\/v2\/users\/1"}],"replies":[{"embeddable":true,"href":"https:\/\/www.vuesdenface.com\/web\/wp-json\/wp\/v2\/comments?post=865"}],"version-history":[{"count":10,"href":"https:\/\/www.vuesdenface.com\/web\/wp-json\/wp\/v2\/pages\/865\/revisions"}],"predecessor-version":[{"id":8473,"href":"https:\/\/www.vuesdenface.com\/web\/wp-json\/wp\/v2\/pages\/865\/revisions\/8473"}],"up":[{"embeddable":true,"href":"https:\/\/www.vuesdenface.com\/web\/wp-json\/wp\/v2\/pages\/859"}],"wp:attachment":[{"href":"https:\/\/www.vuesdenface.com\/web\/wp-json\/wp\/v2\/media?parent=865"}],"curies":[{"name":"wp","href":"https:\/\/api.w.org\/{rel}","templated":true}]}}