{"id":877,"date":"2013-11-09T22:23:13","date_gmt":"2013-11-09T21:23:13","guid":{"rendered":"http:\/\/www.vagalam.net\/?page_id=877"},"modified":"2013-11-09T22:23:13","modified_gmt":"2013-11-09T21:23:13","slug":"tournoi-de-rugby","status":"publish","type":"page","link":"https:\/\/www.vuesdenface.com\/web\/edition\/edition-12\/tournoi-de-rugby\/","title":{"rendered":"Tournoi de Rugby"},"content":{"rendered":"<h4>Tournoi de l&rsquo;\u00e9galit\u00e9 &#8211; samedi 20 avril 2013 de 10h \u00e0 18h<\/h4>\n<p>Tournoi de l&rsquo;Egalit\u00e9 organis\u00e9 par les <strong>Zamigos de Fontaine<\/strong> et la <strong>M\u00eal\u00e9e Alpine<\/strong>, avec le soutien de la <strong>Ville de Fontaine <\/strong>le samedi 20 avil 2013 de 10h \u00e0 18h au Stade Pierre de Coubertin \u00e0 Fontaine.<\/p>\n<p><a href=\"http:\/\/www.vagalam.net\/wp-content\/uploads\/2013\/11\/tournoi-2013.jpg\" rel=\"lightbox[2]\"><img loading=\"lazy\" decoding=\"async\" class=\"alignnone size-full wp-image-1028\" alt=\"tournoi-2013\" src=\"http:\/\/www.vagalam.net\/wp-content\/uploads\/2013\/11\/tournoi-2013.jpg\" width=\"450\" height=\"375\" \/><\/a><\/p>\n","protected":false},"excerpt":{"rendered":"<p>Tournoi de l&rsquo;\u00e9galit\u00e9 &#8211; samedi 20 avril 2013 de 10h \u00e0 18h Tournoi de l&rsquo;Egalit\u00e9 organis\u00e9 par les Zamigos de Fontaine et la M\u00eal\u00e9e Alpine, avec le soutien de la Ville de Fontaine le samedi 20 avil 2013 de 10h \u00e0 18h au Stade Pierre de Coubertin \u00e0 Fontaine.<\/p>\n","protected":false},"author":1,"featured_media":0,"parent":859,"menu_order":19,"comment_status":"closed","ping_status":"closed","template":"","meta":{"footnotes":""},"class_list":["post-877","page","type-page","status-publish","hentry","numero_edition-edition-12"],"_links":{"self":[{"href":"https:\/\/www.vuesdenface.com\/web\/wp-json\/wp\/v2\/pages\/877","targetHints":{"allow":["GET"]}}],"collection":[{"href":"https:\/\/www.vuesdenface.com\/web\/wp-json\/wp\/v2\/pages"}],"about":[{"href":"https:\/\/www.vuesdenface.com\/web\/wp-json\/wp\/v2\/types\/page"}],"author":[{"embeddable":true,"href":"https:\/\/www.vuesdenface.com\/web\/wp-json\/wp\/v2\/users\/1"}],"replies":[{"embeddable":true,"href":"https:\/\/www.vuesdenface.com\/web\/wp-json\/wp\/v2\/comments?post=877"}],"version-history":[{"count":0,"href":"https:\/\/www.vuesdenface.com\/web\/wp-json\/wp\/v2\/pages\/877\/revisions"}],"up":[{"embeddable":true,"href":"https:\/\/www.vuesdenface.com\/web\/wp-json\/wp\/v2\/pages\/859"}],"wp:attachment":[{"href":"https:\/\/www.vuesdenface.com\/web\/wp-json\/wp\/v2\/media?parent=877"}],"curies":[{"name":"wp","href":"https:\/\/api.w.org\/{rel}","templated":true}]}}