{"id":888,"date":"2013-11-10T08:58:19","date_gmt":"2013-11-10T07:58:19","guid":{"rendered":"http:\/\/www.vagalam.net\/?page_id=888"},"modified":"2015-03-22T22:44:48","modified_gmt":"2015-03-22T21:44:48","slug":"edition","status":"publish","type":"page","link":"https:\/\/www.vuesdenface.com\/web\/edition\/","title":{"rendered":"\u00c9ditions"},"content":{"rendered":"<p>Acc\u00e9dez ci-dessous \u00e0 toutes nos \u00e9ditions :<\/p>\n<div class=\"grille-vignettes-border\" width=\"100px\" height=\"150px\"><figure><a href=\"http:\/\/www.vuesdenface.com\/web\/edition\/edition-1\/\"><img loading=\"lazy\" decoding=\"async\" src=\"https:\/\/www.vuesdenface.com\/web\/wp-content\/vignettes-vdef\/2013\/12\/100x150\/Affiche-VDEF-1-100x150.jpg\" width=\"100\" height=\"150\" class=\"grille-vignettes-border\" alt=\"\u00c9dition 1\" title=\"\u00c9dition 1\" rel=\"lightbox[2]\"><\/a><figcaption><a href=\"http:\/\/www.vuesdenface.com\/web\/edition\/edition-1\/\">\u00c9dition 1<\/a><\/figcaption><\/figure><\/div><div class=\"grille-vignettes-border\" width=\"100px\" height=\"150px\"><figure><a href=\"http:\/\/www.vuesdenface.com\/web\/edition\/edition-2\/\"><img loading=\"lazy\" decoding=\"async\" src=\"https:\/\/www.vuesdenface.com\/web\/wp-content\/vignettes-vdef\/2013\/12\/100x150\/Affiche-VDEF-2-100x150.jpg\" width=\"100\" height=\"150\" class=\"grille-vignettes-border\" alt=\"\u00c9dition 2\" title=\"\u00c9dition 2\" rel=\"lightbox[2]\"><\/a><figcaption><a href=\"http:\/\/www.vuesdenface.com\/web\/edition\/edition-2\/\">\u00c9dition 2<\/a><\/figcaption><\/figure><\/div><div class=\"grille-vignettes-border\" width=\"100px\" height=\"150px\"><figure><a href=\"http:\/\/www.vuesdenface.com\/web\/edition\/edition-3\/\"><img loading=\"lazy\" decoding=\"async\" src=\"https:\/\/www.vuesdenface.com\/web\/wp-content\/vignettes-vdef\/2013\/12\/100x150\/Affiche-VDEF-3-100x150.jpg\" width=\"100\" height=\"150\" class=\"grille-vignettes-border\" alt=\"\u00c9dition 3\" title=\"\u00c9dition 3\" rel=\"lightbox[2]\"><\/a><figcaption><a href=\"http:\/\/www.vuesdenface.com\/web\/edition\/edition-3\/\">\u00c9dition 3<\/a><\/figcaption><\/figure><\/div><div class=\"grille-vignettes-border\" width=\"100px\" height=\"150px\"><figure><a href=\"\"><img loading=\"lazy\" decoding=\"async\" src=\"https:\/\/www.vuesdenface.com\/web\/wp-content\/vignettes-vdef\/2013\/12\/100x150\/Affiche-VDEF-4-100x150.jpg\" width=\"100\" height=\"150\" class=\"grille-vignettes-border\" alt=\"\u00c9dition 4\" title=\"\u00c9dition 4\" rel=\"lightbox[2]\"><\/a><figcaption><a href=\"\">\u00c9dition 4<\/a><\/figcaption><\/figure><\/div><div class=\"grille-vignettes-border\" width=\"100px\" height=\"150px\"><figure><a href=\"\"><img loading=\"lazy\" decoding=\"async\" src=\"https:\/\/www.vuesdenface.com\/web\/wp-content\/vignettes-vdef\/2013\/12\/100x150\/Affiche-VDEF-5-100x150.png\" width=\"100\" height=\"150\" class=\"grille-vignettes-border\" alt=\"\u00c9dition 5\" title=\"\u00c9dition 5\" rel=\"lightbox[2]\"><\/a><figcaption><a href=\"\">\u00c9dition 5<\/a><\/figcaption><\/figure><\/div><div class=\"grille-vignettes-border\" width=\"100px\" height=\"150px\"><figure><a href=\"\"><img loading=\"lazy\" decoding=\"async\" src=\"https:\/\/www.vuesdenface.com\/web\/wp-content\/vignettes-vdef\/2013\/12\/100x150\/Affiche-VDEF-6-100x150.jpg\" width=\"100\" height=\"150\" class=\"grille-vignettes-border\" alt=\"\u00c9dition 6\" title=\"\u00c9dition 6\" rel=\"lightbox[2]\"><\/a><figcaption><a href=\"\">\u00c9dition 6<\/a><\/figcaption><\/figure><\/div><div class=\"grille-vignettes-border\" width=\"100px\" height=\"150px\"><figure><a href=\"\"><img loading=\"lazy\" decoding=\"async\" src=\"https:\/\/www.vuesdenface.com\/web\/wp-content\/vignettes-vdef\/2013\/12\/100x150\/Affiche-VDEF-7-100x150.jpg\" width=\"100\" height=\"150\" class=\"grille-vignettes-border\" alt=\"\u00c9dition 7\" title=\"\u00c9dition 7\" rel=\"lightbox[2]\"><\/a><figcaption><a href=\"\">\u00c9dition 7<\/a><\/figcaption><\/figure><\/div><div class=\"grille-vignettes-border\" width=\"100px\" height=\"150px\"><figure><a href=\"\"><img loading=\"lazy\" decoding=\"async\" src=\"https:\/\/www.vuesdenface.com\/web\/wp-content\/vignettes-vdef\/2013\/12\/100x150\/Affiche-VDEF-8-100x150.jpg\" width=\"100\" height=\"150\" class=\"grille-vignettes-border\" alt=\"\u00c9dition 8\" title=\"\u00c9dition 8\" rel=\"lightbox[2]\"><\/a><figcaption><a href=\"\">\u00c9dition 8<\/a><\/figcaption><\/figure><\/div><div class=\"grille-vignettes-border\" width=\"100px\" height=\"150px\"><figure><a href=\"\"><img loading=\"lazy\" decoding=\"async\" src=\"https:\/\/www.vuesdenface.com\/web\/wp-content\/vignettes-vdef\/2013\/12\/100x150\/Affiche-VDEF-9-100x150.jpg\" width=\"100\" height=\"150\" class=\"grille-vignettes-border\" alt=\"\u00c9dition 9\" title=\"\u00c9dition 9\" rel=\"lightbox[2]\"><\/a><figcaption><a href=\"\">\u00c9dition 9<\/a><\/figcaption><\/figure><\/div><div class=\"grille-vignettes-border\" width=\"100px\" height=\"150px\"><figure><a href=\"http:\/\/www.vuesdenface.com\/web\/edition\/edition-10\/\"><img loading=\"lazy\" decoding=\"async\" src=\"https:\/\/www.vuesdenface.com\/web\/wp-content\/vignettes-vdef\/2013\/12\/100x150\/Affiche-VDEF-10-100x150.jpg\" width=\"100\" height=\"150\" class=\"grille-vignettes-border\" alt=\"\u00c9dition 10\" title=\"\u00c9dition 10\" rel=\"lightbox[2]\"><\/a><figcaption><a href=\"http:\/\/www.vuesdenface.com\/web\/edition\/edition-10\/\">\u00c9dition 10<\/a><\/figcaption><\/figure><\/div><div class=\"grille-vignettes-border\" width=\"100px\" height=\"150px\"><figure><a href=\"http:\/\/www.vuesdenface.com\/web\/edition\/edition-11\/\"><img loading=\"lazy\" decoding=\"async\" src=\"https:\/\/www.vuesdenface.com\/web\/wp-content\/vignettes-vdef\/2013\/12\/100x150\/Affiche-VDEF-11-100x150.png\" width=\"100\" height=\"150\" class=\"grille-vignettes-border\" alt=\"\u00c9dition 11\" title=\"\u00c9dition 11\" rel=\"lightbox[2]\"><\/a><figcaption><a href=\"http:\/\/www.vuesdenface.com\/web\/edition\/edition-11\/\">\u00c9dition 11<\/a><\/figcaption><\/figure><\/div><div class=\"grille-vignettes-border\" width=\"100px\" height=\"150px\"><figure><a href=\"http:\/\/www.vuesdenface.com\/web\/edition\/edition-12\/\"><img loading=\"lazy\" decoding=\"async\" src=\"https:\/\/www.vuesdenface.com\/web\/wp-content\/vignettes-vdef\/2013\/12\/100x150\/Affiche-VDEF-12-100x150.png\" width=\"100\" height=\"150\" class=\"grille-vignettes-border\" alt=\"\u00c9dition 12\" title=\"\u00c9dition 12\" rel=\"lightbox[2]\"><\/a><figcaption><a href=\"http:\/\/www.vuesdenface.com\/web\/edition\/edition-12\/\">\u00c9dition 12<\/a><\/figcaption><\/figure><\/div><div class=\"grille-vignettes-border\" width=\"100px\" height=\"150px\"><figure><a href=\"http:\/\/www.vuesdenface.com\/web\/edition\/edition-13\/\"><img loading=\"lazy\" decoding=\"async\" src=\"https:\/\/www.vuesdenface.com\/web\/wp-content\/vignettes-vdef\/2013\/12\/100x150\/Affiche-VDEF-13-100x150.jpg\" width=\"100\" height=\"150\" class=\"grille-vignettes-border\" alt=\"\u00c9dition 13\" title=\"\u00c9dition 13\" rel=\"lightbox[2]\"><\/a><figcaption><a href=\"http:\/\/www.vuesdenface.com\/web\/edition\/edition-13\/\">\u00c9dition 13<\/a><\/figcaption><\/figure><\/div><div class=\"grille-vignettes-border\" width=\"100px\" height=\"150px\"><figure><a href=\"http:\/\/www.vuesdenface.com\/web\/edition\/edition-14\/\"><img loading=\"lazy\" decoding=\"async\" src=\"https:\/\/www.vuesdenface.com\/web\/wp-content\/vignettes-vdef\/2014\/03\/100x150\/Affiche-VDEF-2014-100x150.png\" width=\"100\" height=\"150\" class=\"grille-vignettes-border\" alt=\"\u00c9dition 14\" title=\"\u00c9dition 14\" rel=\"lightbox[2]\"><\/a><figcaption><a href=\"http:\/\/www.vuesdenface.com\/web\/edition\/edition-14\/\">\u00c9dition 14<\/a><\/figcaption><\/figure><\/div><div class=\"grille-vignettes-border\" width=\"100px\" height=\"150px\"><figure><a href=\"http:\/\/www.vuesdenface.com\/web\/edition\/edition-15\/\"><img loading=\"lazy\" decoding=\"async\" src=\"https:\/\/www.vuesdenface.com\/web\/wp-content\/vignettes-vdef\/2014\/09\/100x150\/Affiche-VDEF-15-100x150.png\" width=\"100\" height=\"150\" class=\"grille-vignettes-border\" alt=\"\u00c9dition 15\" title=\"\u00c9dition 15\" rel=\"lightbox[2]\"><\/a><figcaption><a href=\"http:\/\/www.vuesdenface.com\/web\/edition\/edition-15\/\">\u00c9dition 15<\/a><\/figcaption><\/figure><\/div><div class=\"grille-vignettes-border\" width=\"100px\" height=\"150px\"><figure><a href=\"http:\/\/www.vuesdenface.com\/web\/edition\/edition-16\/\"><img loading=\"lazy\" decoding=\"async\" src=\"https:\/\/www.vuesdenface.com\/web\/wp-content\/vignettes-vdef\/2015\/11\/100x150\/Affiche-VDEF-2016-100x150.jpg\" width=\"100\" height=\"150\" class=\"grille-vignettes-border\" alt=\"\u00c9dition 16\" title=\"\u00c9dition 16\" rel=\"lightbox[2]\"><\/a><figcaption><a href=\"http:\/\/www.vuesdenface.com\/web\/edition\/edition-16\/\">\u00c9dition 16<\/a><\/figcaption><\/figure><\/div><div class=\"grille-vignettes-border\" width=\"100px\" height=\"150px\"><figure><a href=\"http:\/\/www.vuesdenface.com\/web\/edition\/edition-17\"><img loading=\"lazy\" decoding=\"async\" src=\"https:\/\/www.vuesdenface.com\/web\/wp-content\/vignettes-vdef\/2016\/10\/100x150\/Affiche_Vuesdenface_17-100x150.png\" width=\"100\" height=\"150\" class=\"grille-vignettes-border\" alt=\"\u00c9dition 17\" title=\"\u00c9dition 17\" rel=\"lightbox[2]\"><\/a><figcaption><a href=\"http:\/\/www.vuesdenface.com\/web\/edition\/edition-17\">\u00c9dition 17<\/a><\/figcaption><\/figure><\/div><div class=\"grille-vignettes-border\" width=\"100px\" height=\"150px\"><figure><a href=\"http:\/\/www.vuesdenface.com\/web\/edition\/edition-18\"><img loading=\"lazy\" decoding=\"async\" src=\"https:\/\/www.vuesdenface.com\/web\/wp-content\/vignettes-vdef\/2018\/02\/100x150\/Affiche-VDEF-2018-1-100x150.png\" width=\"100\" height=\"150\" class=\"grille-vignettes-border\" alt=\"\u00c9dition 18\" title=\"\u00c9dition 18\" rel=\"lightbox[2]\"><\/a><figcaption><a href=\"http:\/\/www.vuesdenface.com\/web\/edition\/edition-18\">\u00c9dition 18<\/a><\/figcaption><\/figure><\/div><div class=\"grille-vignettes-border\" width=\"100px\" height=\"150px\"><figure><a href=\"http:\/\/www.vuesdenface.com\/web\/edition\/edition-19\"><img loading=\"lazy\" decoding=\"async\" src=\"https:\/\/www.vuesdenface.com\/web\/wp-content\/vignettes-vdef\/2019\/02\/100x150\/Affiche-vues-den-face-19-100x150.jpg\" width=\"100\" height=\"150\" class=\"grille-vignettes-border\" alt=\"\u00c9dition 19\" title=\"\u00c9dition 19\" rel=\"lightbox[2]\"><\/a><figcaption><a href=\"http:\/\/www.vuesdenface.com\/web\/edition\/edition-19\">\u00c9dition 19<\/a><\/figcaption><\/figure><\/div><div class=\"grille-vignettes-border\" width=\"100px\" height=\"150px\"><figure><a href=\"http:\/\/www.vuesdenface.com\/web\/edition\/edition-20\"><img loading=\"lazy\" decoding=\"async\" src=\"https:\/\/www.vuesdenface.com\/web\/wp-content\/vignettes-vdef\/2020\/08\/100x150\/Affiche-FIFGLG-2020-09-FINALE-SANS-LOGO-scaled-100x150.jpg\" width=\"100\" height=\"150\" class=\"grille-vignettes-border\" alt=\"\u00c9dition 20\" title=\"\u00c9dition 20\" rel=\"lightbox[2]\"><\/a><figcaption><a href=\"http:\/\/www.vuesdenface.com\/web\/edition\/edition-20\">\u00c9dition 20<\/a><\/figcaption><\/figure><\/div><div class=\"grille-vignettes-border\" width=\"100px\" height=\"150px\"><figure><a href=\"http:\/\/www.vuesdenface.com\/web\/edition\/edition-21\"><img loading=\"lazy\" decoding=\"async\" src=\"https:\/\/www.vuesdenface.com\/web\/wp-content\/vignettes-vdef\/2021\/08\/100x150\/Affiche-VDEF-2021-A3-rose-scaled-100x150.jpg\" width=\"100\" height=\"150\" class=\"grille-vignettes-border\" alt=\"\u00c9dition 21\" title=\"\u00c9dition 21\" rel=\"lightbox[2]\"><\/a><figcaption><a href=\"http:\/\/www.vuesdenface.com\/web\/edition\/edition-21\">\u00c9dition 21<\/a><\/figcaption><\/figure><\/div><div class=\"grille-vignettes-border\" width=\"100px\" height=\"150px\"><figure><a href=\"http:\/\/www.vuesdenface.com\/web\/edition\/edition-22\/\"><img loading=\"lazy\" decoding=\"async\" src=\"https:\/\/www.vuesdenface.com\/web\/wp-content\/vignettes-vdef\/2022\/08\/100x150\/Affiche-2022-A-100x150.png\" width=\"100\" height=\"150\" class=\"grille-vignettes-border\" alt=\"\u00c9dition 22\" title=\"\u00c9dition 22\" rel=\"lightbox[2]\"><\/a><figcaption><a href=\"http:\/\/www.vuesdenface.com\/web\/edition\/edition-22\/\">\u00c9dition 22<\/a><\/figcaption><\/figure><\/div><div class=\"grille-vignettes-border\" width=\"100px\" height=\"150px\"><figure><a href=\"http:\/\/www.vuesdenface.com\/web\/edition\/edition-23\/\"><img loading=\"lazy\" decoding=\"async\" src=\"https:\/\/www.vuesdenface.com\/web\/wp-content\/vignettes-vdef\/2023\/08\/100x150\/Affiche-A3-sans-logo-2023-100x150.png\" width=\"100\" height=\"150\" class=\"grille-vignettes-border\" alt=\"\u00c9dition 23\" title=\"\u00c9dition 23\" rel=\"lightbox[2]\"><\/a><figcaption><a href=\"http:\/\/www.vuesdenface.com\/web\/edition\/edition-23\/\">\u00c9dition 23<\/a><\/figcaption><\/figure><\/div><div class=\"grille-vignettes-border\" width=\"100px\" height=\"150px\"><figure><a href=\"http:\/\/www.vuesdenface.com\/web\/edition\/edition-24\/\"><img loading=\"lazy\" decoding=\"async\" src=\"https:\/\/www.vuesdenface.com\/web\/wp-content\/vignettes-vdef\/2024\/05\/100x150\/Affiche-VDEF-2024-PRINT-100x150.png\" width=\"100\" height=\"150\" class=\"grille-vignettes-border\" alt=\"\u00c9dition 24\" title=\"\u00c9dition 24\" rel=\"lightbox[2]\"><\/a><figcaption><a href=\"http:\/\/www.vuesdenface.com\/web\/edition\/edition-24\/\">\u00c9dition 24<\/a><\/figcaption><\/figure><\/div><div class=\"grille-vignettes-border\" width=\"100px\" height=\"150px\"><figure><a href=\"http:\/\/www.vuesdenface.com\/web\/edition\/edition-25\/\"><img loading=\"lazy\" decoding=\"async\" src=\"https:\/\/www.vuesdenface.com\/web\/wp-content\/vignettes-vdef\/2025\/06\/100x150\/Affiche_VDEF_A3_2025-100x150.png\" width=\"100\" height=\"150\" class=\"grille-vignettes-border\" alt=\"\u00c9dition 25\" title=\"\u00c9dition 25\" rel=\"lightbox[2]\"><\/a><figcaption><a href=\"http:\/\/www.vuesdenface.com\/web\/edition\/edition-25\/\">\u00c9dition 25<\/a><\/figcaption><\/figure><\/div>\n","protected":false},"excerpt":{"rendered":"<p>Acc\u00e9dez ci-dessous \u00e0 toutes nos \u00e9ditions :<\/p>\n","protected":false},"author":1,"featured_media":0,"parent":0,"menu_order":0,"comment_status":"closed","ping_status":"closed","template":"","meta":{"footnotes":""},"class_list":["post-888","page","type-page","status-publish","hentry"],"_links":{"self":[{"href":"https:\/\/www.vuesdenface.com\/web\/wp-json\/wp\/v2\/pages\/888","targetHints":{"allow":["GET"]}}],"collection":[{"href":"https:\/\/www.vuesdenface.com\/web\/wp-json\/wp\/v2\/pages"}],"about":[{"href":"https:\/\/www.vuesdenface.com\/web\/wp-json\/wp\/v2\/types\/page"}],"author":[{"embeddable":true,"href":"https:\/\/www.vuesdenface.com\/web\/wp-json\/wp\/v2\/users\/1"}],"replies":[{"embeddable":true,"href":"https:\/\/www.vuesdenface.com\/web\/wp-json\/wp\/v2\/comments?post=888"}],"version-history":[{"count":2,"href":"https:\/\/www.vuesdenface.com\/web\/wp-json\/wp\/v2\/pages\/888\/revisions"}],"predecessor-version":[{"id":7904,"href":"https:\/\/www.vuesdenface.com\/web\/wp-json\/wp\/v2\/pages\/888\/revisions\/7904"}],"wp:attachment":[{"href":"https:\/\/www.vuesdenface.com\/web\/wp-json\/wp\/v2\/media?parent=888"}],"curies":[{"name":"wp","href":"https:\/\/api.w.org\/{rel}","templated":true}]}}