{"id":8939,"date":"2016-03-10T23:53:03","date_gmt":"2016-03-10T22:53:03","guid":{"rendered":"http:\/\/www.vuesdenface.com\/web\/?page_id=8939"},"modified":"2016-03-10T23:53:48","modified_gmt":"2016-03-10T22:53:48","slug":"remerciements","status":"publish","type":"page","link":"https:\/\/www.vuesdenface.com\/web\/edition\/edition-16\/remerciements\/","title":{"rendered":"Remerciements"},"content":{"rendered":"<p>Laurent Wauquiez, Pr\u00e9sident du Conseil R\u00e9gional Auvergne-Rh\u00f4ne-Alpes,<\/p>\n<p>Jean-Pierre Barbier, Pr\u00e9sident du Conseil D\u00e9partemental de l\u2019Is\u00e8re,<br \/>\nPatrick Curtaud, Vice-pr\u00e9sident charg\u00e9 de la Culture,<\/p>\n<p>\u00c9ric Piolle, Maire de la Ville de Grenoble,<br \/>\nCorinne Bernard, Adjointe aux Cultures,<br \/>\nEmmanuel Carroz, Adjoint \u00c9galit\u00e9 des droits &#8211; Vie associative,<br \/>\nLa Direction des Affaires Culturelles,<br \/>\nLe Service Communication,<\/p>\n<p>Christophe Ferrari, Pr\u00e9sident de Grenoble Alpes M\u00e9tropole (la M\u00e9tro),<\/p>\n<p>Patrick Ort\u00e9ga et tout le personnel du Cin\u00e9ma Le Club de Grenoble,<\/p>\n<p>Le personnel des Biblioth\u00e8ques Municipales de Grenoble,<\/p>\n<p>La Cin\u00e9math\u00e8que de Grenoble, Nicolas Tixier, Guillaume Poulet et toute l&rsquo;\u00e9quipe,<\/p>\n<p>Le Cin\u00e9-Club de Grenoble, Aur\u00e9lie Dos Santos et toute son \u00e9quipe,<\/p>\n<p>L&rsquo;Office du Tourisme de Grenoble, Yves Exbrayat, Elise Bureau,<\/p>\n<p>Grenoble Universit\u00e9, Bertrand Vignon et toute l\u2019\u00e9quipe d\u2019un Tramway Nomm\u00e9 Culture,<\/p>\n<p>l\u2019ESAD, Ecole Sup\u00e9rieure d\u2019Art et Design, Jacques Norigeon, Directeur de l&rsquo;ESAD, Inge Linger-Gaillard, Responsable des \u00e9tudes,<\/p>\n<p>Le Printemps du Livre, Carine D&rsquo;Inca,<\/p>\n<p>l&rsquo;Atelier du 8, J\u00e9rome Briaud, pour l&rsquo;accueil des expositions,<\/p>\n<p>Lo\u00efc le Phoque Fringuant pour l&rsquo;exposition \u00e0 l&rsquo;Atelier du 8,<\/p>\n<p>Le Drak-Art, Amine et les Grenoble Mixing Girls Club pour la soir\u00e9e de cl\u00f4ture,<\/p>\n<p>SUPCREA Grenoble, Sophie Colas, Gwena\u00eblle Abgrall-Ballain, les enseignants et les \u00e9tudiants Design Graphique 2 pour les projets d&rsquo;affiches et de logos,<\/p>\n<p>Les Cin\u00e9philes Anonymes, FA SOL LAtino, EVE, le CROUS de Grenoble pour les projections Queer Movies Move You #2 sur le campus,<\/p>\n<p>Marie Henrich, Christophe Dos Santos, Johan Sordelet, Lo\u00efg Garcia et Samson Pignot pour l&rsquo;exposition R\u00e9cidive \u00e0 Galerie Xavier Jouvin,<\/p>\n<p>Benoit Olivier et la Compagnie Cyrano pour la lecture En finir avec Eddy Bellegueule, et son auteur, Edouard Louis,<\/p>\n<p>Le Festival International du film lesbien et f\u00e9ministe de Paris, Cineffable,<\/p>\n<p>Festival Connexion, Thomas Bouillon,<\/p>\n<p>Les commer\u00e7ants et annonceurs, partenaires du Festival,<\/p>\n<p>Les invit\u00e9es et invit\u00e9s qui sont venus \u00e0 la rencontre du public de Vues d&rsquo;en face,<\/p>\n<p>Tous les r\u00e9alisateurs, producteurs, traducteurs, sous-titreurs, festivals et distributeurs sans qui rien n\u2019aurait \u00e9t\u00e9 possible.<\/p>\n","protected":false},"excerpt":{"rendered":"<p>Laurent Wauquiez, Pr\u00e9sident du Conseil R\u00e9gional Auvergne-Rh\u00f4ne-Alpes, Jean-Pierre Barbier, Pr\u00e9sident du Conseil D\u00e9partemental de l\u2019Is\u00e8re, Patrick Curtaud, Vice-pr\u00e9sident charg\u00e9 de la Culture, \u00c9ric Piolle, Maire de la Ville de Grenoble, Corinne Bernard, Adjointe aux Cultures, Emmanuel Carroz, Adjoint \u00c9galit\u00e9 des droits &#8211; Vie associative, La Direction des Affaires Culturelles, Le Service Communication, Christophe Ferrari, Pr\u00e9sident &hellip; <a class=\"readmore\" href=\"https:\/\/www.vuesdenface.com\/web\/edition\/edition-16\/remerciements\/\">Continuer la lecture &rarr;<\/a><\/p>\n","protected":false},"author":1,"featured_media":0,"parent":8934,"menu_order":100,"comment_status":"closed","ping_status":"closed","template":"","meta":{"footnotes":""},"class_list":["post-8939","page","type-page","status-publish","hentry"],"_links":{"self":[{"href":"https:\/\/www.vuesdenface.com\/web\/wp-json\/wp\/v2\/pages\/8939","targetHints":{"allow":["GET"]}}],"collection":[{"href":"https:\/\/www.vuesdenface.com\/web\/wp-json\/wp\/v2\/pages"}],"about":[{"href":"https:\/\/www.vuesdenface.com\/web\/wp-json\/wp\/v2\/types\/page"}],"author":[{"embeddable":true,"href":"https:\/\/www.vuesdenface.com\/web\/wp-json\/wp\/v2\/users\/1"}],"replies":[{"embeddable":true,"href":"https:\/\/www.vuesdenface.com\/web\/wp-json\/wp\/v2\/comments?post=8939"}],"version-history":[{"count":3,"href":"https:\/\/www.vuesdenface.com\/web\/wp-json\/wp\/v2\/pages\/8939\/revisions"}],"predecessor-version":[{"id":9409,"href":"https:\/\/www.vuesdenface.com\/web\/wp-json\/wp\/v2\/pages\/8939\/revisions\/9409"}],"up":[{"embeddable":true,"href":"https:\/\/www.vuesdenface.com\/web\/wp-json\/wp\/v2\/pages\/8934"}],"wp:attachment":[{"href":"https:\/\/www.vuesdenface.com\/web\/wp-json\/wp\/v2\/media?parent=8939"}],"curies":[{"name":"wp","href":"https:\/\/api.w.org\/{rel}","templated":true}]}}