{"id":8942,"date":"2016-03-08T19:38:32","date_gmt":"2016-03-08T18:38:32","guid":{"rendered":"http:\/\/www.vuesdenface.com\/web\/?page_id=8942"},"modified":"2017-03-04T14:55:59","modified_gmt":"2017-03-04T13:55:59","slug":"evenements-durant-le-festival","status":"publish","type":"page","link":"https:\/\/www.vuesdenface.com\/web\/edition\/edition-16\/evenements-durant-le-festival\/","title":{"rendered":"\u00c9v\u00e8nements Festival 2016"},"content":{"rendered":"<div class=\"gridBox-title\">mercredi 16 mars 2016<\/div><table class=\"extrait-film\"><tr><td width=\"100\"><a href=\"\"><div class=\"wrapp-affiche\"><div class=\"ribbon-wrapper-horaire-affiche\"><div class=\"ribbon-horaire-affiche\">20:00<\/div><\/div><\/a><div class=\"vignette-affiche-extrait\" width=\"100px\" height=\"150px\"><figure><a href=\"https:\/\/www.vuesdenface.com\/web\/fiche-event\/vernissage-exposition-recidive\/\"><img loading=\"lazy\" decoding=\"async\" src=\"https:\/\/www.vuesdenface.com\/web\/wp-content\/vignettes-vdef\/2016\/03\/100x150\/RECIDIVE-FLYER-100x150.png\" width=\"100\" height=\"150\" class=\"vignette-affiche-extrait\" alt=\"Vernissage Exposition R\u00c9CIDIVE\" title=\"Vernissage Exposition R\u00c9CIDIVE\" rel=\"\"><\/a><figcaption><a href=\"https:\/\/www.vuesdenface.com\/web\/fiche-event\/vernissage-exposition-recidive\/\"><\/a><\/figcaption><\/figure><\/div><\/div><\/td><td><span class=\"titre-film-h1\"><a rel=\"bookmark\" href=\"https:\/\/www.vuesdenface.com\/web\/fiche-event\/vernissage-exposition-recidive\/\">Vernissage Exposition R\u00c9CIDIVE<\/a><\/span><\/header><br><span> R\u00c9CIDIVE\u00a0 est une exposition n\u00e9e d&rsquo;une collaboration entre l&rsquo;\u00c9SAD \u2022Grenoble et Vues d&rsquo;en Face, qui se propose d&rsquo;explorer les th\u00e8mes LGBTQI : questionnements autour de la notion d&rsquo;identit\u00e9 sexuelle, de genre, r\u00e9appropriation des \u00ab codes corporels\u202f\u00bb.\nVid\u00e9os, ...<\/span><a class=\"readmore\" href=\"https:\/\/www.vuesdenface.com\/web\/fiche-event\/vernissage-exposition-recidive\/\">    Continuer la lecture \u2192<\/a><\/td><\/tr><\/table><div class=\"gridBox-title\">jeudi 17 mars 2016<\/div><table class=\"extrait-film\"><tr><td width=\"100\"><a href=\"\"><div class=\"wrapp-affiche\"><div class=\"ribbon-wrapper-horaire-affiche\"><div class=\"ribbon-horaire-affiche\">20:30<\/div><\/div><\/a><div class=\"vignette-affiche-extrait\" width=\"100px\" height=\"150px\"><figure><a href=\"https:\/\/www.vuesdenface.com\/web\/fiche-event\/en-finir-avec-eddy-bellegueule\/\"><img loading=\"lazy\" decoding=\"async\" src=\"https:\/\/www.vuesdenface.com\/web\/wp-content\/vignettes-vdef\/2016\/01\/100x150\/Eddy-Bellegeule-100x150.jpg\" width=\"100\" height=\"150\" class=\"vignette-affiche-extrait\" alt=\"En finir avec Eddy Bellegueule\" title=\"En finir avec Eddy Bellegueule\" rel=\"\"><\/a><figcaption><a href=\"https:\/\/www.vuesdenface.com\/web\/fiche-event\/en-finir-avec-eddy-bellegueule\/\"><\/a><\/figcaption><\/figure><\/div><\/div><\/td><td><span class=\"titre-film-h1\"><a rel=\"bookmark\" href=\"https:\/\/www.vuesdenface.com\/web\/fiche-event\/en-finir-avec-eddy-bellegueule\/\">En finir avec Eddy Bellegueule<\/a><\/span><br><span class=\"sous-titre-h4\">&nbsp;&nbsp;(Lecture th\u00e9\u00e2trale)<\/span><\/header><br><span> \u00ab\u00a0En v\u00e9rit\u00e9, l&rsquo;insurrection contre mes parents, contre la pauvret\u00e9, contre ma classe sociale, son racisme, sa violence, ses habitudes, n&rsquo;a \u00e9t\u00e9 que seconde. Car avant d e m&rsquo;insurger contre le monde de mon enfance, c&rsquo;est le monde de mon enfance qui s&rsquo;est insurg\u00e9 contre ...<\/span><a class=\"readmore\" href=\"https:\/\/www.vuesdenface.com\/web\/fiche-event\/en-finir-avec-eddy-bellegueule\/\">    Continuer la lecture \u2192<\/a><\/td><\/tr><\/table><div class=\"gridBox-title\">vendredi 1 avril 2016<\/div><table class=\"extrait-film\"><tr><td width=\"100\"><a href=\"\"><div class=\"wrapp-affiche\"><div class=\"ribbon-wrapper-horaire-affiche\"><div class=\"ribbon-horaire-affiche\">22:30<\/div><\/div><\/a><div class=\"vignette-affiche-extrait\" width=\"100px\" height=\"150px\"><figure><a href=\"https:\/\/www.vuesdenface.com\/web\/fiche-event\/exposition-projections-de-peintures\/\"><img loading=\"lazy\" decoding=\"async\" src=\"https:\/\/www.vuesdenface.com\/web\/wp-content\/vignettes-vdef\/2016\/03\/100x150\/Tribute-to-Gustav-100x150.jpg\" width=\"100\" height=\"150\" class=\"vignette-affiche-extrait\" alt=\"Exposition PROJECTIONS DE PEINTURES\" title=\"Exposition PROJECTIONS DE PEINTURES\" rel=\"\"><\/a><figcaption><a href=\"https:\/\/www.vuesdenface.com\/web\/fiche-event\/exposition-projections-de-peintures\/\"><\/a><\/figcaption><\/figure><\/div><\/div><\/td><td><span class=\"titre-film-h1\"><a rel=\"bookmark\" href=\"https:\/\/www.vuesdenface.com\/web\/fiche-event\/exposition-projections-de-peintures\/\">Exposition PROJECTIONS DE PEINTURES<\/a><\/span><br><span class=\"sous-titre-h4\">&nbsp;&nbsp;(du 1er au 10 avril 2016)<\/span><\/header><br><span> Projeter des films sur un \u00e9cran, projeter de la peinture sur une toile, c&rsquo;est aussi parfois se projeter dans l&rsquo;avenir.\nLo\u00efc Le Phoque Fringant est un artiste plasticien is\u00e9rois qui \u00e9voque la tendresse, l&rsquo;amour entre personnes de m\u00eame sexe.\nSe d\u00e9couvrir homosexuel, \u00e0 13 ans, en ...<\/span><a class=\"readmore\" href=\"https:\/\/www.vuesdenface.com\/web\/fiche-event\/exposition-projections-de-peintures\/\">    Continuer la lecture \u2192<\/a><\/td><\/tr><\/table><div class=\"gridBox-title\">dimanche 3 avril 2016<\/div><table class=\"extrait-film\"><tr><td width=\"100\"><a href=\"\"><div class=\"wrapp-affiche\"><div class=\"ribbon-wrapper-horaire-affiche\"><div class=\"ribbon-horaire-affiche\"> 9:30<\/div><\/div><\/a><div class=\"vignette-affiche-extrait\" width=\"100px\" height=\"150px\"><figure><a href=\"https:\/\/www.vuesdenface.com\/web\/fiche-event\/atelier-drag-king\/\"><img loading=\"lazy\" decoding=\"async\" src=\"https:\/\/www.vuesdenface.com\/web\/wp-content\/vignettes-vdef\/2016\/02\/100x150\/paroles-de-king-05-100x150.jpg\" width=\"100\" height=\"150\" class=\"vignette-affiche-extrait\" alt=\"Atelier Drag King\" title=\"Atelier Drag King\" rel=\"\"><\/a><figcaption><a href=\"https:\/\/www.vuesdenface.com\/web\/fiche-event\/atelier-drag-king\/\"><\/a><\/figcaption><\/figure><\/div><\/div><\/td><td><span class=\"titre-film-h1\"><a rel=\"bookmark\" href=\"https:\/\/www.vuesdenface.com\/web\/fiche-event\/atelier-drag-king\/\">Atelier Drag King<\/a><\/span><\/header><br><span> D\u00e9construire les st\u00e9r\u00e9otypes de la domination masculine en s\u2019amusant, en se troublant, en se laissant surprendre\u2026 Venez partager une discussion sur la pluralit\u00e9 et la fluidit\u00e9 des identit\u00e9s de genre tout en se mouvant dans celles des masculinit\u00e9s.\nA partir d\u2019\u00e9changes, de jeux, de recherches ...<\/span><a class=\"readmore\" href=\"https:\/\/www.vuesdenface.com\/web\/fiche-event\/atelier-drag-king\/\">    Continuer la lecture \u2192<\/a><\/td><\/tr><\/table><hr><table class=\"extrait-film\"><tr><td width=\"100\"><a href=\"\"><div class=\"wrapp-affiche\"><div class=\"ribbon-wrapper-horaire-affiche\"><div class=\"ribbon-horaire-affiche\">12:30<\/div><\/div><\/a><div class=\"vignette-affiche-extrait\" width=\"100px\" height=\"150px\"><figure><a href=\"https:\/\/www.vuesdenface.com\/web\/fiche-event\/apero-participatif\/\"><img loading=\"lazy\" decoding=\"async\" src=\"https:\/\/www.vuesdenface.com\/web\/wp-content\/vignettes-vdef\/2015\/11\/100x150\/Affiche-VDEF-2016-100x150.jpg\" width=\"100\" height=\"150\" class=\"vignette-affiche-extrait\" alt=\"Ap\u00e9ro participatif\" title=\"Ap\u00e9ro participatif\" rel=\"\"><\/a><figcaption><a href=\"https:\/\/www.vuesdenface.com\/web\/fiche-event\/apero-participatif\/\"><\/a><\/figcaption><\/figure><\/div><\/div><\/td><td><span class=\"titre-film-h1\"><a rel=\"bookmark\" href=\"https:\/\/www.vuesdenface.com\/web\/fiche-event\/apero-participatif\/\">Ap\u00e9ro participatif<\/a><\/span><\/header><br><span> Pour terminer la matin\u00e9e, l&rsquo;aterlier Drag-King sera suivi d&rsquo;un ap\u00e9ro participatif\u00a0 (ram\u00e8ne tes chips et ta bibine) \u00e0 la Salle 6 \u00e0 partir de 12h30.\nClip de l'\u00e9dition 16\n\nCatalogue de l'\u00e9dition 16\n\u00c9v\u00e8nements Festival 2016&nbsp;&nbsp;&nbsp;&nbsp;&nbsp;(pdf de 13,85 ...<\/span><a class=\"readmore\" href=\"https:\/\/www.vuesdenface.com\/web\/fiche-event\/apero-participatif\/\">    Continuer la lecture \u2192<\/a><\/td><\/tr><\/table><hr><table class=\"extrait-film\"><tr><td width=\"100\"><a href=\"\"><div class=\"wrapp-affiche\"><div class=\"ribbon-wrapper-horaire-affiche\"><div class=\"ribbon-horaire-affiche\">16:00<\/div><\/div><\/a><div class=\"vignette-affiche-extrait\" width=\"100px\" height=\"150px\"><figure><a href=\"https:\/\/www.vuesdenface.com\/web\/fiche-event\/litterature-et-cinema\/\"><img loading=\"lazy\" decoding=\"async\" src=\"https:\/\/www.vuesdenface.com\/web\/wp-content\/vignettes-vdef\/2016\/03\/100x150\/Corps-des-anges-100x150.jpg\" width=\"100\" height=\"150\" class=\"vignette-affiche-extrait\" alt=\"Litt\u00e9rature et Cin\u00e9ma\" title=\"Litt\u00e9rature et Cin\u00e9ma\" rel=\"\"><\/a><figcaption><a href=\"https:\/\/www.vuesdenface.com\/web\/fiche-event\/litterature-et-cinema\/\"><\/a><\/figcaption><\/figure><\/div><\/div><\/td><td><span class=\"titre-film-h1\"><a rel=\"bookmark\" href=\"https:\/\/www.vuesdenface.com\/web\/fiche-event\/litterature-et-cinema\/\">Litt\u00e9rature et Cin\u00e9ma<\/a><\/span><\/header><br><span> Mathieu Riboulet est l\u2019invit\u00e9 du Printemps du livre pour la parution de ses deux derniers ouvrages \u00ab Lisi\u00e8res du corps \u00bb et \u00ab Entre les deux il n\u2019y a rien \u00bb (Verdier 2015). L\u2019occasion d\u2019un partenariat avec Vues d\u2019en face autour de cet \u00e9crivain qui f\u00fbt d\u2019abord cin\u00e9aste et dont un des ouvrages \u00ab Le ...<\/span><a class=\"readmore\" href=\"https:\/\/www.vuesdenface.com\/web\/fiche-event\/litterature-et-cinema\/\">    Continuer la lecture \u2192<\/a><\/td><\/tr><\/table><div class=\"gridBox-title\">vendredi 8 avril 2016<\/div><table class=\"extrait-film\"><tr><td width=\"100\"><a href=\"\"><div class=\"wrapp-affiche\"><div class=\"ribbon-wrapper-horaire-affiche\"><div class=\"ribbon-horaire-affiche\">18:30<\/div><\/div><\/a><div class=\"vignette-affiche-extrait\" width=\"100px\" height=\"150px\"><figure><a href=\"https:\/\/www.vuesdenface.com\/web\/fiche-event\/farinelli-xxieme-sexe\/\"><img loading=\"lazy\" decoding=\"async\" src=\"https:\/\/www.vuesdenface.com\/web\/wp-content\/vignettes-vdef\/2016\/03\/100x150\/detoursdebabel2016-100x150.jpg\" width=\"100\" height=\"150\" class=\"vignette-affiche-extrait\" alt=\"Farinelli XXI\u00e8me Sexe\" title=\"Farinelli XXI\u00e8me Sexe\" rel=\"\"><\/a><figcaption><a href=\"https:\/\/www.vuesdenface.com\/web\/fiche-event\/farinelli-xxieme-sexe\/\"><\/a><\/figcaption><\/figure><\/div><\/div><\/td><td><span class=\"titre-film-h1\"><a rel=\"bookmark\" href=\"https:\/\/www.vuesdenface.com\/web\/fiche-event\/farinelli-xxieme-sexe\/\">Farinelli XXI\u00e8me Sexe<\/a><\/span><\/header><br><span> \u00ab Docu-fiction \u00bb baroque autour du castrat l\u00e9gendaire.\nFarinelli-XXIe-Sexe raconte comment Paul Emerson (1951-1978), dot\u00e9 d\u2019une voix aussi exceptionnelle qu\u2019inhabituelle (on parle aujourd\u2019hui d\u2019une voix de contre-t\u00e9nor), cherche \u00e0 imposer son univers musical dans le New-York artistique des ann\u00e9es ...<\/span><a class=\"readmore\" href=\"https:\/\/www.vuesdenface.com\/web\/fiche-event\/farinelli-xxieme-sexe\/\">    Continuer la lecture \u2192<\/a><\/td><\/tr><\/table><div class=\"gridBox-title\">samedi 9 avril 2016<\/div><table class=\"extrait-film\"><tr><td width=\"100\"><a href=\"\"><div class=\"wrapp-affiche\"><div class=\"ribbon-wrapper-horaire-affiche\"><div class=\"ribbon-horaire-affiche\">23:00<\/div><\/div><\/a><div class=\"vignette-affiche-extrait\" width=\"100px\" height=\"150px\"><figure><a href=\"https:\/\/www.vuesdenface.com\/web\/fiche-event\/soiree-de-cloture-2\/\"><img loading=\"lazy\" decoding=\"async\" src=\"https:\/\/www.vuesdenface.com\/web\/wp-content\/vignettes-vdef\/2016\/03\/100x150\/soiree-2016-100x150.png\" width=\"100\" height=\"150\" class=\"vignette-affiche-extrait\" alt=\"Soir\u00e9e de Cl\u00f4ture\" title=\"Soir\u00e9e de Cl\u00f4ture\" rel=\"\"><\/a><figcaption><a href=\"https:\/\/www.vuesdenface.com\/web\/fiche-event\/soiree-de-cloture-2\/\"><\/a><\/figcaption><\/figure><\/div><\/div><\/td><td><span class=\"titre-film-h1\"><a rel=\"bookmark\" href=\"https:\/\/www.vuesdenface.com\/web\/fiche-event\/soiree-de-cloture-2\/\">Soir\u00e9e de Cl\u00f4ture<\/a><\/span><\/header><br><span> Cette ann\u00e9e, Vues d&rsquo;en face donne carte blanche au \u00ab\u00a0Grenoble Mixing Girls Club\u00a0\u00bb pour mettre l&rsquo;ambiance lors de la soir\u00e9e de cl\u00f4ture du festival.\nRendez-vous au Drak-Art le samedi 6 avril \u00e0 partir de 23h et dansez jusqu&rsquo;\u00e0 6h.\nB\u00e9n\u00e9ficiez d&rsquo;un tarif r\u00e9duit sur pr\u00e9sentation ...<\/span><a class=\"readmore\" href=\"https:\/\/www.vuesdenface.com\/web\/fiche-event\/soiree-de-cloture-2\/\">    Continuer la lecture \u2192<\/a><\/td><\/tr><\/table><div class=\"gridBox-title\">dimanche 10 avril 2016<\/div><table class=\"extrait-film\"><tr><td width=\"100\"><a href=\"\"><div class=\"wrapp-affiche\"><div class=\"ribbon-wrapper-horaire-affiche\"><div class=\"ribbon-horaire-affiche\">16:00<\/div><\/div><\/a><div class=\"vignette-affiche-extrait\" width=\"100px\" height=\"150px\"><figure><a href=\"https:\/\/www.vuesdenface.com\/web\/fiche-event\/gay-tea-dance-2\/\"><img loading=\"lazy\" decoding=\"async\" src=\"https:\/\/www.vuesdenface.com\/web\/wp-content\/vignettes-vdef\/2016\/03\/100x150\/DSC8615-100x150.jpg\" width=\"100\" height=\"150\" class=\"vignette-affiche-extrait\" alt=\"Gay Tea Dance\" title=\"Gay Tea Dance\" rel=\"\"><\/a><figcaption><a href=\"https:\/\/www.vuesdenface.com\/web\/fiche-event\/gay-tea-dance-2\/\"><\/a><\/figcaption><\/figure><\/div><\/div><\/td><td><span class=\"titre-film-h1\"><a rel=\"bookmark\" href=\"https:\/\/www.vuesdenface.com\/web\/fiche-event\/gay-tea-dance-2\/\">Gay Tea Dance<\/a><\/span><\/header><br><span> Pour la seconde ann\u00e9e cons\u00e9cutive, Vues d&rsquo;en face, l&rsquo;Office de tourisme de Grenoble et la r\u00e9gie du t\u00e9l\u00e9ph\u00e9rique vous proposent un Gay Tea Dance \u00e0 la Bastille.\nApr\u00e8s la soir\u00e9e de cl\u00f4ture, rendez-vous sur le site sommital de la Bastille pour un Gay Tea Dance convivial avec Rhianna Foutre ...<\/span><a class=\"readmore\" href=\"https:\/\/www.vuesdenface.com\/web\/fiche-event\/gay-tea-dance-2\/\">    Continuer la lecture \u2192<\/a><\/td><\/tr><\/table>\n","protected":false},"excerpt":{"rendered":"","protected":false},"author":1,"featured_media":0,"parent":8934,"menu_order":2,"comment_status":"closed","ping_status":"closed","template":"","meta":{"footnotes":""},"class_list":["post-8942","page","type-page","status-publish","hentry"],"_links":{"self":[{"href":"https:\/\/www.vuesdenface.com\/web\/wp-json\/wp\/v2\/pages\/8942","targetHints":{"allow":["GET"]}}],"collection":[{"href":"https:\/\/www.vuesdenface.com\/web\/wp-json\/wp\/v2\/pages"}],"about":[{"href":"https:\/\/www.vuesdenface.com\/web\/wp-json\/wp\/v2\/types\/page"}],"author":[{"embeddable":true,"href":"https:\/\/www.vuesdenface.com\/web\/wp-json\/wp\/v2\/users\/1"}],"replies":[{"embeddable":true,"href":"https:\/\/www.vuesdenface.com\/web\/wp-json\/wp\/v2\/comments?post=8942"}],"version-history":[{"count":3,"href":"https:\/\/www.vuesdenface.com\/web\/wp-json\/wp\/v2\/pages\/8942\/revisions"}],"predecessor-version":[{"id":9963,"href":"https:\/\/www.vuesdenface.com\/web\/wp-json\/wp\/v2\/pages\/8942\/revisions\/9963"}],"up":[{"embeddable":true,"href":"https:\/\/www.vuesdenface.com\/web\/wp-json\/wp\/v2\/pages\/8934"}],"wp:attachment":[{"href":"https:\/\/www.vuesdenface.com\/web\/wp-json\/wp\/v2\/media?parent=8942"}],"curies":[{"name":"wp","href":"https:\/\/api.w.org\/{rel}","templated":true}]}}