{"id":9706,"date":"2016-10-14T17:25:30","date_gmt":"2016-10-14T16:25:30","guid":{"rendered":"http:\/\/www.vuesdenface.com\/web\/?page_id=9706"},"modified":"2025-05-22T09:51:18","modified_gmt":"2025-05-22T08:51:18","slug":"soutenez-le-festival-vues-den-face","status":"publish","type":"page","link":"https:\/\/www.vuesdenface.com\/web\/soutenez-le-festival-vues-den-face\/","title":{"rendered":"Soutenez le Festival Vues d&rsquo;en face !"},"content":{"rendered":"<div class=\"form-part\">\n<div class=\"onepage-tile custom-tile tablet-hidden\">\n<p>Nous avons l&rsquo;autorisation de vous remettre un re\u00e7u permettant de d\u00e9duire ce don de vos imp\u00f4ts, \u00e0 hauteur de 66% (un don de 100\u20ac ne vous coutera donc que 44\u20ac)<\/p>\n<p>Participez au financement de l&rsquo;Association <i>Vues d\u2019en face\u00a0<\/i>qui organise chaque ann\u00e9e le Festival International du film LGBTQIA+ de Grenoble.<\/p>\n<p>Vous aimez le Festival Vues d\u2019en face, vous attendez chaque \u00e9dition avec impatience, vous voulez vous engager \u00e0 nos c\u00f4t\u00e9s pour nous aider \u00e0 le faire vivre, alors lancez-vous !<\/p>\n<p>Votre soutien nous sera pr\u00e9cieux pour la consolidation et la p\u00e9rennit\u00e9 du festival, \u00e9v\u00e9nement\u00a0<strong>culturel<\/strong>\u00a0important dans la vie\u00a0<strong>LGBTQIA+<\/strong>\u00a0de Grenoble et de sa r\u00e9gion.<\/p>\n<p>En plus de vingt ans d\u2019existence, le Festival Vues d\u2019en face est devenu un lieu d\u2019\u00e9change et de convivialit\u00e9, un moment de visibilit\u00e9 et d\u2019engagement n\u00e9cessaire \u00e0 tous.te.s.<\/p>\n<p>Il est plus que jamais essentiel d\u2019en assurer la continuit\u00e9 au moment o\u00f9 certaines collectivit\u00e9s r\u00e9duisent leur soutien, voire se d\u00e9sengagent. Votre soutien nous est essentiel.<\/p>\n<p>Merci infiniment pour votre g\u00e9n\u00e9rosit\u00e9 et votre venues durant le festival !<\/p>\n<\/div>\n<\/div>\n<h2>A quoi serviront vos dons ?<\/h2>\n<p>Voici, \u00e0 titre indicatif, \u00e0 quoi serviront vos dons :<\/p>\n<ul>\n<li>20\u20ac : co\u00fbt de 2 minutes de traduction &amp; sous-titrage d\u2019un court m\u00e9trage<\/li>\n<li>50\u20ac : co\u00fbt des droits de diffusion d\u2019un court m\u00e9trage<\/li>\n<li>100\u20ac : co\u00fbt de 300 programmes papier du festival<\/li>\n<\/ul>\n<ul>\n<li style=\"list-style-type: none;\">\n<ul>\n<li>En ligne sur le site <a href=\"https:\/\/www.helloasso.com\/associations\/festival-vues-d-en-face\/formulaires\/1\">HelloAsso<\/a> (sans frais ni pour vous ni pour nous), site s\u00e9curis\u00e9 et solidaire dont vous trouverez le\u00a0 bouton ci-dessous :<\/li>\n<\/ul>\n<\/li>\n<\/ul>\n<p><a href=\"https:\/\/www.helloasso.com\/associations\/festival-vues-d-en-face\/formulaires\/1\/widget\"><img loading=\"lazy\" decoding=\"async\" class=\"aligncenter wp-image-9750\" src=\"http:\/\/www.vuesdenface.com\/web\/wp-content\/uploads\/2016\/10\/appel-don-bouton-1.png\" alt=\"Soutenez-nous\" width=\"226\" height=\"113\" srcset=\"https:\/\/www.vuesdenface.com\/web\/wp-content\/uploads\/2016\/10\/appel-don-bouton-1.png 300w, https:\/\/www.vuesdenface.com\/web\/wp-content\/uploads\/2016\/10\/appel-don-bouton-1-210x105.png 210w\" sizes=\"auto, (max-width: 226px) 100vw, 226px\" \/><\/a><\/p>\n<ul>\n<li>Par ch\u00e8que \u00e0 libeller \u00a0l&rsquo;ordre de FIFGLG et \u00e0 adresser \u00e0 :<br \/>\nAssociation Vues d&rsquo;en Face &#8211; 4, rue Hector Berlioz &#8211; 38000 Grenoble<\/li>\n<\/ul>\n<p>Toute l&rsquo;\u00e9quipe de Vues d&rsquo;en face vous remercie d&rsquo;avance pour votre soutien.<\/p>\n<p><img loading=\"lazy\" decoding=\"async\" class=\"aligncenter size-full wp-image-4667\" src=\"http:\/\/www.vuesdenface.com\/web\/wp-content\/uploads\/2013\/11\/Header-affiches-2012.png\" alt=\"Header Affiches\" width=\"976\" height=\"156\" srcset=\"https:\/\/www.vuesdenface.com\/web\/wp-content\/uploads\/2013\/11\/Header-affiches-2012.png 976w, https:\/\/www.vuesdenface.com\/web\/wp-content\/uploads\/2013\/11\/Header-affiches-2012-600x96.png 600w, https:\/\/www.vuesdenface.com\/web\/wp-content\/uploads\/2013\/11\/Header-affiches-2012-300x48.png 300w, https:\/\/www.vuesdenface.com\/web\/wp-content\/uploads\/2013\/11\/Header-affiches-2012-210x34.png 210w\" sizes=\"auto, (max-width: 976px) 100vw, 976px\" \/><\/p>\n","protected":false},"excerpt":{"rendered":"<p>Nous avons l&rsquo;autorisation de vous remettre un re\u00e7u permettant de d\u00e9duire ce don de vos imp\u00f4ts, \u00e0 hauteur de 66% (un don de 100\u20ac ne vous coutera donc que 44\u20ac) Participez au financement de l&rsquo;Association Vues d\u2019en face\u00a0qui organise chaque ann\u00e9e le Festival International du film LGBTQIA+ de Grenoble. Vous aimez le Festival Vues d\u2019en &hellip; <a class=\"readmore\" href=\"https:\/\/www.vuesdenface.com\/web\/soutenez-le-festival-vues-den-face\/\">Continuer la lecture &rarr;<\/a><\/p>\n","protected":false},"author":1,"featured_media":9763,"parent":0,"menu_order":0,"comment_status":"closed","ping_status":"closed","template":"","meta":{"footnotes":""},"class_list":["post-9706","page","type-page","status-publish","has-post-thumbnail","hentry"],"_links":{"self":[{"href":"https:\/\/www.vuesdenface.com\/web\/wp-json\/wp\/v2\/pages\/9706","targetHints":{"allow":["GET"]}}],"collection":[{"href":"https:\/\/www.vuesdenface.com\/web\/wp-json\/wp\/v2\/pages"}],"about":[{"href":"https:\/\/www.vuesdenface.com\/web\/wp-json\/wp\/v2\/types\/page"}],"author":[{"embeddable":true,"href":"https:\/\/www.vuesdenface.com\/web\/wp-json\/wp\/v2\/users\/1"}],"replies":[{"embeddable":true,"href":"https:\/\/www.vuesdenface.com\/web\/wp-json\/wp\/v2\/comments?post=9706"}],"version-history":[{"count":10,"href":"https:\/\/www.vuesdenface.com\/web\/wp-json\/wp\/v2\/pages\/9706\/revisions"}],"predecessor-version":[{"id":15857,"href":"https:\/\/www.vuesdenface.com\/web\/wp-json\/wp\/v2\/pages\/9706\/revisions\/15857"}],"wp:featuredmedia":[{"embeddable":true,"href":"https:\/\/www.vuesdenface.com\/web\/wp-json\/wp\/v2\/media\/9763"}],"wp:attachment":[{"href":"https:\/\/www.vuesdenface.com\/web\/wp-json\/wp\/v2\/media?parent=9706"}],"curies":[{"name":"wp","href":"https:\/\/api.w.org\/{rel}","templated":true}]}}